{"id":2323,"date":"2023-11-04T15:11:11","date_gmt":"2023-11-04T19:11:11","guid":{"rendered":"https:\/\/textingfactory.com\/?page_id=2323"},"modified":"2024-03-21T09:35:18","modified_gmt":"2024-03-21T13:35:18","slug":"integritetspolicy","status":"publish","type":"page","link":"https:\/\/textingfactory.com\/sv\/integritetspolicy\/","title":{"rendered":"Integritetspolicy"},"content":{"rendered":"\n<p>1. Introduktion<\/p>\n\n\n\n<p>1.1 Denna webbplats \u00e4gs och f\u00f6rvaltas av EnterTalkPro Ltd (\u201cf\u00f6retaget\u201d), med sitt registrerade kontor p\u00e5 8:e v\u00e5ningen, China Hong Kong Tower, 8-12 Hennessy Road, Wan Chai, Hong Kong, registrerat i Hong Kong Commercial Register, med f\u00f6retagsnummer 3264433.<\/p>\n\n\n\n<p>1.2 Att skydda dina personuppgifter och integritet \u00e4r en av v\u00e5ra h\u00f6gsta prioriteringar, och vi tar detta ansvar p\u00e5 st\u00f6rsta allvar. Denna integritetspolicy, tillsammans med v\u00e5r cookiepolicy, g\u00e4ller n\u00e4r vi agerar som personuppgiftsansvariga eller behandlare av de uppgifter och information som du tillhandah\u00e5ller oss n\u00e4r du anv\u00e4nder v\u00e5r webbplats eller tj\u00e4nster. Denna integritetspolicy kan kompletteras med ytterligare element som helt eller delvis specificeras f\u00f6r specifika tj\u00e4nster.<\/p>\n\n\n\n<p>1.3 Vi behandlar dina personuppgifter i enlighet med lagarna i din jurisdiktion, och f\u00f6r individer och organisationer fr\u00e5n Europeiska unionens (nedan kallade \u201cEU\u201d) medlemsstater och Europeiska ekonomiska samarbetsomr\u00e5det agerar vi i enlighet med EU:s allm\u00e4nna dataskyddsf\u00f6rordning (GDPR 2016\/679) (h\u00e4danefter \u201cGDPR\u201d).<\/p>\n\n\n\n<p>1.4 De personuppgifter som \u00e4r f\u00f6rem\u00e5l f\u00f6r behandling, som avses i punkt 1.3 ovan, ska ha den betydelse som ges i artikel 4.1 (Definitioner) i GDPR. Personuppgifter definieras som \u201call information som h\u00e4nf\u00f6r sig till en identifierad eller identifierbar fysisk person (\u2018den registrerade\u2019); en \u201cidentifierbar fysisk person\u201d \u00e4r en som kan identifieras, direkt eller indirekt, s\u00e4rskilt genom h\u00e4nvisning till en identifierare som t.ex. namn, ett identifikationsnummer, platsdata, en onlineidentifierare eller en eller flera faktorer som \u00e4r specifika f\u00f6r den fysiska personens fysiska, fysiologiska, genetiska, mentala, ekonomiska, kulturella eller sociala identitet.\u201d<\/p>\n\n\n\n<p>1.5 Om du beh\u00f6ver en kopia av denna policy i ett annat format eller om du har n\u00e5gra fr\u00e5gor eller funderingar, v\u00e4nligen kontakta oss genom att skicka ett e-postmeddelande till\u00a0management@entertalkpro.com, s\u00e5 hj\u00e4lper vi dig g\u00e4rna.<\/p>\n\n\n\n<p>2. Datainsamling och Personuppgiftsansvarig<\/p>\n\n\n\n<p>2.1 Denna integritetspolicy anger det s\u00e4tt p\u00e5 vilket f\u00f6retaget (nedan kallat \u201cPersonuppgiftsansvarig\u201d) kommer att hantera dina uppgifter, inklusive all personlig information om dig som samlas in fr\u00e5n din anv\u00e4ndning av v\u00e5ra tj\u00e4nster. Anv\u00e4ndning av v\u00e5ra tj\u00e4nster inkluderar, men \u00e4r inte begr\u00e4nsad till, konsultationer, k\u00f6p, f\u00f6rfr\u00e5gningar eller andra aktiviteter som kr\u00e4ver delning av information mellan dig och oss.<\/p>\n\n\n\n<p>2.2 N\u00e4r du bes\u00f6ker v\u00e5r webbplats eller anv\u00e4nder v\u00e5ra tj\u00e4nster kan vi samla in olika typer av personuppgifter fr\u00e5n dig, vilket kan inkludera:<\/p>\n\n\n\n<p>a) Personlig identifieringsdata: s\u00e5som ditt namn, e-postadress och andra kontaktuppgifter.<\/p>\n\n\n\n<p>b) Demografisk data: som din \u00e5lder, k\u00f6n och plats.<\/p>\n\n\n\n<p>c) Tekniska data: s\u00e5som din webbl\u00e4sares typ och version, enhetsinformation och andra tekniska detaljer om ditt bes\u00f6k p\u00e5 v\u00e5r webbplats.<\/p>\n\n\n\n<p>d) Anv\u00e4ndningsdata: s\u00e5som information om hur du anv\u00e4nder v\u00e5r webbplats och tj\u00e4nster, inklusive de sidor du bes\u00f6ker, tiden som spenderas p\u00e5 varje sida och andra anv\u00e4ndningsm\u00f6nster.<\/p>\n\n\n\n<p>e) Marknadsf\u00f6rings- och kommunikationspreferenser: s\u00e5som dina preferenser n\u00e4r det g\u00e4ller att ta emot marknadsf\u00f6ringsmaterial fr\u00e5n oss och dina kommunikationspreferenser.<\/p>\n\n\n\n<p>2.3 Vi samlar in dina personuppgifter p\u00e5 olika s\u00e4tt, inklusive:<\/p>\n\n\n\n<p>a) Direkt fr\u00e5n dig: n\u00e4r du l\u00e4mnar information till oss, till exempel n\u00e4r du registrerar dig f\u00f6r ett konto, fyller i formul\u00e4r eller kommunicerar med oss.<\/p>\n\n\n\n<p>b) Automatiskt: n\u00e4r du anv\u00e4nder v\u00e5r webbplats kan vi samla in teknisk information och anv\u00e4ndningsdata genom anv\u00e4ndning av cookies och annan liknande teknik. F\u00f6r mer information om v\u00e5r anv\u00e4ndning av cookies, se v\u00e5r Cookie Policy.<\/p>\n\n\n\n<p>c) Fr\u00e5n tredje part: vi kan ta emot personuppgifter om dig fr\u00e5n olika tredje parter, s\u00e5som sociala medieplattformar, marknadsf\u00f6ringspartners eller tj\u00e4nsteleverant\u00f6rer som hj\u00e4lper oss att driva v\u00e5r webbplats och v\u00e5ra tj\u00e4nster.<\/p>\n\n\n\n<p>3. Utl\u00e4mnande av dina personuppgifter<\/p>\n\n\n\n<p>3.1 Vi kan komma att dela dina personuppgifter med f\u00f6ljande kategorier av mottagare:<\/p>\n\n\n\n<p>a) Affiliates och dotterbolag: Vi kan komma att dela dina personuppgifter med v\u00e5ra affiliates och dotterbolag f\u00f6r interna administrativa \u00e4ndam\u00e5l, tillhandah\u00e5lla v\u00e5ra tj\u00e4nster och underh\u00e5lla och f\u00f6rb\u00e4ttra v\u00e5r webbplats.<\/p>\n\n\n\n<p>b) Tj\u00e4nsteleverant\u00f6rer: Vi kan komma att dela dina personuppgifter med tredjepartstj\u00e4nsteleverant\u00f6rer som hj\u00e4lper oss att driva v\u00e5r webbplats, tillhandah\u00e5lla v\u00e5ra tj\u00e4nster och bearbeta finansiella transaktioner, s\u00e5som v\u00e4rdleverant\u00f6rer, betalningsprocessorer, marknadsf\u00f6rings- och reklampartners och analysleverant\u00f6rer.<\/p>\n\n\n\n<p>c) Juridiska- och tillsynsmyndigheter: Vi kan komma att avsl\u00f6ja dina personuppgifter om det kr\u00e4vs enligt lag, som svar p\u00e5 en giltig juridisk beg\u00e4ran, eller om det \u00e4r n\u00f6dv\u00e4ndigt f\u00f6r att skydda v\u00e5ra r\u00e4ttigheter och intressen.<\/p>\n\n\n\n<p>d) F\u00f6retags\u00f6verl\u00e5telser: Vid h\u00e4ndelse av en f\u00f6retags\u00f6verl\u00e5telse, inklusive men ej begr\u00e4nsat till fusion, f\u00f6rv\u00e4rv eller f\u00f6rs\u00e4ljning av v\u00e5ra tillg\u00e5ngar, finns m\u00f6jlighet att dina personuppgifter \u00f6verf\u00f6rs till den nytilltr\u00e4dande \u00e4garen eller tredje part som en integrerad del av transaktionen.<\/p>\n\n\n\n<p>3.2 Avsl\u00f6jande av dina personuppgifter kommer endast att ske i den omfattning som \u00e4r absolut n\u00f6dv\u00e4ndig f\u00f6r att uppfylla \u00e4ndam\u00e5len som definieras i denna integritetspolicy. Vi garanterar att samtliga tredjepartsleverant\u00f6rer som vi samarbetar med har \u00e5tagit sig att skydda dina personuppgifter i strikt \u00f6verensst\u00e4mmelse med relevanta dataskyddslagar och enligt v\u00e5ra riktlinjer f\u00f6r integritetsskydd.<\/p>\n\n\n\n<p>3.3 Observera att \u00e4ven om vi vidtar omfattande \u00e5tg\u00e4rder genom l\u00e4mplig programvara och procedurer f\u00f6r att f\u00f6rhindra obeh\u00f6rig \u00e5tkomst till data, finns det en m\u00f6jlighet att all information du delar via v\u00e5r webbplats potentiellt kan vara tillg\u00e4nglig f\u00f6r andra internetanv\u00e4ndare p\u00e5 grund av illvilliga handlingar.<\/p>\n\n\n\n<p>3.4 Alla datadelningssamarbeten mellan oss och eventuella tredjepartsleverant\u00f6rer \u00e4r f\u00f6rem\u00e5l f\u00f6r ett datadelningsavtal med l\u00e4mpliga skydds\u00e5tg\u00e4rder som ing\u00e5r i v\u00e5rt avtalsf\u00f6rh\u00e5llande med dem.<\/p>\n\n\n\n<p>4. R\u00e4ttslig grund f\u00f6r insamling av personuppgifter<\/p>\n\n\n\n<p>4.1 Vi samlar in och behandlar dina personuppgifter baserat p\u00e5 en eller flera av f\u00f6ljande juridiska grunder:<\/p>\n\n\n\n<p>a) Samtycke: I vissa fall kan vi be om ditt samtycke f\u00f6r att behandla dina personuppgifter, till exempel n\u00e4r du prenumererar p\u00e5 v\u00e5rt nyhetsbrev eller samtycker till anv\u00e4ndningen av cookies. Du har r\u00e4tt att n\u00e4r som helst \u00e5terkalla ditt samtycke, men detta kommer inte att p\u00e5verka lagenligheten av behandlingen baserad p\u00e5 samtycke innan dess \u00e5terkallelse.<\/p>\n\n\n\n<p>b) Fullg\u00f6rande av ett avtal: Vi kan behandla dina personuppgifter n\u00e4r det \u00e4r n\u00f6dv\u00e4ndigt f\u00f6r att fullg\u00f6ra ett avtal som du \u00e4r part i eller f\u00f6r att vidta \u00e5tg\u00e4rder p\u00e5 din beg\u00e4ran innan ett avtal ing\u00e5s.<\/p>\n\n\n\n<p>c) Juridiska \u00e5taganden: Dina personuppgifter kan komma att bearbetas f\u00f6r att uppfylla v\u00e5ra r\u00e4ttsliga \u00e5taganden, s\u00e5som skatte- och bokf\u00f6ringsregler, eller f\u00f6r att svara p\u00e5 giltiga juridiska beg\u00e4randen fr\u00e5n myndigheter.<\/p>\n\n\n\n<p>d) Legitima intressen: Dina personuppgifter kan komma att behandlas n\u00e4r det \u00e4r p\u00e5kallat f\u00f6r v\u00e5ra eller tredje parters legitima intressen, under f\u00f6ruts\u00e4ttning att dina intressen och grundl\u00e4ggande r\u00e4ttigheter inte v\u00e4ger tyngre \u00e4n dessa intressen. Exempel p\u00e5 legitima intressen inkluderar att uppr\u00e4tth\u00e5lla och f\u00f6rb\u00e4ttra v\u00e5r webbplats, tillhandah\u00e5lla v\u00e5ra tj\u00e4nster samt genomf\u00f6ra marknadsf\u00f6rings\u00e5tg\u00e4rder.<\/p>\n\n\n\n<p>5. Typer av insamlade personuppgifter<\/p>\n\n\n\n<p>5.1 Vi samlar in olika typer av personuppgifter fr\u00e5n dig, beroende p\u00e5 din interaktion med v\u00e5r webbplats. De typer av personuppgifter vi samlar in kan vara:<\/p>\n\n\n\n<p>a) Kontaktinformation: s\u00e5som ditt namn, f\u00f6delsedatum och e-postadress.<\/p>\n\n\n\n<p>b) Anv\u00e4ndningsdata: s\u00e5som information om din anv\u00e4ndning av v\u00e5r webbplats och tj\u00e4nster, inklusive bes\u00f6kta sidor, tid som spenderas p\u00e5 sidor och andra anv\u00e4ndningsm\u00f6nster.<\/p>\n\n\n\n<p>c) Tekniska data: s\u00e5som webbl\u00e4sare och version, operativsystem och andra tekniska detaljer om ditt bes\u00f6k p\u00e5 v\u00e5r webbplats.<\/p>\n\n\n\n<p>5.2 Vi kan \u00e4ven inh\u00e4mta speciella kategorier av personuppgifter (ibland kallat k\u00e4nsliga personuppgifter), s\u00e5som information om din h\u00e4lsa eller andra k\u00e4nsliga detaljer. Detta kommer dock endast att ske med ditt klara och tydliga samtycke eller n\u00e4r det \u00e4r p\u00e5kallat och lagligt grundat. Vi kommer alltid att tydligt informera dig om det exakta \u00e4ndam\u00e5let och den r\u00e4ttsliga grund som motiverar insamlingen av denna typ av personuppgifter.<\/p>\n\n\n\n<p>6. Syfte med behandling och anv\u00e4ndning av dina personuppgifter<\/p>\n\n\n\n<p>6.1 Vi behandlar och anv\u00e4nder dina personuppgifter f\u00f6r olika \u00e4ndam\u00e5l, bland annat:<\/p>\n\n\n\n<p>a) Att erbjuda en adekvat niv\u00e5 av kundservice, vilket innefattar att besvara dina f\u00f6rfr\u00e5gningar och hantera eventuella problem som kan uppst\u00e5;<\/p>\n\n\n\n<p>b) F\u00f6r att garantera den \u00f6vergripande funktionen av v\u00e5ra tj\u00e4nster och webbplats, vilket inkluderar hantering, underh\u00e5ll och f\u00f6rb\u00e4ttring av v\u00e5ra tj\u00e4nster;<\/p>\n\n\n\n<p>c) F\u00f6r att s\u00e4kra och bibeh\u00e5lla v\u00e5r kundrelation med dig, samt f\u00f6r att kommunicera med dig n\u00e4r s\u00e5 \u00e4r l\u00e4mpligt;<\/p>\n\n\n\n<p>d) Att h\u00e5lla oss informerade om hur v\u00e5ra kunder anv\u00e4nder v\u00e5ra tj\u00e4nster och analysera denna information f\u00f6r att f\u00f6rb\u00e4ttra v\u00e5ra tj\u00e4nster;<\/p>\n\n\n\n<p>e) Att underh\u00e5lla och f\u00f6rb\u00e4ttra v\u00e5ra webbtj\u00e4nster genom att anv\u00e4nda analytiska verktyg;<\/p>\n\n\n\n<p>f) F\u00f6r att beh\u00e5lla och anv\u00e4nda den information du ger oss i samband med r\u00e4ttsliga f\u00f6rfaranden;<\/p>\n\n\n\n<p>g) Att informera v\u00e5ra kunder om framtida reklam- och marknadsf\u00f6ringskampanjer, att se till att endast relevant information skickas till dem;<\/p>\n\n\n\n<p>h) F\u00f6r att skydda s\u00e4kerheten och integriteten f\u00f6r v\u00e5r webbplats, tj\u00e4nster och anv\u00e4ndardata;<\/p>\n\n\n\n<p>i) F\u00f6r att behandla betalningar f\u00f6r v\u00e5ra tj\u00e4nster;<\/p>\n\n\n\n<p>j) F\u00f6r att motverka bedr\u00e4gerier eller olagliga aktiviteter riktade mot v\u00e5r webbplats.<\/p>\n\n\n\n<p>Observera att vi kan komma att behandla dina personuppgifter f\u00f6r mer \u00e4n ett \u00e4ndam\u00e5l om den r\u00e4ttsliga grunden f\u00f6r behandlingen \u00e4r olika f\u00f6r varje \u00e4ndam\u00e5l.<\/p>\n\n\n\n<p>7. Anv\u00e4ndande av personuppgifter<\/p>\n\n\n\n<p>7.1 Vi anv\u00e4nder dina personuppgifter f\u00f6r de \u00e4ndam\u00e5l som beskrivs i denna integritetspolicy och i enlighet med den r\u00e4ttsliga grunden f\u00f6r behandling som anges i avsnitt 4.<\/p>\n\n\n\n<p>7.2 Vi kommer endast att anv\u00e4nda dina personuppgifter f\u00f6r de \u00e4ndam\u00e5l f\u00f6r vilka vi samlade in dem, s\u00e5vida vi inte rimligen anser att vi beh\u00f6ver anv\u00e4nda dem av en annan anledning som \u00e4r f\u00f6renlig med det ursprungliga syftet. Om vi \u200b\u200bbeh\u00f6ver anv\u00e4nda dina personuppgifter f\u00f6r ett icke-relaterat \u00e4ndam\u00e5l kommer vi att meddela dig och f\u00f6rklara den r\u00e4ttsliga grunden som till\u00e5ter oss att g\u00f6ra det.<\/p>\n\n\n\n<p>7.3 Vi kan samla in eller anonymisera dina personuppgifter p\u00e5 ett s\u00e4tt som inte l\u00e4ngre m\u00f6jligg\u00f6r identifiering av dig, varvid de inte l\u00e4ngre anses vara personuppgifter enligt definitionen. Dessa aggregerade eller anonymiserade data kan anv\u00e4ndas f\u00f6r forskning, analys eller andra \u00e4ndam\u00e5l utan n\u00e5gra begr\u00e4nsningar.<\/p>\n\n\n\n<p>8. Dataskyddsr\u00e4ttigheter<\/p>\n\n\n\n<p>Enligt GDPR har du vissa r\u00e4ttigheter i f\u00f6rh\u00e5llande till dina personuppgifter. Ingenting i denna policy p\u00e5verkar dessa r\u00e4ttigheter. De registrerades r\u00e4ttigheter enligt artikel 13, punkt 2, i GDPR inkluderar f\u00f6ljande:<\/p>\n\n\n\n<p>\u25cf R\u00e4tten till tillg\u00e5ng till dina uppgifter: du har r\u00e4tt att beg\u00e4ra tillg\u00e5ng till en kopia av de uppgifter vi har om dig;<br>\u25cf R\u00e4tten till r\u00e4ttelse, vilket g\u00f6r att du kan beg\u00e4ra att vi korrigerar eller raderar dina uppgifter;<br>\u25cf R\u00e4tten att \u00e5terkalla samtycke, vilket inneb\u00e4r att ett tidigare beviljat samtycke \u00e5terkallas och d\u00e4rigenom ogiltigf\u00f6rklarar den juridiska grund som vi har f\u00f6r att behandla dina uppgifter;<br>\u25cf R\u00e4tten att begr\u00e4nsa anv\u00e4ndningen av dina uppgifter, inklusive r\u00e4tten att inv\u00e4nda mot behandlingen av dina uppgifter;<br>\u25cf R\u00e4tten till radering av dina uppgifter, allm\u00e4nt k\u00e4nd som \u201cr\u00e4tten att bli bortgl\u00f6md\u201d;<br>\u25cf R\u00e4tten att l\u00e4mna in ett klagom\u00e5l till den beh\u00f6riga nationella myndigheten i samband med hanteringen av dina uppgifter.<\/p>\n\n\n\n<p>De n\u00e4mnda r\u00e4ttigheterna \u00e4r f\u00f6rem\u00e5l f\u00f6r vissa begr\u00e4nsningar och undantag, som \u00e5terfinns h\u00e4r: https:\/\/edpb.europa.eu\/our-work-tools\/general-guidance\/guidelines-recommendations-best-practices_en<\/p>\n\n\n\n<p>9. Ut\u00f6va dina r\u00e4ttigheter<\/p>\n\n\n\n<p>F\u00f6r att ut\u00f6va n\u00e5gon av de r\u00e4ttigheter som anges i avsnitt 8, v\u00e4nligen skicka f\u00f6rst ett e-postmeddelande till oss p\u00e5&nbsp;management@entertalkpro.com. Detta g\u00f6r det m\u00f6jligt f\u00f6r oss att v\u00e4gleda dig genom processen. F\u00f6r att f\u00f6lja aktuell dataskyddslagstiftning beh\u00f6ver vi verifiera din identitet.<\/p>\n\n\n\n<p>10. Lagring och bevarande av data<\/p>\n\n\n\n<p>10.1 Dina personuppgifter lagras p\u00e5 s\u00e4kra servrar och vi till\u00e4mpar l\u00e4mpliga tekniska och organisatoriska \u00e5tg\u00e4rder f\u00f6r att skydda dina personuppgifter fr\u00e5n oavsiktlig eller otill\u00e5ten f\u00f6rlust, \u00e4ndring, avsl\u00f6jande eller obeh\u00f6rig \u00e5tkomst.<\/p>\n\n\n\n<p>10.2 Dina personuppgifter bevaras endast s\u00e5 l\u00e4nge som det \u00e4r n\u00f6dv\u00e4ndigt f\u00f6r att uppfylla de \u00e4ndam\u00e5l f\u00f6r vilka de insamlades, inklusive eventuell uppfyllande av lagstadgade, redovisningsm\u00e4ssiga eller rapporteringsm\u00e4ssiga krav. Lagringstiden kan variera beroende p\u00e5 typen av personuppgifter och de specifika omst\u00e4ndigheterna kring insamlingen.<\/p>\n\n\n\n<p>10.3 N\u00e4r dina personuppgifter inte l\u00e4ngre beh\u00f6vs f\u00f6r de \u00e4ndam\u00e5l f\u00f6r vilka de samlades in, kommer vi att radera eller anonymisera dem p\u00e5 ett s\u00e4kert s\u00e4tt. I vissa fall kan vi beh\u00e5lla aggregerade eller anonymiserade uppgifter f\u00f6r statistiska \u00e4ndam\u00e5l, f\u00f6rutsatt att s\u00e5dana uppgifter inte l\u00e4ngre kan anv\u00e4ndas f\u00f6r att identifiera dig.<\/p>\n\n\n\n<p>11. S\u00e4kerhets\u00e5tg\u00e4rder f\u00f6r dina personuppgifter<\/p>\n\n\n\n<p>11.1 Vi prioriterar s\u00e4kerheten f\u00f6r dina personuppgifter och genomf\u00f6r adekvata tekniska och organisatoriska \u00e5tg\u00e4rder f\u00f6r att skydda dem fr\u00e5n obeh\u00f6rig \u00e5tkomst, avsl\u00f6jande, \u00e4ndring eller skada. Dessa \u00e5tg\u00e4rder kan inkludera, men \u00e4r inte begr\u00e4nsade till:<\/p>\n\n\n\n<p>a. S\u00e4kra servrar och brandv\u00e4ggar;<br>b. Datakryptering;<br>c. Begr\u00e4nsad \u00e5tkomst till personuppgifter endast av beh\u00f6rig personal;<br>d. Regelbundna s\u00e4kerhetsrevisioner och s\u00e5rbarhetsbed\u00f6mningar;<br>e. Personalutbildning om dataskydd och integritet.<\/p>\n\n\n\n<p>11.2 Trots v\u00e5ra anstr\u00e4ngningar att skydda dina personuppgifter kan vi inte erbjuda absolut s\u00e4kerhet f\u00f6r de personuppgifter som \u00f6verf\u00f6rs \u00f6ver internet eller lagras p\u00e5 v\u00e5ra servrar. Alla \u00f6verf\u00f6ringar av personuppgifter sker p\u00e5 egen risk, och vi uppmuntrar dig att vidta l\u00e4mpliga \u00e5tg\u00e4rder f\u00f6r att s\u00e4kra dina personuppgifter n\u00e4r du anv\u00e4nder v\u00e5r webbplats eller v\u00e5ra tj\u00e4nster.<\/p>\n\n\n\n<p>12. Tredje parts webbplatser<\/p>\n\n\n\n<p>12.1 V\u00e5r webbplats kan inneh\u00e5lla l\u00e4nkar till tredje parts webbplatser eller tj\u00e4nster som inte \u00e4gs eller kontrolleras av oss. Vi \u00e4r inte ansvariga f\u00f6r inneh\u00e5llet, integritetspolicyn eller praxis p\u00e5 n\u00e5gon tredje parts webbplatser eller tj\u00e4nster, och du b\u00f6r granska dessa tredje parters integritetspolicy innan du l\u00e4mnar n\u00e5gra personuppgifter till dem.<\/p>\n\n\n\n<p>12.2 Denna integritetspolicy \u00e4r enbart till\u00e4mplig p\u00e5 v\u00e5r webbplats och v\u00e5ra tj\u00e4nster, och vi kan inte h\u00e5llas ansvariga f\u00f6r n\u00e5gra personuppgifter som du delar med eller som samlas in av tredje parter, \u00e4ven om du n\u00e5r dessa tredje parter via v\u00e5r webbplats. Vi uppmanar dig att granska integritetspolicyn f\u00f6r alla tredjepartswebbplatser eller tj\u00e4nster du bes\u00f6ker f\u00f6r att f\u00f6rs\u00e4kra dig om att dina personuppgifter behandlas med samma skyddsniv\u00e5 som n\u00e4r du anv\u00e4nder v\u00e5r webbplats eller v\u00e5ra tj\u00e4nster.<\/p>\n\n\n\n<p>13. \u00c4ndringar av denna integritetspolicy<\/p>\n\n\n\n<p>13.1 Denna integritetspolicy kan komma att uppdateras och justeras f\u00f6r att \u00e5terspegla f\u00f6r\u00e4ndringar i v\u00e5ra datahanteringsmetoder, de tj\u00e4nster vi tillhandah\u00e5ller eller till\u00e4mpliga juridiska krav. N\u00e4r \u00e4ndringar g\u00f6rs i integritetspolicyn kommer vi att informera dig genom att publicera en uppdaterad version p\u00e5 v\u00e5r webbplats samt eventuellt skicka ett e-postmeddelande eller annan form av avisering. Den uppdaterade integritetspolicyn tr\u00e4der i kraft fr\u00e5n och med det datum den publiceras p\u00e5 v\u00e5r webbplats.<\/p>\n\n\n\n<p>13.2 Vi uppmanar dig att regelbundet g\u00e5 igenom denna integritetspolicy f\u00f6r att h\u00e5lla dig informerad om v\u00e5r dataskyddspraxis och f\u00f6r att f\u00f6rs\u00e4kra dig om att du \u00e4r medveten om eventuella f\u00f6r\u00e4ndringar. Genom att forts\u00e4tta anv\u00e4nda v\u00e5r webbplats eller v\u00e5ra tj\u00e4nster efter att den uppdaterade integritetspolicyn har tr\u00e4tt i kraft, accepterar du de \u00e4ndringar som har gjorts.<\/p>\n\n\n\n<p>14. Kontaktinformation<\/p>\n\n\n\n<p>14.1 Om du har n\u00e5gra fr\u00e5gor, funderingar eller kommentarer om denna integritetspolicy, v\u00e5ra metoder f\u00f6r datahantering, eller dina r\u00e4ttigheter avseende dina personuppgifter, \u00e4r du v\u00e4lkommen att kontakta oss med hj\u00e4lp av f\u00f6ljande information:<\/p>\n\n\n\n<p>F\u00f6retagsnamn: EnterTalkPro Ltd<br>Address: 8th Floor, China Hong Kong Tower, 8-12 Hennessy Road, Wan Chai, Hong Kong<br>Email:&nbsp;management@entertalkpro.com<\/p>\n\n\n\n<p>14.2 Vi \u00e4r engagerade i att ta itu med dina fr\u00e5gor och l\u00f6sa eventuella bekymmer du kan ha g\u00e4llande hanteringen av dina personuppgifter. Om du anser att vi inte har hanterat dina \u00e4renden p\u00e5 ett tillfredsst\u00e4llande s\u00e4tt, har du r\u00e4tt att l\u00e4mna in ett klagom\u00e5l till den relevanta dataskyddsmyndigheten i din jurisdiktion.<\/p>\n","protected":false},"excerpt":{"rendered":"<p>1. Introduktion 1.1 Denna webbplats \u00e4gs och f\u00f6rvaltas av EnterTalkPro Ltd (\u201cf\u00f6retaget\u201d), med sitt registrerade kontor p\u00e5 8:e v\u00e5ningen, China Hong Kong Tower, 8-12 Hennessy Road, Wan Chai, Hong Kong, registrerat i Hong Kong Commercial Register, med f\u00f6retagsnummer 3264433. 1.2 Att skydda dina personuppgifter och integritet \u00e4r en av v\u00e5ra h\u00f6gsta prioriteringar, och vi tar &#8230; <a title=\"Integritetspolicy\" class=\"read-more\" href=\"https:\/\/textingfactory.com\/sv\/integritetspolicy\/\" aria-label=\"L\u00e4s mer om Integritetspolicy\">L\u00e4s mer \u2192<\/a><\/p>\n","protected":false},"author":4,"featured_media":0,"parent":0,"menu_order":0,"comment_status":"closed","ping_status":"open","template":"","meta":{"_pvb_checkbox_block_on_post":false,"footnotes":""},"class_list":{"0":"post-2323","1":"page","2":"type-page","3":"status-publish","5":"infinite-scroll-item"},"_links":{"self":[{"href":"https:\/\/textingfactory.com\/sv\/wp-json\/wp\/v2\/pages\/2323","targetHints":{"allow":["GET"]}}],"collection":[{"href":"https:\/\/textingfactory.com\/sv\/wp-json\/wp\/v2\/pages"}],"about":[{"href":"https:\/\/textingfactory.com\/sv\/wp-json\/wp\/v2\/types\/page"}],"author":[{"embeddable":true,"href":"https:\/\/textingfactory.com\/sv\/wp-json\/wp\/v2\/users\/4"}],"replies":[{"embeddable":true,"href":"https:\/\/textingfactory.com\/sv\/wp-json\/wp\/v2\/comments?post=2323"}],"version-history":[{"count":1,"href":"https:\/\/textingfactory.com\/sv\/wp-json\/wp\/v2\/pages\/2323\/revisions"}],"predecessor-version":[{"id":2324,"href":"https:\/\/textingfactory.com\/sv\/wp-json\/wp\/v2\/pages\/2323\/revisions\/2324"}],"wp:attachment":[{"href":"https:\/\/textingfactory.com\/sv\/wp-json\/wp\/v2\/media?parent=2323"}],"curies":[{"name":"wp","href":"https:\/\/api.w.org\/{rel}","templated":true}]}}