{"id":2321,"date":"2023-11-07T14:41:32","date_gmt":"2023-11-07T19:41:32","guid":{"rendered":"https:\/\/textingfactory.com\/?page_id=2321"},"modified":"2024-03-21T09:31:55","modified_gmt":"2024-03-21T13:31:55","slug":"information-om-foretaget","status":"publish","type":"page","link":"https:\/\/textingfactory.com\/sv\/information-om-foretaget\/","title":{"rendered":"Information om f\u00f6retaget"},"content":{"rendered":"\n<p>Textingfactory.com \u00e4r en produkt av EnterTalkPro Ltd<\/p>\n\n\n\n<p>Registrerat i Hongkongs handelsregister, med f\u00f6retagsidentifieringsnummer 3264433<\/p>\n\n\n\n<p>8:e v\u00e5ningen, China Hong Kong Tower<br>8-12 Hennessy Road<br>Wan Chai, Hongkong<\/p>\n","protected":false},"excerpt":{"rendered":"<p>Textingfactory.com \u00e4r en produkt av EnterTalkPro Ltd Registrerat i Hongkongs handelsregister, med f\u00f6retagsidentifieringsnummer 3264433 8:e v\u00e5ningen, China Hong Kong Tower8-12 Hennessy RoadWan Chai, Hongkong<\/p>\n","protected":false},"author":4,"featured_media":0,"parent":0,"menu_order":0,"comment_status":"closed","ping_status":"closed","template":"","meta":{"_pvb_checkbox_block_on_post":false,"footnotes":""},"class_list":{"0":"post-2321","1":"page","2":"type-page","3":"status-publish","5":"infinite-scroll-item"},"_links":{"self":[{"href":"https:\/\/textingfactory.com\/sv\/wp-json\/wp\/v2\/pages\/2321","targetHints":{"allow":["GET"]}}],"collection":[{"href":"https:\/\/textingfactory.com\/sv\/wp-json\/wp\/v2\/pages"}],"about":[{"href":"https:\/\/textingfactory.com\/sv\/wp-json\/wp\/v2\/types\/page"}],"author":[{"embeddable":true,"href":"https:\/\/textingfactory.com\/sv\/wp-json\/wp\/v2\/users\/4"}],"replies":[{"embeddable":true,"href":"https:\/\/textingfactory.com\/sv\/wp-json\/wp\/v2\/comments?post=2321"}],"version-history":[{"count":1,"href":"https:\/\/textingfactory.com\/sv\/wp-json\/wp\/v2\/pages\/2321\/revisions"}],"predecessor-version":[{"id":2322,"href":"https:\/\/textingfactory.com\/sv\/wp-json\/wp\/v2\/pages\/2321\/revisions\/2322"}],"wp:attachment":[{"href":"https:\/\/textingfactory.com\/sv\/wp-json\/wp\/v2\/media?parent=2321"}],"curies":[{"name":"wp","href":"https:\/\/api.w.org\/{rel}","templated":true}]}}