{"id":2319,"date":"2021-11-18T21:49:33","date_gmt":"2021-11-19T02:49:33","guid":{"rendered":"https:\/\/textingfactory.com\/?page_id=2319"},"modified":"2024-03-21T11:08:30","modified_gmt":"2024-03-21T15:08:30","slug":"faq","status":"publish","type":"page","link":"https:\/\/textingfactory.com\/sv\/faq\/","title":{"rendered":"FAQ"},"content":{"rendered":"<section class=\"gb-container gb-container-e50fa2a2\">\n\n<p class=\"gb-headline gb-headline-56fd3281 gb-headline-text\">Svar p\u00e5 alla dina fr\u00e5gor<\/p>\n\n\n\n<h2 class=\"gb-headline gb-headline-546ccb39 gb-headline-text\">Vanliga <mark class=\"gb-highlight\">fr\u00e5gor<\/mark><\/h2>\n\n<\/section>\n\n<section class=\"gb-container gb-container-756dddac faq\">\n<div class=\"gb-container gb-container-acf4b13b\">\n<div class=\"gb-container gb-container-c90f3ea0\">\n<div id=\"rank-math-faq\" class=\"rank-math-block\">\n<div class=\"rank-math-list \">\n<div id=\"faq-question-1688548267071\" class=\"rank-math-list-item\">\n<h6 class=\"rank-math-question \">Vad beh\u00f6ver jag f\u00f6r att komma ig\u00e5ng?<\/h6>\n<div class=\"rank-math-answer \">\n\n<p>Du beh\u00f6ver en internetanslutning och en dator &#8211; sedan ger vi dig utbildning. Efter det \u00e4r du en godk\u00e4nd chattoperat\u00f6r som kan arbeta fr\u00e5n en mobiltelefon, surfplatta eller dator. Valet \u00e4r ditt.<\/p>\n\n<\/div>\n<\/div>\n<div id=\"faq-question-1688548369887\" class=\"rank-math-list-item\">\n<h6 class=\"rank-math-question \">Vilken typ av anst\u00e4llning kommer jag att ha, och f\u00e5r jag n\u00e5got kontrakt?<\/h6>\n<div class=\"rank-math-answer \">\n\n<p>Du kommer att anst\u00e4llas som frilansare och m\u00e5ste underteckna v\u00e5rt frilansavtal (NDA).<\/p>\n\n<\/div>\n<\/div>\n<div id=\"faq-question-1688548382440\" class=\"rank-math-list-item\">\n<h6 class=\"rank-math-question \">Binder jag mig till en specifik arbetsperiod n\u00e4r jag arbetar med er?<\/h6>\n<div class=\"rank-math-answer \">\n\n<p>Nej. Som frilansare kan du avsluta jobbet n\u00e4r du vill.<\/p>\n\n<\/div>\n<\/div>\n<div id=\"faq-question-1688548390273\" class=\"rank-math-list-item\">\n<h6 class=\"rank-math-question \">M\u00e5ste jag betala n\u00e5gra avgifter innan jag blir anlitad?<\/h6>\n<div class=\"rank-math-answer \">\n\n<p>Nej, absolut inte. Vi kommer aldrig att ta ut n\u00e5gra f\u00f6rskottsavgifter f\u00f6r att g\u00e5 med i v\u00e5rt team.<\/p>\n\n<\/div>\n<\/div>\n<div id=\"faq-question-1688548429659\" class=\"rank-math-list-item\">\n<h6 class=\"rank-math-question \">Hur snabbt kan jag b\u00f6rja arbeta?<\/h6>\n<div class=\"rank-math-answer \">\n\n<p>Hela processen fr\u00e5n registrering till arbete sker vanligtvis inom 3 dagar.<\/p>\n\n<\/div>\n<\/div>\n<div id=\"faq-question-1688548438875\" class=\"rank-math-list-item\">\n<h6 class=\"rank-math-question \">Spelar det n\u00e5gon roll vilket k\u00f6n jag har?<\/h6>\n<div class=\"rank-math-answer \">\n\n<p>K\u00f6n spelar ingen roll alls och vi v\u00e4lkomnar alla. Det viktiga \u00e4r att du \u00e4r \u00f6ver 18 \u00e5r och redo att arbeta och ha kul.<\/p>\n\n<\/div>\n<\/div>\n<\/div>\n<\/div>\n<\/div>\n\n<div class=\"gb-container gb-container-a05c08fa\">\n<div id=\"rank-math-faq\" class=\"rank-math-block\">\n<div class=\"rank-math-list \">\n<div id=\"faq-question-1688548458046\" class=\"rank-math-list-item\">\n<h6 class=\"rank-math-question \">Kan jag vara anonym n\u00e4r jag arbetar f\u00f6r er?<\/h6>\n<div class=\"rank-math-answer \">\n\n<p>Ja, alltid! Du kommer att logga in p\u00e5 v\u00e5r plattform med ett unikt anv\u00e4ndarnamn och l\u00f6senord, och du kommer att svara p\u00e5 meddelanden p\u00e5 v\u00e5r plattform anonymt och s\u00e4kert. Din verkliga identitet och dina personuppgifter kommer aldrig att avsl\u00f6jas f\u00f6r n\u00e5gon och du kommer garanterat att vara anonym n\u00e4r du arbetar f\u00f6r oss.<\/p>\n\n<\/div>\n<\/div>\n<div id=\"faq-question-1688548482061\" class=\"rank-math-list-item\">\n<h6 class=\"rank-math-question \">Kan jag bli igenk\u00e4nd p\u00e5 den plattform jag arbetar fr\u00e5n?<\/h6>\n<div class=\"rank-math-answer \">\n\n<p>Nej, du \u00e4r helt garanterad att vara anonym n\u00e4r du arbetar f\u00f6r oss. Du driver helt enkelt chatten med enbart textmeddelanden.<\/p>\n\n<\/div>\n<\/div>\n<div id=\"faq-question-1688548511295\" class=\"rank-math-list-item\">\n<h6 class=\"rank-math-question \">Varf\u00f6r m\u00e5ste ni kontrollera mitt ID?<\/h6>\n<div class=\"rank-math-answer \">\n\n<p>Vi m\u00e5ste bekr\u00e4fta din identitet, se till att du \u00e4r \u00f6ver 18 \u00e5r och se till att vi betalar r\u00e4tt person.<\/p>\n\n<\/div>\n<\/div>\n<div id=\"faq-question-1688548526213\" class=\"rank-math-list-item\">\n<h6 class=\"rank-math-question \">Vem kommer att kontrollera mitt ID?<\/h6>\n<div class=\"rank-math-answer \">\n\n<p>F\u00f6r att verifiera identiteter har vi samarbetat med Evalid. De kommer att bed\u00f6ma ditt ID och meddela oss om allt \u00e4r i sin ordning.<\/p>\n\n<\/div>\n<\/div>\n<div id=\"faq-question-1688548528315\" class=\"rank-math-list-item\">\n<h6 class=\"rank-math-question \">N\u00e4r och hur f\u00e5r jag betalt?<\/h6>\n<div class=\"rank-math-answer \">\n\n<p>Du f\u00e5r betalt varje vecka och du kan d\u00e4rf\u00f6r som chattoperat\u00f6r tj\u00e4na pengar fr\u00e5n vecka till vecka. Vi har ett l\u00f6fte &#8211; vi betalar alltid i tid!<\/p>\n\n<\/div>\n<\/div>\n<div id=\"faq-question-1688548529358\" class=\"rank-math-list-item\">\n<h6 class=\"rank-math-question \">Hur mycket kan jag f\u00f6rv\u00e4nta mig att tj\u00e4na?<\/h6>\n<div class=\"rank-math-answer \">\n\n<p>Hur mycket pengar du tj\u00e4nar beror p\u00e5 hur mycket arbete du l\u00e4gger ner. Du f\u00e5r betalt per meddelande du skickar. Vissa chattoperat\u00f6rer har en mycket bra l\u00f6n, medan andra bara vill ha lite extra pengar att r\u00f6ra sig med.<\/p>\n\n<\/div>\n<\/div>\n<div id=\"faq-question-1688548530162\" class=\"rank-math-list-item\">\n<h6 class=\"rank-math-question \">Kan jag leva ett normalt liv p\u00e5 det h\u00e4r jobbet?<\/h6>\n<div class=\"rank-math-answer \">\n\n<p>Ja, det finns m\u00e4nniskor som har detta som sitt heltidsjobb, s\u00e5 det \u00e4r definitivt m\u00f6jligt. De flesta av v\u00e5ra chattoperat\u00f6rer v\u00e4ljer att g\u00f6ra det h\u00e4r jobbet p\u00e5 deltid, vid sidan av ett annat jobb.<\/p>\n\n<\/div>\n<\/div>\n<\/div>\n<\/div>\n<\/div>\n<\/div>\n<\/section>","protected":false},"excerpt":{"rendered":"","protected":false},"author":4,"featured_media":0,"parent":0,"menu_order":0,"comment_status":"closed","ping_status":"closed","template":"","meta":{"_pvb_checkbox_block_on_post":false,"footnotes":""},"class_list":{"0":"post-2319","1":"page","2":"type-page","3":"status-publish","5":"infinite-scroll-item"},"_links":{"self":[{"href":"https:\/\/textingfactory.com\/sv\/wp-json\/wp\/v2\/pages\/2319","targetHints":{"allow":["GET"]}}],"collection":[{"href":"https:\/\/textingfactory.com\/sv\/wp-json\/wp\/v2\/pages"}],"about":[{"href":"https:\/\/textingfactory.com\/sv\/wp-json\/wp\/v2\/types\/page"}],"author":[{"embeddable":true,"href":"https:\/\/textingfactory.com\/sv\/wp-json\/wp\/v2\/users\/4"}],"replies":[{"embeddable":true,"href":"https:\/\/textingfactory.com\/sv\/wp-json\/wp\/v2\/comments?post=2319"}],"version-history":[{"count":2,"href":"https:\/\/textingfactory.com\/sv\/wp-json\/wp\/v2\/pages\/2319\/revisions"}],"predecessor-version":[{"id":2352,"href":"https:\/\/textingfactory.com\/sv\/wp-json\/wp\/v2\/pages\/2319\/revisions\/2352"}],"wp:attachment":[{"href":"https:\/\/textingfactory.com\/sv\/wp-json\/wp\/v2\/media?parent=2319"}],"curies":[{"name":"wp","href":"https:\/\/api.w.org\/{rel}","templated":true}]}}