{"id":2168,"date":"2021-11-18T21:49:33","date_gmt":"2021-11-19T02:49:33","guid":{"rendered":"https:\/\/textingfactory.com\/?page_id=2168"},"modified":"2024-03-06T08:11:21","modified_gmt":"2024-03-06T13:11:21","slug":"faq","status":"publish","type":"page","link":"https:\/\/textingfactory.com\/sk\/faq\/","title":{"rendered":"FAQ"},"content":{"rendered":"<section class=\"gb-container gb-container-e50fa2a2\">\n\n<p class=\"gb-headline gb-headline-56fd3281 gb-headline-text\">Odpovede na v\u0161etky va\u0161e ot\u00e1zky<\/p>\n\n\n\n<h2 class=\"gb-headline gb-headline-546ccb39 gb-headline-text\">\u010dasto <mark class=\"gb-highlight\">kladen\u00e9<\/mark> ot\u00e1zky<\/h2>\n\n<\/section>\n\n<section class=\"gb-container gb-container-756dddac faq\">\n<div class=\"gb-container gb-container-acf4b13b\">\n<div class=\"gb-container gb-container-c90f3ea0\">\n<div id=\"rank-math-faq\" class=\"rank-math-block\">\n<div class=\"rank-math-list \">\n<div id=\"faq-question-1688548267071\" class=\"rank-math-list-item\">\n<h6 class=\"rank-math-question \">\u010co potrebujem, aby som mohol za\u010da\u0165?<\/h6>\n<div class=\"rank-math-answer \">\n\n<p>Potrebujete pripojenie na internet a PC &#8211; potom V\u00e1m zabezpe\u010d\u00edme \u0161kolenie. Po \u00faspe\u0161nom ukon\u010den\u00ed tr\u00e9ningu m\u00f4\u017eete pracova\u0165 z mobiln\u00e9ho telef\u00f3nu, tabletu alebo PC, \u010di laptopu. V\u00fdber je na V\u00e1s.\u00a0<\/p>\n\n<\/div>\n<\/div>\n<div id=\"faq-question-1688548369887\" class=\"rank-math-list-item\">\n<h6 class=\"rank-math-question \">Ak\u00fd druh zamestnania budem vykon\u00e1va\u0165 a dostanem nejak\u00fa zmluvu?<\/h6>\n<div class=\"rank-math-answer \">\n\n<p>Budete zamestnan\u00fd ako nez\u00e1visl\u00fd pracovn\u00edk a budete musie\u0165 podp\u00edsa\u0165 na\u0161u Zmluvu na vo\u013enej nohe (NDA).<\/p>\n\n<\/div>\n<\/div>\n<div id=\"faq-question-1688548382440\" class=\"rank-math-list-item\">\n<h6 class=\"rank-math-question \">Zav\u00e4zujem sa pri spolupr\u00e1ci s vami na konkr\u00e9tne pracovn\u00e9 obdobie?<\/h6>\n<div class=\"rank-math-answer \">\n\n<p>Nie. Ako nez\u00e1visl\u00fd pracovn\u00edk m\u00f4\u017eete ukon\u010di\u0165 pr\u00e1cu, kedyko\u013evek budete chcie\u0165.<\/p>\n\n<\/div>\n<\/div>\n<div id=\"faq-question-1688548390273\" class=\"rank-math-list-item\">\n<h6 class=\"rank-math-question \">Mus\u00edm pred prijat\u00edm do zamestnania zaplati\u0165 nejak\u00e9 poplatky?<\/h6>\n<div class=\"rank-math-answer \">\n\n<p>Nie, v\u00f4bec nie. Za vstup do n\u00e1\u0161ho t\u00edmu si nikdy nebudeme \u00fa\u010dtova\u0165 \u017eiadne poplatky vopred.<\/p>\n\n<\/div>\n<\/div>\n<div id=\"faq-question-1688548429659\" class=\"rank-math-list-item\">\n<h6 class=\"rank-math-question \">Ako r\u00fdchlo m\u00f4\u017eem za\u010da\u0165 pracova\u0165?<\/h6>\n<div class=\"rank-math-answer \">\n\n<p>Cel\u00fd proces od registr\u00e1cie a\u017e po za\u010datie pr\u00e1ce zvy\u010dajne trv\u00e1 pribli\u017ene 3 dni.<\/p>\n\n<\/div>\n<\/div>\n<div id=\"faq-question-1688548438875\" class=\"rank-math-list-item\">\n<h6 class=\"rank-math-question \">Z\u00e1le\u017e\u00ed na mojom pohlav\u00ed?<\/h6>\n<div class=\"rank-math-answer \">\n\n<p>Na pohlav\u00ed v\u00f4bec nez\u00e1le\u017e\u00ed a my v\u00edtame ka\u017ed\u00e9ho. D\u00f4le\u017eit\u00e9 je, \u017ee m\u00e1te viac ako 18 rokov a ste pripraven\u00fd\/\u00e1 pracova\u0165 a bavi\u0165 sa.\u00a0<\/p>\n\n<\/div>\n<\/div>\n<\/div>\n<\/div>\n<\/div>\n\n<div class=\"gb-container gb-container-a05c08fa\">\n<div id=\"rank-math-faq\" class=\"rank-math-block\">\n<div class=\"rank-math-list \">\n<div id=\"faq-question-1688548458046\" class=\"rank-math-list-item\">\n<h6 class=\"rank-math-question \">Zostanem po\u010das pr\u00e1ce s vami v anonymite?<\/h6>\n<div class=\"rank-math-answer \">\n\n<p>\u00c1no, samozrejme! Do na\u0161ej platformy sa prihl\u00e1site pomocou jedine\u010dn\u00e9ho pou\u017e\u00edvate\u013esk\u00e9ho mena a hesla a na spr\u00e1vy na na\u0161ej platforme budete odpoveda\u0165 anonymne a bez rizika. Va\u0161a skuto\u010dn\u00e1 identita a osobn\u00e9 \u00fadaje nebud\u00fa nikdy nikomu prezraden\u00e9 a pri pr\u00e1ci pre n\u00e1s zost\u00e1vate v anonymite.<\/p>\n\n<\/div>\n<\/div>\n<div id=\"faq-question-1688548482061\" class=\"rank-math-list-item\">\n<h6 class=\"rank-math-question \">M\u00f4\u017ee ma niekto na platforme, na ktorej budem pracova\u0165, spozna\u0165?<\/h6>\n<div class=\"rank-math-answer \">\n\n<p>Nie, pri pr\u00e1ci pre n\u00e1s m\u00e1te \u00fapln\u00fa istotu, \u017ee zostanete v anonymite. Chatova\u0165 budete len cez textov\u00e9 spr\u00e1vy.<\/p>\n\n<\/div>\n<\/div>\n<div id=\"faq-question-1688548511295\" class=\"rank-math-list-item\">\n<h6 class=\"rank-math-question \">Pre\u010do potrebujete skontrolova\u0165 m\u00f4j doklad toto\u017enosti?<\/h6>\n<div class=\"rank-math-answer \">\n\n<p>Potrebujeme potvrdi\u0165 Va\u0161u toto\u017enos\u0165, uisti\u0165 sa, \u017ee m\u00e1te viac ako 18 rokov a uisti\u0165 sa, \u017ee plat\u00edme spr\u00e1vnej osobe.<\/p>\n\n<\/div>\n<\/div>\n<div id=\"faq-question-1688548526213\" class=\"rank-math-list-item\">\n<h6 class=\"rank-math-question \">Kto overuje moju identitu?<\/h6>\n<div class=\"rank-math-answer \">\n\n<p>Na overenie identity sme sa spojili so spolo\u010dnos\u0165ou Evalid. Pos\u00fadia V\u00e1\u0161 doklad toto\u017enosti a daj\u00fa n\u00e1m vedie\u0165, \u010di je v\u0161etko v poriadku.<\/p>\n\n<\/div>\n<\/div>\n<div id=\"faq-question-1688548528315\" class=\"rank-math-list-item\">\n<h6 class=\"rank-math-question \">Kedy a ako dostanem v\u00fdplatu?<\/h6>\n<div class=\"rank-math-answer \">\n\n<p>V\u00fdplatu budete dost\u00e1va\u0165 t\u00fd\u017edenne a m\u00f4\u017eete si teda ako oper\u00e1tor chatu pravidelne zar\u00e1ba\u0165 z t\u00fd\u017ed\u0148a na t\u00fd\u017ede\u0148. M\u00e1me jeden pr\u00eds\u013eub \u2013 plat\u00edme v\u017edy v\u010das!<\/p>\n\n<\/div>\n<\/div>\n<div id=\"faq-question-1688548529358\" class=\"rank-math-list-item\">\n<h6 class=\"rank-math-question \">Ko\u013eko m\u00f4\u017eem o\u010dak\u00e1va\u0165, \u017ee zarob\u00edm?<\/h6>\n<div class=\"rank-math-answer \">\n\n<p>Ko\u013eko pe\u0148az\u00ed zarob\u00edte, z\u00e1vis\u00ed od toho, ko\u013eko pr\u00e1ce vykon\u00e1te. Dostanete zaplaten\u00e9 za ka\u017ed\u00fa spr\u00e1vu, ktor\u00fa po\u0161lete. Niektor\u00ed oper\u00e1tori chatu zar\u00e1baj\u00fa ve\u013emi slu\u0161n\u00fa sumu, in\u00ed si len privyr\u00e1baj\u00fa nejak\u00e9 peniaze navy\u0161e.<\/p>\n\n<\/div>\n<\/div>\n<div id=\"faq-question-1688548530162\" class=\"rank-math-list-item\">\n<h6 class=\"rank-math-question \">Dok\u00e1\u017eem sa touto pr\u00e1cou norm\u00e1lne \u017eivi\u0165?<\/h6>\n<div class=\"rank-math-answer \">\n\n<p>\u00c1no, s\u00fa \u013eudia, ktor\u00ed to maj\u00fa ako pr\u00e1cu na pln\u00fd \u00fav\u00e4zok, tak\u017ee je to ur\u010dite mo\u017en\u00e9. V\u00e4\u010d\u0161ina na\u0161ich oper\u00e1torov chatu sa rozhodla vykon\u00e1va\u0165 t\u00fato pr\u00e1cu na \u010diasto\u010dn\u00fd \u00fav\u00e4zok popri inej pr\u00e1ci.<\/p>\n\n<\/div>\n<\/div>\n<\/div>\n<\/div>\n<\/div>\n<\/div>\n<\/section>","protected":false},"excerpt":{"rendered":"","protected":false},"author":4,"featured_media":0,"parent":0,"menu_order":0,"comment_status":"closed","ping_status":"closed","template":"","meta":{"_pvb_checkbox_block_on_post":false,"footnotes":""},"class_list":{"0":"post-2168","1":"page","2":"type-page","3":"status-publish","5":"infinite-scroll-item"},"_links":{"self":[{"href":"https:\/\/textingfactory.com\/sk\/wp-json\/wp\/v2\/pages\/2168","targetHints":{"allow":["GET"]}}],"collection":[{"href":"https:\/\/textingfactory.com\/sk\/wp-json\/wp\/v2\/pages"}],"about":[{"href":"https:\/\/textingfactory.com\/sk\/wp-json\/wp\/v2\/types\/page"}],"author":[{"embeddable":true,"href":"https:\/\/textingfactory.com\/sk\/wp-json\/wp\/v2\/users\/4"}],"replies":[{"embeddable":true,"href":"https:\/\/textingfactory.com\/sk\/wp-json\/wp\/v2\/comments?post=2168"}],"version-history":[{"count":1,"href":"https:\/\/textingfactory.com\/sk\/wp-json\/wp\/v2\/pages\/2168\/revisions"}],"predecessor-version":[{"id":2169,"href":"https:\/\/textingfactory.com\/sk\/wp-json\/wp\/v2\/pages\/2168\/revisions\/2169"}],"wp:attachment":[{"href":"https:\/\/textingfactory.com\/sk\/wp-json\/wp\/v2\/media?parent=2168"}],"curies":[{"name":"wp","href":"https:\/\/api.w.org\/{rel}","templated":true}]}}