{"id":2134,"date":"2023-11-07T14:41:32","date_gmt":"2023-11-07T19:41:32","guid":{"rendered":"https:\/\/textingfactory.com\/?page_id=2134"},"modified":"2024-03-06T07:38:20","modified_gmt":"2024-03-06T12:38:20","slug":"podrobnosti-o-spolocnosti","status":"publish","type":"page","link":"https:\/\/textingfactory.com\/sk\/podrobnosti-o-spolocnosti\/","title":{"rendered":"Podrobnosti o spolo\u010dnosti"},"content":{"rendered":"\n<p>Textingfactory.com je produktom spolo\u010dnosti EnterTalkPro Ltd<\/p>\n\n\n\n<p>Zap\u00edsan\u00e1 v obchodnom registri v Hong Kongu, s identifika\u010dn\u00fdm \u010d\u00edslom spolo\u010dnosti 3264433<\/p>\n\n\n\n<p>8th floor, China Hong Kong Tower<br>8-12 Hennessy Road<br>Wan Chai, Hong Kong<\/p>\n","protected":false},"excerpt":{"rendered":"<p>Textingfactory.com je produktom spolo\u010dnosti EnterTalkPro Ltd Zap\u00edsan\u00e1 v obchodnom registri v Hong Kongu, s identifika\u010dn\u00fdm \u010d\u00edslom spolo\u010dnosti 3264433 8th floor, China Hong Kong Tower8-12 Hennessy RoadWan Chai, Hong Kong<\/p>\n","protected":false},"author":4,"featured_media":0,"parent":0,"menu_order":0,"comment_status":"closed","ping_status":"closed","template":"","meta":{"_pvb_checkbox_block_on_post":false,"footnotes":""},"class_list":{"0":"post-2134","1":"page","2":"type-page","3":"status-publish","5":"infinite-scroll-item"},"_links":{"self":[{"href":"https:\/\/textingfactory.com\/sk\/wp-json\/wp\/v2\/pages\/2134","targetHints":{"allow":["GET"]}}],"collection":[{"href":"https:\/\/textingfactory.com\/sk\/wp-json\/wp\/v2\/pages"}],"about":[{"href":"https:\/\/textingfactory.com\/sk\/wp-json\/wp\/v2\/types\/page"}],"author":[{"embeddable":true,"href":"https:\/\/textingfactory.com\/sk\/wp-json\/wp\/v2\/users\/4"}],"replies":[{"embeddable":true,"href":"https:\/\/textingfactory.com\/sk\/wp-json\/wp\/v2\/comments?post=2134"}],"version-history":[{"count":1,"href":"https:\/\/textingfactory.com\/sk\/wp-json\/wp\/v2\/pages\/2134\/revisions"}],"predecessor-version":[{"id":2135,"href":"https:\/\/textingfactory.com\/sk\/wp-json\/wp\/v2\/pages\/2134\/revisions\/2135"}],"wp:attachment":[{"href":"https:\/\/textingfactory.com\/sk\/wp-json\/wp\/v2\/media?parent=2134"}],"curies":[{"name":"wp","href":"https:\/\/api.w.org\/{rel}","templated":true}]}}