{"id":1972,"date":"2023-11-04T15:11:11","date_gmt":"2023-11-04T19:11:11","guid":{"rendered":"https:\/\/textingfactory.com\/?page_id=1972"},"modified":"2024-02-27T09:35:50","modified_gmt":"2024-02-27T14:35:50","slug":"zasady-ochrany-osobnych-udajov","status":"publish","type":"page","link":"https:\/\/textingfactory.com\/sk\/zasady-ochrany-osobnych-udajov\/","title":{"rendered":"Z\u00e1sady ochrany osobn\u00fdch \u00fadajov"},"content":{"rendered":"\n<p>1 \u00davod<\/p>\n\n\n\n<p>1.1 T\u00fato webov\u00fa str\u00e1nku vlastn\u00ed a spravuje spolo\u010dnos\u0165 EnterTalkPro Ltd (\u010falej len \u201cSpolo\u010dnos\u0165\u201d) so s\u00eddlom na 8. poschod\u00ed, China Hong Kong Tower, 8-12 Hennessy Road, Wan Chai, Hong Kong, registrovan\u00e1 v obchodnom registri v Hong Kongu, s I\u010cO 3264433.<\/p>\n\n\n\n<p>1.2 Ochrana Va\u0161ich \u00fadajov a s\u00fakromia je jednou z na\u0161ich najvy\u0161\u0161\u00edch prior\u00edt a t\u00fato zodpovednos\u0165 berieme ve\u013emi v\u00e1\u017ene. Tieto Z\u00e1sady ochrany osobn\u00fdch \u00fadajov spolu s na\u0161imi Z\u00e1sadami pou\u017e\u00edvania s\u00faborov cookie platia vtedy, ke\u010f vystupujeme ako spr\u00e1vcovia \u00fadajov alebo spracovatelia \u00fadajov a inform\u00e1ci\u00ed, ktor\u00e9 n\u00e1m poskytujete pri pou\u017e\u00edvan\u00ed na\u0161ej webovej str\u00e1nky alebo slu\u017eieb. Tieto z\u00e1sady ochrany osobn\u00fdch \u00fadajov m\u00f4\u017eu by\u0165 doplnen\u00e9 o \u010fal\u0161ie prvky, ktor\u00e9 s\u00fa \u00faplne alebo \u010diasto\u010dne \u0161pecifikovan\u00e9 pre konkr\u00e9tne slu\u017eby.<\/p>\n\n\n\n<p>1.3 Va\u0161e osobn\u00e9 \u00fadaje sprac\u00favame v s\u00falade so z\u00e1konmi Va\u0161ej jurisdikcie a pri jednotlivcoch a organiz\u00e1ci\u00e1ch z \u010dlensk\u00fdch \u0161t\u00e1tov Eur\u00f3pskej \u00fanie (\u010falej len \u201cE\u00da\u201d) a Eur\u00f3pskeho hospod\u00e1rskeho priestoru postupujeme v s\u00falade so v\u0161eobecn\u00fdm nariaden\u00edm E\u00da o ochrane \u00fadajov (GDPR). 2016\/679) (\u010falej len \u201cGDPR\u201d).<\/p>\n\n\n\n<p>1.4 Osobn\u00e9 \u00fadaje, ktor\u00e9 s\u00fa predmetom spracovania, ako je uveden\u00e9 v odseku 1.3 vy\u0161\u0161ie, maj\u00fa v\u00fdznam uveden\u00fd v \u010dl\u00e1nku 4 ods. 1 (Defin\u00edcie) GDPR. Osobn\u00e9 \u00fadaje s\u00fa definovan\u00e9 ako \u201cak\u00e9ko\u013evek inform\u00e1cie t\u00fdkaj\u00face sa identifikovanej alebo identifikovate\u013enej fyzickej osoby (\u201cdotknut\u00e1 osoba\u201d); \u201cidentifikovate\u013en\u00e1 fyzick\u00e1 osoba\u201d je osoba, ktor\u00fa mo\u017eno priamo alebo nepriamo identifikova\u0165, najm\u00e4 odkazom na identifik\u00e1tor, ako je napr. meno, identifika\u010dn\u00e9 \u010d\u00edslo, lokaliza\u010dn\u00e9 \u00fadaje, online identifik\u00e1tor alebo jeden \u010di viacero faktorov \u0161pecifick\u00fdch pre fyzick\u00fa, fyziologick\u00fa, genetick\u00fa, ment\u00e1lnu, ekonomick\u00fa, kult\u00farnu alebo soci\u00e1lnu identitu tejto fyzickej osoby.\u201d<\/p>\n\n\n\n<p>1.5 Ak potrebujete z\u00edska\u0165 pr\u00edstup ku k\u00f3pii t\u00fdchto z\u00e1sad v inom form\u00e1te alebo ak m\u00e1te ak\u00e9ko\u013evek ot\u00e1zky alebo obavy, kontaktujte n\u00e1s zaslan\u00edm e-mailu na adresu&nbsp;management@entertalkpro.com&nbsp;a my V\u00e1m radi pom\u00f4\u017eeme.<\/p>\n\n\n\n<p>2. Zber \u00fadajov a Spr\u00e1vca \u00dadajov<\/p>\n\n\n\n<p>2.1 Tieto z\u00e1sady ochrany osobn\u00fdch \u00fadajov stanovuj\u00fa sp\u00f4sob, ak\u00fdm bude spolo\u010dnos\u0165 (\u010falej len \u201cSpr\u00e1vca \u00dadajov\u201d) naklada\u0165 s Va\u0161imi \u00fadajmi, vr\u00e1tane ak\u00fdchko\u013evek osobn\u00fdch \u00fadajov, ktor\u00e9 sa V\u00e1s t\u00fdkaj\u00fa a ktor\u00e9 sa z\u00edskavaj\u00fa z V\u00e1\u0161ho pou\u017e\u00edvania na\u0161ich slu\u017eieb. Pou\u017e\u00edvanie na\u0161ich slu\u017eieb zah\u0155\u0148a, ale nie je obmedzen\u00e9 na konzult\u00e1cie, n\u00e1kupy, dopyty alebo in\u00e9 \u010dinnosti, ktor\u00e9 si vy\u017eaduj\u00fa zdie\u013eanie inform\u00e1ci\u00ed medzi Vami a nami.<\/p>\n\n\n\n<p>2.2 Ke\u010f nav\u0161t\u00edvite na\u0161e webov\u00e9 str\u00e1nky alebo vyu\u017e\u00edvate na\u0161e slu\u017eby, m\u00f4\u017eeme od V\u00e1s zhroma\u017e\u010fova\u0165 r\u00f4zne typy osobn\u00fdch \u00fadajov, ktor\u00e9 m\u00f4\u017eu zah\u0155\u0148a\u0165:<\/p>\n\n\n\n<p>a) Osobn\u00e9 identifika\u010dn\u00e9 \u00fadaje: ako je Va\u0161e meno, e-mailov\u00e1 adresa a \u010fal\u0161ie kontaktn\u00e9 \u00fadaje.<\/p>\n\n\n\n<p>b) Demografick\u00e9 \u00fadaje: ako je V\u00e1\u0161 vek, pohlavie a poloha.<\/p>\n\n\n\n<p>c) Technick\u00e9 \u00fadaje: ako je typ a verzia V\u00e1\u0161ho prehliada\u010da, inform\u00e1cie o zariaden\u00ed a \u010fal\u0161ie technick\u00e9 podrobnosti o Va\u0161ej n\u00e1v\u0161teve na\u0161ich webov\u00fdch str\u00e1nok.<\/p>\n\n\n\n<p>d) \u00dadaje o pou\u017e\u00edvan\u00ed: napr\u00edklad inform\u00e1cie o tom, ako pou\u017e\u00edvate na\u0161e webov\u00e9 str\u00e1nky a slu\u017eby, vr\u00e1tane str\u00e1nok, ktor\u00e9 nav\u0161t\u00edvite, \u010dasu str\u00e1ven\u00e9ho na ka\u017edej str\u00e1nke a in\u00fdch vzorcov pou\u017e\u00edvania.<\/p>\n\n\n\n<p>e) Marketingov\u00e9 a komunika\u010dn\u00e9 preferencie: ako s\u00fa Va\u0161e preferencie pri prij\u00edman\u00ed marketingov\u00fdch materi\u00e1lov od n\u00e1s a Va\u0161e komunika\u010dn\u00e9 preferencie.<\/p>\n\n\n\n<p>2.3 Va\u0161e osobn\u00e9 \u00fadaje zhroma\u017e\u010fujeme r\u00f4znymi sp\u00f4sobmi, vr\u00e1tane:<\/p>\n\n\n\n<p>a) Priamo od V\u00e1s: ke\u010f n\u00e1m poskytnete inform\u00e1cie, napr\u00edklad ke\u010f si vytvor\u00edte \u00fa\u010det, vypln\u00edte formul\u00e1re alebo s nami priamo komunikujete.<\/p>\n\n\n\n<p>b) Automaticky: ke\u010f pou\u017e\u00edvate na\u0161e webov\u00e9 str\u00e1nky, m\u00f4\u017eeme zhroma\u017e\u010fova\u0165 technick\u00e9 \u00fadaje a \u00fadaje o pou\u017e\u00edvan\u00ed pomocou s\u00faborov cookie a in\u00fdch podobn\u00fdch technol\u00f3gi\u00ed. \u010eal\u0161ie inform\u00e1cie o na\u0161om pou\u017e\u00edvan\u00ed s\u00faborov cookie n\u00e1jdete v na\u0161ich Z\u00e1sad\u00e1ch pou\u017e\u00edvania s\u00faborov cookie.<\/p>\n\n\n\n<p>c) Od tret\u00edch str\u00e1n: m\u00f4\u017eeme o V\u00e1s z\u00edska\u0165 osobn\u00e9 \u00fadaje od r\u00f4znych tret\u00edch str\u00e1n, ako s\u00fa platformy soci\u00e1lnych m\u00e9di\u00ed, marketingov\u00ed partneri alebo poskytovatelia slu\u017eieb, ktor\u00ed n\u00e1m pom\u00e1haj\u00fa prev\u00e1dzkova\u0165 na\u0161e webov\u00e9 str\u00e1nky a slu\u017eby.<\/p>\n\n\n\n<p>3. Zverej\u0148ovanie<\/p>\n\n\n\n<p>3.1 Va\u0161e osobn\u00e9 \u00fadaje m\u00f4\u017eeme zdie\u013ea\u0165 s nasleduj\u00facimi kateg\u00f3riami pr\u00edjemcov:<\/p>\n\n\n\n<p>a) Pridru\u017een\u00e9 spolo\u010dnosti a dc\u00e9rske spolo\u010dnosti: Va\u0161e osobn\u00e9 \u00fadaje m\u00f4\u017eeme zdie\u013ea\u0165 s na\u0161imi pridru\u017een\u00fdmi spolo\u010dnos\u0165ami a dc\u00e9rskymi spolo\u010dnos\u0165ami na intern\u00e9 administrat\u00edvne \u00fa\u010dely, poskytovanie na\u0161ich slu\u017eieb a udr\u017eiavanie a zlep\u0161ovanie na\u0161ich webov\u00fdch str\u00e1nok.<\/p>\n\n\n\n<p>b) Poskytovatelia slu\u017eieb: Va\u0161e osobn\u00e9 \u00fadaje m\u00f4\u017eeme zdie\u013ea\u0165 s poskytovate\u013emi slu\u017eieb tret\u00edch str\u00e1n, ktor\u00ed n\u00e1m pom\u00e1haj\u00fa pri prev\u00e1dzkovan\u00ed na\u0161ich webov\u00fdch str\u00e1nok, poskytovan\u00ed na\u0161ich slu\u017eieb a spracovan\u00ed finan\u010dn\u00fdch transakci\u00ed, ako s\u00fa poskytovatelia hostingu, spracovatelia platieb, marketingov\u00ed a reklamn\u00ed partneri a poskytovatelia analytick\u00fdch slu\u017eieb.<\/p>\n\n\n\n<p>c) Pr\u00e1vne a regula\u010dn\u00e9 org\u00e1ny: Va\u0161e osobn\u00e9 \u00fadaje m\u00f4\u017eeme zverejni\u0165, ak to vy\u017eaduje z\u00e1kon, ako odpove\u010f na platn\u00fa pr\u00e1vnu \u017eiados\u0165 alebo ak je to potrebn\u00e9 na ochranu na\u0161ich pr\u00e1v a z\u00e1ujmov.<\/p>\n\n\n\n<p>d) Prevody podnikov: V pr\u00edpade prevodu podniku, ako je f\u00fazia, akviz\u00edcia alebo predaj n\u00e1\u0161ho majetku, m\u00f4\u017eu by\u0165 Va\u0161e osobn\u00e9 \u00fadaje v r\u00e1mci transakcie prenesen\u00e9 nov\u00e9mu vlastn\u00edkovi alebo tretej strane.<\/p>\n\n\n\n<p>3.2 Va\u0161e osobn\u00e9 \u00fadaje zverejn\u00edme iba v rozsahu potrebnom na splnenie \u00fa\u010delov pop\u00edsan\u00fdch v t\u00fdchto Z\u00e1sad\u00e1ch ochrany osobn\u00fdch \u00fadajov. Zabezpe\u010dujeme, aby sa v\u0161etci poskytovatelia slu\u017eieb tret\u00edch str\u00e1n, s ktor\u00fdmi spolupracujeme, zaviazali chr\u00e1ni\u0165 Va\u0161e osobn\u00e9 \u00fadaje v s\u00falade s platn\u00fdmi z\u00e1konmi o ochrane \u00fadajov a na\u0161imi Z\u00e1sadami ochrany osobn\u00fdch \u00fadajov.<\/p>\n\n\n\n<p>3.3 Uvedomte si, pros\u00edm, \u017ee aj ke\u010f vynaklad\u00e1me maxim\u00e1lne \u00fasilie prostredn\u00edctvom vhodn\u00e9ho softv\u00e9ru a postupov, aby sme zabr\u00e1nili ak\u00e9muko\u013evek naru\u0161eniu \u00fadajov, ak\u00e9ko\u013evek inform\u00e1cie, ktor\u00e9 poskytnete prostredn\u00edctvom na\u0161ej webovej str\u00e1nky, m\u00f4\u017eu by\u0165 potenci\u00e1lne pr\u00edstupn\u00e9 in\u00fdm pou\u017e\u00edvate\u013eom internetu v d\u00f4sledku \u0161kodliv\u00fdch \u010dinov.<\/p>\n\n\n\n<p>3.4 V\u0161etky vz\u0165ahy t\u00fdkaj\u00face sa zdie\u013eania \u00fadajov medzi nami a ak\u00fdmiko\u013evek poskytovate\u013emi tret\u00edch str\u00e1n podliehaj\u00fa dohode o zdie\u013ean\u00ed \u00fadajov s pr\u00edslu\u0161n\u00fdmi z\u00e1rukami zahrnut\u00fdmi v na\u0161om zmluvnom vz\u0165ahu s nimi.<\/p>\n\n\n\n<p>4. Pr\u00e1vny z\u00e1klad pre zhroma\u017e\u010fovanie osobn\u00fdch \u00fadajov<\/p>\n\n\n\n<p>4.1 Va\u0161e osobn\u00e9 \u00fadaje zhroma\u017e\u010fujeme a sprac\u00favame na z\u00e1klade jedn\u00e9ho alebo viacer\u00fdch z nasleduj\u00facich pr\u00e1vnych z\u00e1kladov:<\/p>\n\n\n\n<p>a) S\u00fahlas: V niektor\u00fdch pr\u00edpadoch V\u00e1s m\u00f4\u017eeme po\u017eiada\u0165 o s\u00fahlas so spracovan\u00edm Va\u0161ich osobn\u00fdch \u00fadajov, napr\u00edklad ke\u010f sa prihl\u00e1site na odber n\u00e1\u0161ho newslettera alebo s\u00fahlas\u00edte s pou\u017e\u00edvan\u00edm s\u00faborov cookie. Svoj s\u00fahlas m\u00e1te pr\u00e1vo kedyko\u013evek odvola\u0165, \u010do v\u0161ak neovplyvn\u00ed z\u00e1konnos\u0165 sprac\u00favania zalo\u017een\u00e9ho na s\u00fahlase pred jeho odvolan\u00edm.<\/p>\n\n\n\n<p>b) Plnenie zmluvy: Va\u0161e osobn\u00e9 \u00fadaje m\u00f4\u017eeme sprac\u00fava\u0165, ak je to nevyhnutn\u00e9 na plnenie zmluvy, v ktorej ste zmluvnou stranou, alebo na vykonanie krokov na Va\u0161u \u017eiados\u0165 pred uzavret\u00edm zmluvy.<\/p>\n\n\n\n<p>c) Z\u00e1konn\u00e9 povinnosti: Va\u0161e osobn\u00e9 \u00fadaje m\u00f4\u017eeme spracov\u00e1va\u0165, aby sme splnili na\u0161e z\u00e1konn\u00e9 povinnosti, ako s\u00fa da\u0148ov\u00e9 a \u00fa\u010dtovn\u00e9 predpisy alebo aby sme reagovali na platn\u00e9 z\u00e1konn\u00e9 \u017eiadosti \u00faradov.<\/p>\n\n\n\n<p>d) Opr\u00e1vnen\u00e9 z\u00e1ujmy: Va\u0161e osobn\u00e9 \u00fadaje m\u00f4\u017eeme sprac\u00fava\u0165, ak je to nevyhnutn\u00e9 na \u00fa\u010dely na\u0161ich opr\u00e1vnen\u00fdch z\u00e1ujmov alebo opr\u00e1vnen\u00fdch z\u00e1ujmov tretej strany, za predpokladu, \u017ee Va\u0161e z\u00e1ujmy a z\u00e1kladn\u00e9 pr\u00e1va nepreva\u017euj\u00fa nad t\u00fdmito z\u00e1ujmami. Pr\u00edklady opr\u00e1vnen\u00fdch z\u00e1ujmov zah\u0155\u0148aj\u00fa udr\u017eiavanie a zlep\u0161ovanie na\u0161ich webov\u00fdch str\u00e1nok, poskytovanie na\u0161ich slu\u017eieb a vykon\u00e1vanie marketingov\u00fdch aktiv\u00edt.<\/p>\n\n\n\n<p>5. Typy zhroma\u017e\u010fovan\u00fdch osobn\u00fdch \u00fadajov<\/p>\n\n\n\n<p>5.1 Zhroma\u017e\u010fujeme od V\u00e1s r\u00f4zne typy osobn\u00fdch \u00fadajov v z\u00e1vislosti od Va\u0161ej interakcie s na\u0161ou webov\u00fdmi str\u00e1nkami. Typy osobn\u00fdch \u00fadajov, ktor\u00e9 zhroma\u017e\u010fujeme, m\u00f4\u017eu zah\u0155\u0148a\u0165:<\/p>\n\n\n\n<p>a) Kontaktn\u00e9 inform\u00e1cie: ako je Va\u0161e meno, d\u00e1tum narodenia a e-mailov\u00e1 adresa.<\/p>\n\n\n\n<p>b) \u00dadaje o pou\u017e\u00edvan\u00ed: ako s\u00fa inform\u00e1cie o Va\u0161om pou\u017e\u00edvan\u00ed na\u0161ich webov\u00fdch str\u00e1nok a slu\u017eieb vr\u00e1tane nav\u0161t\u00edven\u00fdch str\u00e1nok, \u010dasu str\u00e1ven\u00e9ho na str\u00e1nkach a in\u00fdch vzorov pou\u017e\u00edvania.<\/p>\n\n\n\n<p>c) Technick\u00e9 \u00fadaje: ako typ a verzia prehliada\u010da, opera\u010dn\u00fd syst\u00e9m a \u010fal\u0161ie technick\u00e9 podrobnosti o Va\u0161ej n\u00e1v\u0161teve na\u0161ich webov\u00fdch str\u00e1nok.<\/p>\n\n\n\n<p>5.2 M\u00f4\u017eeme tie\u017e zhroma\u017e\u010fova\u0165 \u0161peci\u00e1lne kateg\u00f3rie osobn\u00fdch \u00fadajov (zn\u00e1me aj ako citliv\u00e9 osobn\u00e9 \u00fadaje), ako s\u00fa inform\u00e1cie o Va\u0161om zdravotnom stave alebo in\u00e9 citliv\u00e9 inform\u00e1cie, ale iba s Va\u0161\u00edm v\u00fdslovn\u00fdm s\u00fahlasom alebo ak to vy\u017eaduje alebo povo\u013euje z\u00e1kon. V\u017edy V\u00e1s budeme informova\u0165 o konkr\u00e9tnom \u00fa\u010dele a pr\u00e1vnom z\u00e1klade zhroma\u017e\u010fovania tohto typu osobn\u00fdch \u00fadajov.<\/p>\n\n\n\n<p>6. \u00da\u010dely spracovania a pou\u017e\u00edvania Va\u0161ich osobn\u00fdch \u00fadajov<\/p>\n\n\n\n<p>6.1 Va\u0161e osobn\u00e9 \u00fadaje sprac\u00favame a pou\u017e\u00edvame na r\u00f4zne \u00fa\u010dely vr\u00e1tane:<\/p>\n\n\n\n<p>a) Poskytnutia primeranej \u00farovne z\u00e1kazn\u00edckych slu\u017eieb, ktor\u00e1 zah\u0155\u0148a odpovedanie na Va\u0161e ot\u00e1zky a rie\u0161enie ak\u00fdchko\u013evek ob\u00e1v, ktor\u00e9 m\u00f4\u017eete ma\u0165;<\/p>\n\n\n\n<p>b) Zabezpe\u010denia celkovej prev\u00e1dzky na\u0161ich slu\u017eieb a webov\u00fdch str\u00e1nok vr\u00e1tane spr\u00e1vy, \u00fadr\u017eby a zlep\u0161ovania na\u0161ich slu\u017eieb;<\/p>\n\n\n\n<p>c) Zabezpe\u010denia a udr\u017eiavania n\u00e1\u0161ho z\u00e1kazn\u00edckeho vz\u0165ahu s Vami, ako aj na komunik\u00e1ciu s Vami, kde je to vhodn\u00e9;<\/p>\n\n\n\n<p>d) Informovania o tom, ako na\u0161i z\u00e1kazn\u00edci vyu\u017e\u00edvaj\u00fa na\u0161e slu\u017eby, a analyzovania t\u00fdchto inform\u00e1ci\u00ed na zlep\u0161enie na\u0161ich slu\u017eieb;<\/p>\n\n\n\n<p>e) Udr\u017eiavania a zlep\u0161ovania na\u0161ich webov\u00fdch slu\u017eieb pomocou analytick\u00fdch n\u00e1strojov;<\/p>\n\n\n\n<p>f) Uchov\u00e1vania a pou\u017e\u00edvania inform\u00e1ci\u00ed, ktor\u00e9 n\u00e1m poskytnete v s\u00favislosti so s\u00fadnym konan\u00edm;<\/p>\n\n\n\n<p>g) Informovania na\u0161ich z\u00e1kazn\u00edkov o bud\u00facich propaga\u010dn\u00fdch a marketingov\u00fdch kampaniach a zabezpe\u010dovania, aby sa im posielali iba relevantn\u00e9 inform\u00e1cie;<\/p>\n\n\n\n<p>h) Ochrany bezpe\u010dnosti a integrity na\u0161ich webov\u00fdch str\u00e1nok, slu\u017eieb a pou\u017e\u00edvate\u013esk\u00fdch \u00fadajov;<\/p>\n\n\n\n<p>i) Spracovania platieb za na\u0161e slu\u017eby;<\/p>\n\n\n\n<p>j) Boja proti podvodom alebo nez\u00e1konn\u00fdm aktivit\u00e1m zameran\u00fdm na na\u0161e webov\u00e9 str\u00e1nky.<\/p>\n\n\n\n<p>Upozor\u0148ujeme, \u017ee Va\u0161e osobn\u00e9 \u00fadaje m\u00f4\u017eeme spracov\u00e1va\u0165 na viac \u00fa\u010delov, pri\u010dom pr\u00e1vny z\u00e1klad spracovania m\u00f4\u017ee by\u0165 pre ka\u017ed\u00fd \u00fa\u010del in\u00fd.<\/p>\n\n\n\n<p>7. Pou\u017e\u00edvanie osobn\u00fdch \u00fadajov<\/p>\n\n\n\n<p>7.1 Va\u0161e osobn\u00e9 \u00fadaje pou\u017e\u00edvame na \u00fa\u010dely op\u00edsan\u00e9 v t\u00fdchto Z\u00e1sad\u00e1ch ochrany osobn\u00fdch \u00fadajov a v s\u00falade s pr\u00e1vnym z\u00e1kladom spracovania, ako je uveden\u00e9 v \u010casti 4.<\/p>\n\n\n\n<p>7.2 Va\u0161e osobn\u00e9 \u00fadaje pou\u017eijeme iba na \u00fa\u010dely, na ktor\u00e9 sme ich zhroma\u017edili, s v\u00fdnimkou toho, ak sa od\u00f4vodnene domnievame, \u017ee ich mus\u00edme pou\u017ei\u0165 z in\u00e9ho d\u00f4vodu, ktor\u00fd je zlu\u010dite\u013en\u00fd s p\u00f4vodn\u00fdm \u00fa\u010delom. Ak budeme potrebova\u0165 pou\u017ei\u0165 Va\u0161e osobn\u00e9 \u00fadaje na nes\u00favisiaci \u00fa\u010del, upozorn\u00edme V\u00e1s na to a vysvetl\u00edme V\u00e1m pr\u00e1vny z\u00e1klad, ktor\u00fd n\u00e1m to umo\u017e\u0148uje.<\/p>\n\n\n\n<p>7.3 Va\u0161e osobn\u00e9 \u00fadaje m\u00f4\u017eeme agregova\u0165 alebo anonymizova\u0165 tak\u00fdm sp\u00f4sobom, \u017ee ich u\u017e s Vami nemo\u017eno sp\u00e1ja\u0165, v takom pr\u00edpade sa u\u017e nepova\u017euj\u00fa za osobn\u00e9 \u00fadaje. Tieto agregovan\u00e9 alebo anonymizovan\u00e9 \u00fadaje m\u00f4\u017eeme pou\u017ei\u0165 na v\u00fdskum, anal\u00fdzu alebo in\u00e9 \u00fa\u010dely bez obmedzenia.<\/p>\n\n\n\n<p>8. Pr\u00e1va na ochranu \u00fadajov<\/p>\n\n\n\n<p>Pod\u013ea GDPR m\u00e1te v s\u00favislosti s Va\u0161imi osobn\u00fdmi \u00fadajmi ur\u010dit\u00e9 pr\u00e1va. Ni\u010d v t\u00fdchto Z\u00e1sad\u00e1ch neovplyv\u0148uje tieto pr\u00e1va. Pr\u00e1va dotknutej osoby pod\u013ea \u010dl\u00e1nku 13 ods. 2 GDPR zah\u0155\u0148aj\u00fa nasledovn\u00e9:<\/p>\n\n\n\n<p>\u25cf Pr\u00e1vo na pr\u00edstup k Va\u0161im \u00fadajom: m\u00e1te pr\u00e1vo po\u017eiada\u0165 o pr\u00edstup ku k\u00f3pii \u00fadajov, ktor\u00e9 o V\u00e1s uchov\u00e1vame;<br>\u25cf Pr\u00e1vo na opravu, ktor\u00e9 v\u00e1m umo\u017e\u0148uje po\u017eadova\u0165, aby sme opravili alebo vymazali Va\u0161e \u00fadaje;<br>\u25cf Pr\u00e1vo na odvolanie s\u00fahlasu, ktor\u00e9 zah\u0155\u0148a odvolanie predt\u00fdm udelen\u00e9ho s\u00fahlasu, \u010d\u00edm sa zneplatn\u00ed pr\u00e1vny z\u00e1klad na spracovanie Va\u0161ich \u00fadajov;<br>\u25cf Pr\u00e1vo na obmedzenie pou\u017e\u00edvania Va\u0161ich \u00fadajov vr\u00e1tane pr\u00e1va namieta\u0165 proti spracovaniu Va\u0161ich \u00fadajov;<br>\u25cf Pr\u00e1vo na vymazanie Va\u0161ich \u00fadajov, be\u017ene zn\u00e1me ako \u201cpr\u00e1vo by\u0165 zabudnut\u00fd\u201d;<br>\u25cf Pr\u00e1vo poda\u0165 s\u0165a\u017enos\u0165 pr\u00edslu\u0161n\u00e9mu vn\u00fatro\u0161t\u00e1tnemu org\u00e1nu v s\u00favislosti so spracovan\u00edm Va\u0161ich \u00fadajov.<\/p>\n\n\n\n<p>Uveden\u00e9 pr\u00e1va podliehaj\u00fa ur\u010dit\u00fdm obmedzeniam a v\u00fdnimk\u00e1m, ktor\u00e9 n\u00e1jdete tu: https:\/\/edpb.europa.eu\/our-work-tools\/general-guidance\/guidelines-recommendations-best-practices_en<\/p>\n\n\n\n<p>9. Uplat\u0148ovanie Va\u0161ich pr\u00e1v<\/p>\n\n\n\n<p>Ak si \u017eel\u00e1te uplatni\u0165 niektor\u00e9 z pr\u00e1v uveden\u00fdch v \u010dasti 8, najsk\u00f4r n\u00e1m po\u0161lite e-mail na adresu&nbsp;management@entertalkpro.com, aby sme V\u00e1s mohli vies\u0165. Aby sme vyhoveli platnej Legislat\u00edve o ochrane \u00fadajov, budeme musie\u0165 overi\u0165 Va\u0161u toto\u017enos\u0165.<\/p>\n\n\n\n<p>10. Ukladanie a uchov\u00e1vanie \u00fadajov<\/p>\n\n\n\n<p>10.1 Va\u0161e osobn\u00e9 \u00fadaje uklad\u00e1me na zabezpe\u010den\u00fdch serveroch a vykon\u00e1vame vhodn\u00e9 technick\u00e9 a organiza\u010dn\u00e9 opatrenia na ochranu Va\u0161ich osobn\u00fdch \u00fadajov pred n\u00e1hodnou alebo nez\u00e1konnou stratou, zmenou, zverejnen\u00edm alebo pr\u00edstupom.<\/p>\n\n\n\n<p>10.2 Va\u0161e osobn\u00e9 \u00fadaje uchov\u00e1vame iba dovtedy, k\u00fdm je to potrebn\u00e9 na splnenie \u00fa\u010delov, na ktor\u00e9 boli zhroma\u017eden\u00e9, vr\u00e1tane splnenia ak\u00fdchko\u013evek pr\u00e1vnych, \u00fa\u010dtovn\u00fdch alebo oznamovac\u00edch po\u017eiadaviek. Doba uchov\u00e1vania sa m\u00f4\u017ee l\u00ed\u0161i\u0165 v z\u00e1vislosti od typu osobn\u00fdch \u00fadajov a konkr\u00e9tnych okolnost\u00ed, za ktor\u00fdch boli zhroma\u017eden\u00e9.<\/p>\n\n\n\n<p>10.3 Ke\u010f u\u017e Va\u0161e osobn\u00e9 \u00fadaje nie s\u00fa potrebn\u00e9 na \u00fa\u010dely, na ktor\u00e9 boli zhroma\u017eden\u00e9, bezpe\u010dne ich vyma\u017eeme alebo anonymizujeme. V niektor\u00fdch pr\u00edpadoch m\u00f4\u017eeme uchov\u00e1va\u0165 s\u00fahrnn\u00e9 alebo anonymizovan\u00e9 \u00fadaje na \u0161tatistick\u00e9 \u00fa\u010dely za predpokladu, \u017ee tak\u00e9to \u00fadaje u\u017e nemo\u017eno pou\u017ei\u0165 na Va\u0161u identifik\u00e1ciu.<\/p>\n\n\n\n<p>11. Bezpe\u010dnostn\u00e9 opatrenia pre uchov\u00e1vanie Va\u0161ich \u00fadajov<\/p>\n\n\n\n<p>11.1 Bezpe\u010dnos\u0165 Va\u0161ich osobn\u00fdch \u00fadajov berieme v\u00e1\u017ene a zav\u00e1dzame vhodn\u00e9 technick\u00e9 a organiza\u010dn\u00e9 opatrenia na ich ochranu pred neopr\u00e1vnen\u00fdm pr\u00edstupom, zverejnen\u00edm, zmenou alebo zni\u010den\u00edm. Tieto opatrenia m\u00f4\u017eu zah\u0155\u0148a\u0165, ale nie s\u00fa obmedzen\u00e9 na:<\/p>\n\n\n\n<p>a. Zabezpe\u010den\u00e9 servery a firewally;<br>b. \u0160ifrovanie \u00fadajov;<br>c. Obmedzen\u00fd pr\u00edstup k osobn\u00fdm \u00fadajom iba opr\u00e1vnen\u00fdm osob\u00e1m;<br>d. Pravideln\u00e9 bezpe\u010dnostn\u00e9 audity a hodnotenia zranite\u013enosti;<br>e. \u0160kolenie zamestnancov o Ochrane \u00fadajov a s\u00fakromia.<\/p>\n\n\n\n<p>11.2 Napriek na\u0161ej snahe chr\u00e1ni\u0165 Va\u0161e osobn\u00e9 \u00fadaje nem\u00f4\u017eeme zaru\u010di\u0165 absol\u00fatnu bezpe\u010dnos\u0165 Va\u0161ich \u00fadajov pren\u00e1\u0161an\u00fdch cez internet alebo ulo\u017een\u00fdch na na\u0161ich serveroch. Ak\u00fdko\u013evek prenos osobn\u00fdch \u00fadajov je na Va\u0161e vlastn\u00e9 riziko a odpor\u00fa\u010dame V\u00e1m, aby ste pri pou\u017e\u00edvan\u00ed na\u0161ich webov\u00fdch str\u00e1nkach alebo slu\u017eieb podnikli vhodn\u00e9 kroky na ochranu Va\u0161ich osobn\u00fdch \u00fadajov.<\/p>\n\n\n\n<p>12. Webov\u00e9 str\u00e1nky tret\u00edch str\u00e1n<\/p>\n\n\n\n<p>12.1 Na\u0161e webov\u00e9 str\u00e1nky m\u00f4\u017eu obsahova\u0165 odkazy na webov\u00e9 str\u00e1nky alebo slu\u017eby tret\u00edch str\u00e1n, ktor\u00e9 nevlastn\u00edme ani nekontrolujeme. Nie sme zodpovedn\u00ed za obsah, Z\u00e1sady ochrany osobn\u00fdch \u00fadajov ani postupy ak\u00fdchko\u013evek webov\u00fdch str\u00e1nok alebo slu\u017eieb tret\u00edch str\u00e1n a predt\u00fdm, ako im poskytnete ak\u00e9ko\u013evek osobn\u00e9 \u00fadaje, by ste si mali pre\u010d\u00edta\u0165 Z\u00e1sady ochrany osobn\u00fdch \u00fadajov t\u00fdchto tret\u00edch str\u00e1n.<\/p>\n\n\n\n<p>12.2 Tieto Z\u00e1sady ochrany osobn\u00fdch \u00fadajov sa vz\u0165ahuj\u00fa iba na na\u0161e webov\u00e9 str\u00e1nky a slu\u017eby a nem\u00f4\u017eeme nies\u0165 zodpovednos\u0165 za \u017eiadne osobn\u00e9 \u00fadaje, ktor\u00e9 poskytnete alebo ktor\u00e9 zhroma\u017e\u010fuj\u00fa tretie strany, a to ani v pr\u00edpade, \u017ee k t\u00fdmto tret\u00edm stran\u00e1m pristupujete prostredn\u00edctvom na\u0161ich webov\u00fdch str\u00e1nok. Odpor\u00fa\u010dame V\u00e1m, aby ste si pre\u010d\u00edtali Z\u00e1sady ochrany osobn\u00fdch \u00fadajov v\u0161etk\u00fdch webov\u00fdch str\u00e1nok alebo slu\u017eieb tret\u00edch str\u00e1n, ktor\u00e9 nav\u0161t\u00edvite, aby ste sa uistili, \u017ee s Va\u0161imi osobn\u00fdmi \u00fadajmi sa zaobch\u00e1dza na rovnakej \u00farovni ochrany ako pri pou\u017e\u00edvan\u00ed na\u0161ich webov\u00fdch str\u00e1nkach alebo slu\u017eieb.<\/p>\n\n\n\n<p>13. Zmeny t\u00fdchto Z\u00e1sad ochrany osobn\u00fdch \u00fadajov<\/p>\n\n\n\n<p>13.1 Tieto Z\u00e1sady ochrany osobn\u00fdch \u00fadajov m\u00f4\u017eeme z \u010dasu na \u010das aktualizova\u0165 alebo upravi\u0165 tak, aby odr\u00e1\u017eali zmeny v na\u0161ich postupoch spracovania \u00fadajov, v slu\u017eb\u00e1ch, ktor\u00e9 pon\u00fakame, alebo v pr\u00edslu\u0161n\u00fdch pr\u00e1vnych po\u017eiadavk\u00e1ch. Ke\u010f vykon\u00e1me zmeny v t\u00fdchto z\u00e1sad\u00e1ch ochrany osobn\u00fdch \u00fadajov, upozorn\u00edme V\u00e1s na to uverejnen\u00edm aktualizovanej verzie na na\u0161ej webovej lokalite a m\u00f4\u017eeme v\u00e1m tie\u017e posla\u0165 e-mail alebo poskytn\u00fa\u0165 in\u00e9 vhodn\u00e9 upozornenia. Aktualizovan\u00e9 Z\u00e1sady ochrany osobn\u00fdch \u00fadajov vst\u00fapia do platnosti odo d\u0148a ich zverejnenia na na\u0161ich webov\u00fdch str\u00e1nkach.<\/p>\n\n\n\n<p>13.2 Odpor\u00fa\u010dame V\u00e1m pravidelne kontrolova\u0165 tieto Z\u00e1sady ochrany osobn\u00fdch \u00fadajov, aby ste zostali informovan\u00ed o na\u0161ich postupoch ochrany \u00fadajov a aby ste sa uistili, \u017ee ste si vedom\u00ed ak\u00fdchko\u013evek zmien. Va\u0161e \u010fal\u0161ie pou\u017e\u00edvanie na\u0161ich webov\u00fdch str\u00e1nok alebo slu\u017eieb po d\u00e1tume \u00fa\u010dinnosti aktualizovan\u00fdch Z\u00e1sad ochrany osobn\u00fdch \u00fadajov reprezentuje V\u00e1\u0161 s\u00fahlas so zmenami.<\/p>\n\n\n\n<p>14. Kontaktn\u00e9 inform\u00e1cie<\/p>\n\n\n\n<p>14.1 Ak m\u00e1te ak\u00e9ko\u013evek ot\u00e1zky, obavy alebo pripomienky t\u00fdkaj\u00face sa t\u00fdchto Z\u00e1sad ochrany osobn\u00fdch \u00fadajov, na\u0161ich postupov spracovania \u00fadajov alebo Va\u0161ich pr\u00e1v v s\u00favislosti s Va\u0161imi osobn\u00fdmi \u00fadajmi, nev\u00e1hajte n\u00e1s kontaktova\u0165 pomocou nasleduj\u00facich \u00fadajov:<\/p>\n\n\n\n<p>N\u00e1zov spolo\u010dnosti: EnterTalkPro Ltd<br>Adresa: 8. poschodie, China Hong Kong Tower, 8-12 Hennessy Road, Wan Chai, Hong Kong<br>E-mail:&nbsp;management@entertalkpro.com<\/p>\n\n\n\n<p>14.2 Zaviazali sme sa rie\u0161i\u0165 Va\u0161e obavy a vyrie\u0161i\u0165 ak\u00e9ko\u013evek probl\u00e9my, ktor\u00e9 m\u00f4\u017eete ma\u0165 v s\u00favislosti so spracovan\u00edm Va\u0161ich osobn\u00fdch \u00fadajov. Ak sa domnievate, \u017ee sme dostato\u010dne nevyrie\u0161ili Va\u0161e obavy, m\u00e1te pr\u00e1vo poda\u0165 s\u0165a\u017enos\u0165 pr\u00edslu\u0161n\u00e9mu org\u00e1nu na ochranu \u00fadajov vo Va\u0161ej jurisdikcii.<\/p>\n","protected":false},"excerpt":{"rendered":"<p>1 \u00davod 1.1 T\u00fato webov\u00fa str\u00e1nku vlastn\u00ed a spravuje spolo\u010dnos\u0165 EnterTalkPro Ltd (\u010falej len \u201cSpolo\u010dnos\u0165\u201d) so s\u00eddlom na 8. poschod\u00ed, China Hong Kong Tower, 8-12 Hennessy Road, Wan Chai, Hong Kong, registrovan\u00e1 v obchodnom registri v Hong Kongu, s I\u010cO 3264433. 1.2 Ochrana Va\u0161ich \u00fadajov a s\u00fakromia je jednou z na\u0161ich najvy\u0161\u0161\u00edch prior\u00edt a t\u00fato &#8230; <a title=\"Z\u00e1sady ochrany osobn\u00fdch \u00fadajov\" class=\"read-more\" href=\"https:\/\/textingfactory.com\/sk\/zasady-ochrany-osobnych-udajov\/\" aria-label=\"Pre\u010d\u00edtajte si viac o Z\u00e1sady ochrany osobn\u00fdch \u00fadajov\">\u010c\u00edtaj viac \u2192<\/a><\/p>\n","protected":false},"author":4,"featured_media":0,"parent":0,"menu_order":0,"comment_status":"closed","ping_status":"open","template":"","meta":{"_pvb_checkbox_block_on_post":false,"footnotes":""},"class_list":{"0":"post-1972","1":"page","2":"type-page","3":"status-publish","5":"infinite-scroll-item"},"_links":{"self":[{"href":"https:\/\/textingfactory.com\/sk\/wp-json\/wp\/v2\/pages\/1972","targetHints":{"allow":["GET"]}}],"collection":[{"href":"https:\/\/textingfactory.com\/sk\/wp-json\/wp\/v2\/pages"}],"about":[{"href":"https:\/\/textingfactory.com\/sk\/wp-json\/wp\/v2\/types\/page"}],"author":[{"embeddable":true,"href":"https:\/\/textingfactory.com\/sk\/wp-json\/wp\/v2\/users\/4"}],"replies":[{"embeddable":true,"href":"https:\/\/textingfactory.com\/sk\/wp-json\/wp\/v2\/comments?post=1972"}],"version-history":[{"count":1,"href":"https:\/\/textingfactory.com\/sk\/wp-json\/wp\/v2\/pages\/1972\/revisions"}],"predecessor-version":[{"id":1973,"href":"https:\/\/textingfactory.com\/sk\/wp-json\/wp\/v2\/pages\/1972\/revisions\/1973"}],"wp:attachment":[{"href":"https:\/\/textingfactory.com\/sk\/wp-json\/wp\/v2\/media?parent=1972"}],"curies":[{"name":"wp","href":"https:\/\/api.w.org\/{rel}","templated":true}]}}