{"id":1986,"date":"2021-11-18T21:49:33","date_gmt":"2021-11-19T02:49:33","guid":{"rendered":"https:\/\/textingfactory.com\/vanlige-sporsmal\/"},"modified":"2024-03-01T05:30:36","modified_gmt":"2024-03-01T10:30:36","slug":"vanlige-sporsmal","status":"publish","type":"page","link":"https:\/\/textingfactory.com\/no\/vanlige-sporsmal\/","title":{"rendered":"Vanlige sp\u00f8rsm\u00e5l"},"content":{"rendered":"<section class=\"gb-container gb-container-e50fa2a2\">\n\n<p class=\"gb-headline gb-headline-56fd3281 gb-headline-text\">Svar p\u00e5 alle dine sp\u00f8rsm\u00e5l<\/p>\n\n\n\n<h2 class=\"gb-headline gb-headline-546ccb39 gb-headline-text\">Ofte stilte sp\u00f8rsm\u00e5l (FAQ) p\u00e5 norsk<\/h2>\n\n<\/section>\n\n<section class=\"gb-container gb-container-756dddac faq\">\n<div class=\"gb-container gb-container-acf4b13b\">\n<div class=\"gb-container gb-container-c90f3ea0\">\n<div id=\"rank-math-faq\" class=\"rank-math-block\">\n<div class=\"rank-math-list \">\n<div id=\"faq-question-1688548267071\" class=\"rank-math-list-item\">\n<h6 class=\"rank-math-question \">Hva trenger jeg for \u00e5 komme i gang?<\/h6>\n<div class=\"rank-math-answer \">\n\n<p>Du trenger en internettforbindelse og en PC &#8211; deretter vil vi gi deg oppl\u00e6ring. Etter det er du en godkjent chat-operat\u00f8r, og du kan jobbe fra en mobiltelefon, nettbrett eller PC. Valget er ditt.<\/p>\n\n<\/div>\n<\/div>\n<div id=\"faq-question-1688548369887\" class=\"rank-math-list-item\">\n<h6 class=\"rank-math-question \">Hvilken type ansettelse vil jeg ha, og f\u00e5r jeg noen kontrakt?<\/h6>\n<div class=\"rank-math-answer \">\n\n<p>Du vil bli ansatt som frilanser og m\u00e5 signere v\u00e5r frilanskontrakt (taushetserkl\u00e6ring).<\/p>\n\n<\/div>\n<\/div>\n<div id=\"faq-question-1688548382440\" class=\"rank-math-list-item\">\n<h6 class=\"rank-math-question \">Binder jeg meg til en spesifikk arbeidsperiode n\u00e5r jeg jobber med dere?<\/h6>\n<div class=\"rank-math-answer \">\n\n<p>Nei. Som frilanser kan du slutte i jobben n\u00e5r du selv \u00f8nsker.<\/p>\n\n<\/div>\n<\/div>\n<div id=\"faq-question-1688548390273\" class=\"rank-math-list-item\">\n<h6 class=\"rank-math-question \"><br>M\u00e5 jeg betale noen gebyrer f\u00f8r jeg blir ansatt?<\/h6>\n<div class=\"rank-math-answer \">\n\n<p>Nei, absolutt ikke. Vi vil aldri kreve noen gebyrer p\u00e5 forh\u00e5nd for \u00e5 bli med i teamet v\u00e5rt.<\/p>\n\n<\/div>\n<\/div>\n<div id=\"faq-question-1688548429659\" class=\"rank-math-list-item\">\n<h6 class=\"rank-math-question \">Hvor raskt kan jeg begynne \u00e5 jobbe?<\/h6>\n<div class=\"rank-math-answer \">\n\n<p>Hele prosessen fra registrering til arbeid er vanligvis gjort innen 3 dager.<\/p>\n\n<\/div>\n<\/div>\n<div id=\"faq-question-1688548438875\" class=\"rank-math-list-item\">\n<h6 class=\"rank-math-question \">Spiller det noen rolle hva kj\u00f8nnet mitt er?<\/h6>\n<div class=\"rank-math-answer \">\n\n<p>Kj\u00f8nn spiller absolutt ingen rolle, og vi \u00f8nsker alle velkommen. Det viktige er at du er over 18 \u00e5r gammel og klar for \u00e5 jobbe og ha det g\u00f8y.<\/p>\n\n<\/div>\n<\/div>\n<\/div>\n<\/div>\n<\/div>\n\n<div class=\"gb-container gb-container-a05c08fa\">\n<div id=\"rank-math-faq\" class=\"rank-math-block\">\n<div class=\"rank-math-list \">\n<div id=\"faq-question-1688548458046\" class=\"rank-math-list-item\">\n<h6 class=\"rank-math-question \">Kan jeg forbli anonym mens jeg jobber for dere?<\/h6>\n<div class=\"rank-math-answer \">\n\n<p>Ja, alltid! Du vil logge inn p\u00e5 v\u00e5r plattform med et unikt brukernavn og passord, og du vil svare p\u00e5 meldinger p\u00e5 v\u00e5r plattform anonymt og sikkert. Din virkelige identitet og personlige informasjon vil aldri bli avsl\u00f8rt for noen, og du er garantert \u00e5 v\u00e6re anonym n\u00e5r du jobber for oss.<\/p>\n\n<\/div>\n<\/div>\n<div id=\"faq-question-1688548482061\" class=\"rank-math-list-item\">\n<h6 class=\"rank-math-question \">Kan jeg bli gjenkjent p\u00e5 plattformen jeg jobber fra?<\/h6>\n<div class=\"rank-math-answer \">\n\n<p>Nei, du er absolutt garantert \u00e5 v\u00e6re anonym n\u00e5r du jobber for oss. Du opererer kun chatten med tekstmeldinger.<\/p>\n\n<\/div>\n<\/div>\n<div id=\"faq-question-1688548511295\" class=\"rank-math-list-item\">\n<h6 class=\"rank-math-question \">Hvorfor trenger dere \u00e5 sjekke ID-en min?<\/h6>\n<div class=\"rank-math-answer \">\n\n<p>Vi trenger \u00e5 bekrefte identiteten din, forsikre oss om at du er over 18 \u00e5r gammel, og forsikre oss om at vi betaler riktig person.<\/p>\n\n<\/div>\n<\/div>\n<div id=\"faq-question-1688548526213\" class=\"rank-math-list-item\">\n<h6 class=\"rank-math-question \">Hvem vil verifisere ID-en min?<\/h6>\n<div class=\"rank-math-answer \">\n\n<p>For \u00e5 verifisere identiteter har vi inng\u00e5tt et partnerskap med Evalid. De vil vurdere ID-en din og gi oss beskjed om alt er i orden.<\/p>\n\n<\/div>\n<\/div>\n<div id=\"faq-question-1688548528315\" class=\"rank-math-list-item\">\n<h6 class=\"rank-math-question \">N\u00e5r og hvordan f\u00e5r jeg betalt?<\/h6>\n<div class=\"rank-math-answer \">\n\n<p>Du vil f\u00e5 betalt ukentlig, og som chat-operat\u00f8r kan du derfor tjene penger fra uke til uke. Vi har ett l\u00f8fte &#8211; vi betaler alltid i tide!<\/p>\n\n<\/div>\n<\/div>\n<div id=\"faq-question-1688548529358\" class=\"rank-math-list-item\">\n<h6 class=\"rank-math-question \">Hvor mye kan jeg forvente \u00e5 tjene?<\/h6>\n<div class=\"rank-math-answer \">\n\n<p>Hvor mye penger du tjener avhenger av hvor mye arbeid du legger inn. Du f\u00e5r betalt per melding du sender. Noen chat-operat\u00f8rer tjener en veldig anstendig l\u00f8nn, mens andre bare nyter litt ekstra lommepenger.<\/p>\n\n<\/div>\n<\/div>\n<div id=\"faq-question-1688548530162\" class=\"rank-math-list-item\">\n<h6 class=\"rank-math-question \">Kan jeg leve av \u00e5 gj\u00f8re denne jobben?<\/h6>\n<div class=\"rank-math-answer \">\n\n<p>a, det er folk som har dette som sin heltidsjobb, s\u00e5 det er absolutt mulig. De fleste av v\u00e5re chat-operat\u00f8rer velger \u00e5 gj\u00f8re denne jobben deltid, ved siden av en annen jobb.<\/p>\n\n<\/div>\n<\/div>\n<\/div>\n<\/div>\n<\/div>\n<\/div>\n<\/section>","protected":false},"excerpt":{"rendered":"","protected":false},"author":3,"featured_media":0,"parent":0,"menu_order":0,"comment_status":"closed","ping_status":"closed","template":"","meta":{"_pvb_checkbox_block_on_post":false,"footnotes":""},"class_list":{"0":"post-1986","1":"page","2":"type-page","3":"status-publish","5":"infinite-scroll-item"},"_links":{"self":[{"href":"https:\/\/textingfactory.com\/no\/wp-json\/wp\/v2\/pages\/1986","targetHints":{"allow":["GET"]}}],"collection":[{"href":"https:\/\/textingfactory.com\/no\/wp-json\/wp\/v2\/pages"}],"about":[{"href":"https:\/\/textingfactory.com\/no\/wp-json\/wp\/v2\/types\/page"}],"author":[{"embeddable":true,"href":"https:\/\/textingfactory.com\/no\/wp-json\/wp\/v2\/users\/3"}],"replies":[{"embeddable":true,"href":"https:\/\/textingfactory.com\/no\/wp-json\/wp\/v2\/comments?post=1986"}],"version-history":[{"count":3,"href":"https:\/\/textingfactory.com\/no\/wp-json\/wp\/v2\/pages\/1986\/revisions"}],"predecessor-version":[{"id":2094,"href":"https:\/\/textingfactory.com\/no\/wp-json\/wp\/v2\/pages\/1986\/revisions\/2094"}],"wp:attachment":[{"href":"https:\/\/textingfactory.com\/no\/wp-json\/wp\/v2\/media?parent=1986"}],"curies":[{"name":"wp","href":"https:\/\/api.w.org\/{rel}","templated":true}]}}