{"id":1979,"date":"2021-11-18T21:40:49","date_gmt":"2021-11-19T02:40:49","guid":{"rendered":"https:\/\/textingfactory.com\/om-oss\/"},"modified":"2024-02-27T12:58:13","modified_gmt":"2024-02-27T17:58:13","slug":"om-oss","status":"publish","type":"page","link":"https:\/\/textingfactory.com\/no\/om-oss\/","title":{"rendered":"Om oss"},"content":{"rendered":"<section class=\"gb-container gb-container-755f2a82\">\n<div class=\"gb-container gb-container-4c431543\"><\/div>\n\n<div class=\"gb-container gb-container-b9af74e9\">\n\n<h2 class=\"gb-headline gb-headline-546ccb39 gb-headline-text\">Oppdag en verden av muligheter hos <mark class=\"gb-highlight\">Texting Factory<\/mark>!<\/h2>\n\n\n\n<p>Velkommen til Texting Factory, der din lidenskap for samtale skaper givende muligheter! V\u00e5r jobb er \u00e5 finne dyktige mennesker for spennende roller som chatoperat\u00f8rer og moderatorer. <\/p>\n\n\n\n<p><strong>V\u00e5r misjon er enkel: \u00e5 tilby en arbeidsplass som er like dynamisk og mangfoldig som du er.<\/strong><\/p>\n\n\n\n<p>Vi har spesialisert oss p\u00e5 \u00e5 tilby en rekke chatmoderator-tjenester til selskaper over hele verden. Vi har et team av spesialiserte operat\u00f8rer som kan betjene ulike nisjemarkeder.<\/p>\n\n\n\n<p>Derfor kan vi tilby chat-operat\u00f8rer som kan lede samtaler innen et bredt spekter av emner. Operat\u00f8rene v\u00e5re s\u00f8rger for at alle brukere f\u00e5r en hyggelig opplevelse, samtidig som de respekterer de grensene kundene v\u00e5re setter.<\/p>\n\n\n\n<p>Du kan jobbe n\u00e5r du vil, hvor som helst, og f\u00e5 betalt for hver eneste melding du h\u00e5ndterer. Ta p\u00e5 deg ulike roller, del det du har p\u00e5 hjertet og f\u00e5 kontakt med mennesker fra alle samfunnslag.<\/p>\n\n<\/div>\n<\/section><section class=\"gb-container gb-container-f3467f0c\">\n<div class=\"gb-container gb-container-4a6cab3d\">\n<div class=\"gb-grid-wrapper gb-grid-wrapper-88c97c95\">\n<div class=\"gb-grid-column gb-grid-column-c9653bb4\"><div class=\"gb-container gb-container-c9653bb4\">\n\n<h2 class=\"gb-headline gb-headline-58c31ef8\"><span class=\"gb-icon\"><svg xmlns=\"http:\/\/www.w3.org\/2000\/svg\" viewBox=\"0 0 191.587 191.587\"><path d=\"M147.734 39.502c-2.135-1.818-5.122-1.66-7.67-.664-3.916-18.457-19.422-33.465-40.672-33.656-18.558-.166-35.581 14.998-41.3 32.753-.831-.575-1.938-.85-2.885-.776-2.785.218-5.014 2.471-6.142 4.906-1.208 2.608-1.704 5.802-.125 8.38 1.518 2.479 4.443 3.324 7.271 3.229.335 3.688 1.23 7.332 2.809 10.825.608 1.342 2.935.698 2.798-.758-1.005-10.708.853-21.906 5.582-31.213 11.589-1.13 19.128 11.779 30.741 12.002 12.327.236 22.359-8.142 34.468-9.18 2.845 8.805 2.822 18.748-.636 27.576-1.443 3.686 4.48 5.261 5.909 1.629a45.32 45.32 0 0 0 2.481-8.91c1.703 2.035 4.648.147 5.927-1.334 1.75-2.027 2.854-4.759 3.261-7.385.391-2.525.3-5.622-1.817-7.424zM166.063 96.245c-.183-6.414-1.076-12.726-.095-19.127.197-1.282-.078-2.855-1.415-3.479-22.557-10.506-48.942 2.753-69.93 12.053-15.25-16.296-43.06-22.97-64.499-17.394a2.505 2.505 0 0 0-2.449.476c-3.098 2.688-1.998 8.537-1.652 12.153.5 5.219 1.34 10.622 2.51 15.729a1.3 1.3 0 0 0 .264.529c-.276.916.116 1.943.932 2.565 7.078 5.395 12.182 9.707 15.794 18.359 6.944 16.637-.466 32.169-17.769 36.558-1.282.325-2.21 1.579-2.201 2.89.025 3.516-1.004 9.534 2.516 11.69.799.489 1.797.396 2.543-.082 14.291.559 28.537-.56 42.19 4.534 5.154 1.923 10.193 4.146 15.111 6.608a50.452 50.452 0 0 1 4.914 2.836 4.85 4.85 0 0 1 1.418 1.275l.065.097c.227 1.215 1.556 2.218 2.797 1.788 1.939-.671 2.796-1.547 2.908-2.535 3.166-.487 5.684-2.078 8.639-3.464 5.163-2.423 10.701-4.037 16.221-5.407 11.66-2.892 23.94-3.626 35.823-1.798 1.956.301 3.921-.797 3.922-2.987.001-3.071 1.051-8.194-.853-10.916-.987-1.41-2.683-1.612-3.888-.633-1.02-.057-2.004.044-3.208.122-4.021.26-6.977-3.204-9.065-6.122-3.778-5.281-5.72-12.309-5.975-18.734-.368-9.256 4.159-19.052 10.937-25.119 3.491-3.125 8.669-3.446 12.103-6.521l-.035-.02c.145-.142.287-.302.433-.494.762-1.004.42-2.128-.334-2.899.797-.46 1.364-1.303 1.328-2.531zm-21.421 11.842c-6.673 7.306-10.255 19.895-8.79 29.649 1.294 8.612 4.767 17.782 11.697 23.408 2.673 2.169 7.143 3.602 10.596 2.69-.017.919.025 1.858.086 2.77-10.862-1.171-21.581-.408-32.339 1.927-7.826 1.699-22.015 5.354-26.899 12.701-.366-.448-.83-.904-1.343-1.361 2.636-28.857.834-58.406.513-87.32-.024-2.125-3.277-2.125-3.297 0-.265 28.406-.791 57.15.528 85.554-4.652-3.258-11.273-6.201-12.355-6.663-17.112-7.312-32.867-7.462-51.117-6.391.032-1.716-.146-3.518-.273-5.244 13.844-4.208 22.721-14.892 22.373-29.976-.2-8.646-3.837-18.101-9.474-24.627-2.636-3.053-4.786-5.119-8.371-6.871-1.458-.713-2.946-1.372-4.425-2.038-.061-.028-.107-.044-.163-.068.764-4.519.143-9.201-.155-13.742-.162-2.464-.251-4.918-.156-7.386.044-1.151.277-2.114.366-3.101 20.898-1.893 43.91 3.054 59.063 18.235 1.399 1.401 3.146 1.002 4.178-.098 19.966-5.485 43.806-20.362 64.812-11.928-.561 6.03.037 11.921.239 18.038.023.7.242 1.271.574 1.723-5.876.908-12.35 6.267-15.868 10.119z\"><\/path><path d=\"M30.964 118.438c2.133-4.666 2.394-10.799-2.43-13.869-7.362-4.685-14.055-.004-19.458 5.373-5.657 5.63-10.336 14.01-8.771 22.274.828 4.374 2.87 7.896 5.636 10.812 3.147 4.113 7.533 7.264 12.304 8.216.279.056.549.054.81.024 8.642 2.138 15.33-4.266 12.306-12.336 8.663-4.678 8.483-16.35-.397-20.494zm-6.17.114a1.974 1.974 0 0 0-.315.727c-.045-.005-.088.01-.133.008 1.815-3.855 2.995-7.809 2.281-11.032 1.799 2.624-.961 9.108-1.833 10.297zM164.482 103.187c-8.521 1.717-13.52 13.996-6.458 18.341-6.374 3.942-7.87 12.374-1.168 16.268-3.722 5.004 1.888 11.758 9.366 13.945 13.263 3.88 24.59-11.609 25.312-23.198.95-15.244-11.388-28.513-27.052-25.356z\"><\/path><\/svg><\/span><span class=\"gb-headline-text\">25320<\/span><\/h2>\n\n\n\n<p class=\"gb-headline gb-headline-77bce976 gb-headline-text\">\u00c5rlige trente Operat\u00f8rer<\/p>\n\n<\/div><\/div>\n\n<div class=\"gb-grid-column gb-grid-column-c91a1aa9\"><div class=\"gb-container gb-container-c91a1aa9\">\n\n<h2 class=\"gb-headline gb-headline-dcda2326\"><span class=\"gb-icon\"><svg aria-hidden=\"true\" role=\"img\" height=\"1em\" width=\"1em\" viewBox=\"0 0 576 512\" xmlns=\"http:\/\/www.w3.org\/2000\/svg\"><path fill=\"currentColor\" d=\"M259.3 17.8L194 150.2 47.9 171.5c-26.2 3.8-36.7 36.1-17.7 54.6l105.7 103-25 145.5c-4.5 26.3 23.2 46 46.4 33.7L288 439.6l130.7 68.7c23.2 12.2 50.9-7.4 46.4-33.7l-25-145.5 105.7-103c19-18.5 8.5-50.8-17.7-54.6L382 150.2 316.7 17.8c-11.7-23.6-45.6-23.9-57.4 0z\"><\/path><\/svg><\/span><span class=\"gb-headline-text\">57<\/span><\/h2>\n\n\n\n<p class=\"gb-headline gb-headline-f0ad458c gb-headline-text\">Trenere tilgjengelige<\/p>\n\n<\/div><\/div>\n\n<div class=\"gb-grid-column gb-grid-column-01c17f7b\"><div class=\"gb-container gb-container-01c17f7b\">\n\n<h2 class=\"gb-headline gb-headline-17921357\"><span class=\"gb-icon\"><svg viewBox=\"0 0 122.88 106.3\" xmlns=\"http:\/\/www.w3.org\/2000\/svg\"><path d=\"m58.15 52.98 28.6-18.22c.2-.15.48-.12.65.06l2.76 2.94c.17.18.18.47.02.66L68.51 63.6c-3.08 3.31-6.37 3.96-9.02 3.1a7.441 7.441 0 0 1-3.35-2.25 7.71 7.71 0 0 1-1.74-3.61c-.49-2.67.49-5.66 3.73-7.85l.02-.01zm-38.82 53.19c-3.05-2.87-5.8-6.05-8.21-9.48-2.39-3.4-4.44-7.06-6.11-10.91a61.74 61.74 0 0 1-3.75-11.9C.44 69.86 0 65.7 0 61.44c0-8.32 1.66-16.25 4.65-23.49A61.495 61.495 0 0 1 18 18 61.468 61.468 0 0 1 37.95 4.66C45.19 1.66 53.12 0 61.44 0c8.3 0 16.21 1.66 23.43 4.66 7.52 3.12 14.28 7.7 19.95 13.37A61.825 61.825 0 0 1 118.2 38a60.937 60.937 0 0 1 4.68 23.44c0 4.05-.4 8.01-1.16 11.85a60.98 60.98 0 0 1-9.1 21.95 62.84 62.84 0 0 1-7.6 9.3c-.19.19-.51.19-.7 0l-3.07-3.06a.452.452 0 0 1-.17-.11l-8.56-8.56a.501.501 0 0 1 0-.7l4.49-4.49c.19-.19.51-.19.7 0l6.61 6.61a54.73 54.73 0 0 0 3.85-5.7c1.25-2.12 2.35-4.34 3.3-6.63a53.01 53.01 0 0 0 2.97-9.71c.64-3.12 1-6.35 1.07-9.64h-9.11c-.27 0-.5-.22-.5-.5V55.7c0-.27.22-.5.5-.5h8.76a53.729 53.729 0 0 0-4.72-16.58 54.588 54.588 0 0 0-9.82-14.37l-5.86 5.86c-.19.19-.51.19-.7 0l-4.49-4.49a.501.501 0 0 1 0-.7l5.65-5.65a54.228 54.228 0 0 0-14.87-8.5A53.572 53.572 0 0 0 63.6 7.39v8.03c0 .27-.22.5-.5.5h-6.36c-.27 0-.5-.22-.5-.5V7.59c-5.83.55-11.4 2.04-16.54 4.29a54.315 54.315 0 0 0-14.42 9.3l5.87 5.87c.19.19.19.51 0 .7l-4.49 4.49c-.19.19-.51.19-.7 0l-5.8-5.8c-3.73 4.4-6.78 9.41-8.96 14.86-2.1 5.3-3.41 10.99-3.76 16.93h9.03c.27 0 .5.22.5.5v6.36c0 .27-.22.5-.5.5H7.5c.22 2.94.68 5.8 1.35 8.58.72 3.01 1.7 5.92 2.91 8.72a54.31 54.31 0 0 0 3.64 6.98c1.29 2.09 2.72 4.09 4.28 5.97l7.24-7.24c.19-.19.51-.19.7 0l4.49 4.49c.19.19.19.51 0 .7-4.14 4.14-8.09 8.11-12.09 12.36a.48.48 0 0 1-.69.02z\"><\/path><\/svg><\/span><span class=\"gb-headline-text\">144000<\/span><\/h2>\n\n\n\n<p class=\"gb-headline gb-headline-691e39c6 gb-headline-text\">Meldinger sendt daglig<\/p>\n\n<\/div><\/div>\n\n<div class=\"gb-grid-column gb-grid-column-65a4eea5\"><div class=\"gb-container gb-container-65a4eea5\">\n\n<h2 class=\"gb-headline gb-headline-dd33b3b4\"><span class=\"gb-icon\"><svg aria-hidden=\"true\" role=\"img\" height=\"1em\" width=\"1em\" viewBox=\"0 0 512 512\" xmlns=\"http:\/\/www.w3.org\/2000\/svg\"><path fill=\"currentColor\" d=\"M173.898 439.404l-166.4-166.4c-9.997-9.997-9.997-26.206 0-36.204l36.203-36.204c9.997-9.998 26.207-9.998 36.204 0L192 312.69 432.095 72.596c9.997-9.997 26.207-9.997 36.204 0l36.203 36.204c9.997 9.997 9.997 26.206 0 36.204l-294.4 294.401c-9.998 9.997-26.207 9.997-36.204-.001z\"><\/path><\/svg><\/span><span class=\"gb-headline-text\">95%<\/span><\/h2>\n\n\n\n<p class=\"gb-headline gb-headline-fae0f57a gb-headline-text\">S\u00f8keres suksessrate<\/p>\n\n<\/div><\/div>\n<\/div>\n<\/div>\n<\/section><section class=\"gb-container gb-container-eafbbc9f\">\n<div class=\"gb-container gb-container-360d81f1\">\n\n<h2 class=\"gb-headline gb-headline-0ca12cd7 gb-headline-text\">Hva vi <mark class=\"gb-highlight\">st\u00e5r for<\/mark><\/h2>\n\n\n\n<h3 class=\"wp-block-heading\">Hvem vi er<\/h3>\n\n\n\n<p>Texting Factory er et team som lever og \u00e5nder for digital kommunikasjon. Vi kombinerer menneskelig varme med teknologisk innovasjon for \u00e5 skape et arbeidsmilj\u00f8 som er b\u00e5de engasjerende og effektivt.<\/p>\n\n\n\n<h3 class=\"wp-block-heading\">Hva vi gj\u00f8r<\/h3>\n\n\n\n<p>Vi gir deg en plattform der du kan briljere som chat-spesialist. Enten du har talent for livlige chatter eller for \u00e5 moderere ettertenksomt, har vi en rekke roller som passer til dine ferdigheter. <\/p>\n\n\n\n<p>V\u00e5re chatteemner spenner fra hverdagslig sm\u00e5prat til dypere inng\u00e5ende diskusjoner. Det er noe for enhver smak.<\/p>\n\n\n\n<h3 class=\"wp-block-heading\">V\u00e5r forpliktelse<\/h3>\n\n\n\n<p>Din vekst og tilfredshet st\u00e5r i sentrum for alt vi gj\u00f8r. I Texting Factory er vi opptatt av \u00e5 tilby et berikende, st\u00f8ttende og fleksibelt arbeidsmilj\u00f8. <\/p>\n\n\n\n<p>Vi er her for \u00e5 sikre at du bidrar til v\u00e5r suksess samtidig som du n\u00e5r dine personlige og profesjonelle m\u00e5l.<\/p>\n\n<\/div>\n\n<div class=\"gb-container gb-container-540ac96a hide-on-mobile\"><\/div>\n<\/section><section class=\"gb-container gb-container-c3218ee8\">\n<div class=\"gb-container gb-container-d820909a\"><\/div>\n\n<div class=\"gb-container gb-container-5d05bc08\">\n\n<h2 class=\"gb-headline gb-headline-c384c1fa gb-headline-text\">Hvorfor bli med i <mark class=\"gb-highlight\">Texting Factory<\/mark><\/h2>\n\n\n\n<p><strong>Fleksibilitet:<\/strong> Nyt friheten til \u00e5 jobbe hvor som helst og tilpasse jobben til livet ditt, ikke omvendt.<\/p>\n\n\n\n<p><strong>Variasjon:<\/strong> Du kan fordype deg i et bredt spekter av chatteemner, noe som gj\u00f8r arbeidsdagen interessant og engasjerende.<\/p>\n\n\n\n<p><strong>Utvikling:<\/strong> Forbedre kommunikasjonsferdighetene dine og f\u00e5 erfaring i en fremtidsrettet digital arbeidsplass.<\/p>\n\n\n\n<p><strong>Fellesskap:<\/strong> Bli en del av et st\u00f8ttende nettverk, med oppl\u00e6ring og veiledning som hjelper deg \u00e5 utmerke deg i rollen din.<\/p>\n\n\n\n<p><strong>Inntjening:<\/strong> F\u00e5 konkurransedyktig kompensasjon for hver melding du sender, med potensial for h\u00f8yere inntjening gjennom engasjerende og lengre samtaler.<\/p>\n\n<\/div>\n<\/section><section class=\"gb-container gb-container-e1c94069\">\n\n<p class=\"gb-headline gb-headline-35967324 gb-headline-text\">Forn\u00f8yde Kollegaer<\/p>\n\n\n\n<h2 class=\"gb-headline gb-headline-1ea6b28e gb-headline-text\">Hva V\u00e5re <mark class=\"gb-highlight\">Chat Spesialister<\/mark> Sier<\/h2>\n\n\n<div class=\"gb-grid-wrapper gb-grid-wrapper-b69a4e61\">\n<div class=\"gb-grid-column gb-grid-column-83317347\"><div class=\"gb-container gb-container-83317347 box-shadow-2\">\n<div class=\"gb-container gb-container-10e8f3af\">\n<div class=\"gb-container gb-container-51ea849a\">\n\n<figure class=\"wp-block-gallery aligncenter has-nested-images columns-default is-cropped wp-block-gallery-1 is-layout-flex wp-block-gallery-is-layout-flex\">\n<figure class=\"wp-block-image size-full is-resized photo-border is-style-rounded\"><img loading=\"lazy\" decoding=\"async\" width=\"500\" height=\"500\" data-id=\"1769\" src=\"https:\/\/textingfactory.com\/wp-content\/uploads\/2024\/02\/Testimonial-1.jpeg\" alt=\"\" class=\"wp-image-1769\" srcset=\"https:\/\/textingfactory.com\/wp-content\/uploads\/2024\/02\/Testimonial-1.jpeg 500w, https:\/\/textingfactory.com\/wp-content\/uploads\/2024\/02\/Testimonial-1-300x300.jpeg 300w, https:\/\/textingfactory.com\/wp-content\/uploads\/2024\/02\/Testimonial-1-150x150.jpeg 150w, https:\/\/textingfactory.com\/wp-content\/uploads\/2024\/02\/Testimonial-1-120x120.jpeg 120w\" sizes=\"auto, (max-width: 500px) 100vw, 500px\" \/><\/figure>\n<\/figure>\n\n<\/div>\n\n<div class=\"gb-container gb-container-bea3f373\">\n\n<h3 class=\"gb-headline gb-headline-b4eb1953 gb-headline-text\">Heather<\/h3>\n\n\n\n<p class=\"gb-headline gb-headline-6589e906 gb-headline-text\">41, Enslig Mor<\/p>\n\n<\/div>\n<\/div>\n\n\n<p class=\"gb-headline gb-headline-0a08d794 gb-headline-text\">Jeg jobber for \u00f8yeblikket som chat-moderator. Personlig liker jeg virkelig den fleksible arbeidstiden, det st\u00f8ttende teamet, inntektspotensialet og den ukentlige l\u00f8nnsslippen. Jeg ville definitivt anbefalt denne jobben til en venn!<\/p>\n\n\n\n<div class=\"gb-headline gb-headline-5e89edc6\"><span class=\"gb-icon\"><svg aria-hidden=\"true\" role=\"img\" height=\"1em\" width=\"1em\" viewBox=\"0 0 576 512\" xmlns=\"http:\/\/www.w3.org\/2000\/svg\"><path fill=\"currentColor\" d=\"M259.3 17.8L194 150.2 47.9 171.5c-26.2 3.8-36.7 36.1-17.7 54.6l105.7 103-25 145.5c-4.5 26.3 23.2 46 46.4 33.7L288 439.6l130.7 68.7c23.2 12.2 50.9-7.4 46.4-33.7l-25-145.5 105.7-103c19-18.5 8.5-50.8-17.7-54.6L382 150.2 316.7 17.8c-11.7-23.6-45.6-23.9-57.4 0z\"><\/path><\/svg><\/span><\/div>\n\n\n\n<div class=\"gb-headline gb-headline-39967218\"><span class=\"gb-icon\"><svg aria-hidden=\"true\" role=\"img\" height=\"1em\" width=\"1em\" viewBox=\"0 0 576 512\" xmlns=\"http:\/\/www.w3.org\/2000\/svg\"><path fill=\"currentColor\" d=\"M259.3 17.8L194 150.2 47.9 171.5c-26.2 3.8-36.7 36.1-17.7 54.6l105.7 103-25 145.5c-4.5 26.3 23.2 46 46.4 33.7L288 439.6l130.7 68.7c23.2 12.2 50.9-7.4 46.4-33.7l-25-145.5 105.7-103c19-18.5 8.5-50.8-17.7-54.6L382 150.2 316.7 17.8c-11.7-23.6-45.6-23.9-57.4 0z\"><\/path><\/svg><\/span><\/div>\n\n\n\n<div class=\"gb-headline gb-headline-629b965b\"><span class=\"gb-icon\"><svg aria-hidden=\"true\" role=\"img\" height=\"1em\" width=\"1em\" viewBox=\"0 0 576 512\" xmlns=\"http:\/\/www.w3.org\/2000\/svg\"><path fill=\"currentColor\" d=\"M259.3 17.8L194 150.2 47.9 171.5c-26.2 3.8-36.7 36.1-17.7 54.6l105.7 103-25 145.5c-4.5 26.3 23.2 46 46.4 33.7L288 439.6l130.7 68.7c23.2 12.2 50.9-7.4 46.4-33.7l-25-145.5 105.7-103c19-18.5 8.5-50.8-17.7-54.6L382 150.2 316.7 17.8c-11.7-23.6-45.6-23.9-57.4 0z\"><\/path><\/svg><\/span><\/div>\n\n\n\n<div class=\"gb-headline gb-headline-dc4aa97c\"><span class=\"gb-icon\"><svg aria-hidden=\"true\" role=\"img\" height=\"1em\" width=\"1em\" viewBox=\"0 0 576 512\" xmlns=\"http:\/\/www.w3.org\/2000\/svg\"><path fill=\"currentColor\" d=\"M259.3 17.8L194 150.2 47.9 171.5c-26.2 3.8-36.7 36.1-17.7 54.6l105.7 103-25 145.5c-4.5 26.3 23.2 46 46.4 33.7L288 439.6l130.7 68.7c23.2 12.2 50.9-7.4 46.4-33.7l-25-145.5 105.7-103c19-18.5 8.5-50.8-17.7-54.6L382 150.2 316.7 17.8c-11.7-23.6-45.6-23.9-57.4 0z\"><\/path><\/svg><\/span><\/div>\n\n\n\n<div class=\"gb-headline gb-headline-6ccff07f\"><span class=\"gb-icon\"><svg aria-hidden=\"true\" role=\"img\" height=\"1em\" width=\"1em\" viewBox=\"0 0 576 512\" xmlns=\"http:\/\/www.w3.org\/2000\/svg\"><path fill=\"currentColor\" d=\"M259.3 17.8L194 150.2 47.9 171.5c-26.2 3.8-36.7 36.1-17.7 54.6l105.7 103-25 145.5c-4.5 26.3 23.2 46 46.4 33.7L288 439.6l130.7 68.7c23.2 12.2 50.9-7.4 46.4-33.7l-25-145.5 105.7-103c19-18.5 8.5-50.8-17.7-54.6L382 150.2 316.7 17.8c-11.7-23.6-45.6-23.9-57.4 0z\"><\/path><\/svg><\/span><\/div>\n\n<\/div><\/div>\n\n<div class=\"gb-grid-column gb-grid-column-e3db08c7\"><div class=\"gb-container gb-container-e3db08c7 box-shadow-2\">\n<div class=\"gb-container gb-container-e8dd4894\">\n<div class=\"gb-container gb-container-384f4523\">\n<div class=\"wp-block-image photo-border is-style-rounded\">\n<figure class=\"aligncenter size-full\"><img loading=\"lazy\" decoding=\"async\" width=\"500\" height=\"500\" src=\"https:\/\/textingfactory.com\/wp-content\/uploads\/2024\/02\/Testimonial2-.jpeg\" alt=\"\" class=\"wp-image-1767\" srcset=\"https:\/\/textingfactory.com\/wp-content\/uploads\/2024\/02\/Testimonial2-.jpeg 500w, https:\/\/textingfactory.com\/wp-content\/uploads\/2024\/02\/Testimonial2--300x300.jpeg 300w, https:\/\/textingfactory.com\/wp-content\/uploads\/2024\/02\/Testimonial2--150x150.jpeg 150w, https:\/\/textingfactory.com\/wp-content\/uploads\/2024\/02\/Testimonial2--120x120.jpeg 120w\" sizes=\"auto, (max-width: 500px) 100vw, 500px\" \/><\/figure>\n<\/div>\n<\/div>\n\n<div class=\"gb-container gb-container-4f9335a8\">\n\n<h3 class=\"gb-headline gb-headline-cf994506 gb-headline-text\">Ashley<\/h3>\n\n\n\n<p class=\"gb-headline gb-headline-b32296a3 gb-headline-text\">23, Student<\/p>\n\n<\/div>\n<\/div>\n\n\n<p class=\"gb-headline gb-headline-2d3a6d79 gb-headline-text\">F\u00f8r jeg startet her, hadde jeg erfaring fra en lignende bransje. Men \u00e6rlig talt, dette er den beste nettjobben av alle de jeg har pr\u00f8vd! Jeg liker den fleksible naturen og muligheten til \u00e5 tjene mer hvis jeg vil ved \u00e5 jobbe mer.<\/p>\n\n\n\n<div class=\"gb-headline gb-headline-a7b41cdd\"><span class=\"gb-icon\"><svg aria-hidden=\"true\" role=\"img\" height=\"1em\" width=\"1em\" viewBox=\"0 0 576 512\" xmlns=\"http:\/\/www.w3.org\/2000\/svg\"><path fill=\"currentColor\" d=\"M259.3 17.8L194 150.2 47.9 171.5c-26.2 3.8-36.7 36.1-17.7 54.6l105.7 103-25 145.5c-4.5 26.3 23.2 46 46.4 33.7L288 439.6l130.7 68.7c23.2 12.2 50.9-7.4 46.4-33.7l-25-145.5 105.7-103c19-18.5 8.5-50.8-17.7-54.6L382 150.2 316.7 17.8c-11.7-23.6-45.6-23.9-57.4 0z\"><\/path><\/svg><\/span><\/div>\n\n\n\n<div class=\"gb-headline gb-headline-ab8ef015\"><span class=\"gb-icon\"><svg aria-hidden=\"true\" role=\"img\" height=\"1em\" width=\"1em\" viewBox=\"0 0 576 512\" xmlns=\"http:\/\/www.w3.org\/2000\/svg\"><path fill=\"currentColor\" d=\"M259.3 17.8L194 150.2 47.9 171.5c-26.2 3.8-36.7 36.1-17.7 54.6l105.7 103-25 145.5c-4.5 26.3 23.2 46 46.4 33.7L288 439.6l130.7 68.7c23.2 12.2 50.9-7.4 46.4-33.7l-25-145.5 105.7-103c19-18.5 8.5-50.8-17.7-54.6L382 150.2 316.7 17.8c-11.7-23.6-45.6-23.9-57.4 0z\"><\/path><\/svg><\/span><\/div>\n\n\n\n<div class=\"gb-headline gb-headline-2c649fe3\"><span class=\"gb-icon\"><svg aria-hidden=\"true\" role=\"img\" height=\"1em\" width=\"1em\" viewBox=\"0 0 576 512\" xmlns=\"http:\/\/www.w3.org\/2000\/svg\"><path fill=\"currentColor\" d=\"M259.3 17.8L194 150.2 47.9 171.5c-26.2 3.8-36.7 36.1-17.7 54.6l105.7 103-25 145.5c-4.5 26.3 23.2 46 46.4 33.7L288 439.6l130.7 68.7c23.2 12.2 50.9-7.4 46.4-33.7l-25-145.5 105.7-103c19-18.5 8.5-50.8-17.7-54.6L382 150.2 316.7 17.8c-11.7-23.6-45.6-23.9-57.4 0z\"><\/path><\/svg><\/span><\/div>\n\n\n\n<div class=\"gb-headline gb-headline-d509996f\"><span class=\"gb-icon\"><svg aria-hidden=\"true\" role=\"img\" height=\"1em\" width=\"1em\" viewBox=\"0 0 576 512\" xmlns=\"http:\/\/www.w3.org\/2000\/svg\"><path fill=\"currentColor\" d=\"M259.3 17.8L194 150.2 47.9 171.5c-26.2 3.8-36.7 36.1-17.7 54.6l105.7 103-25 145.5c-4.5 26.3 23.2 46 46.4 33.7L288 439.6l130.7 68.7c23.2 12.2 50.9-7.4 46.4-33.7l-25-145.5 105.7-103c19-18.5 8.5-50.8-17.7-54.6L382 150.2 316.7 17.8c-11.7-23.6-45.6-23.9-57.4 0z\"><\/path><\/svg><\/span><\/div>\n\n\n\n<div class=\"gb-headline gb-headline-f153b6fe\"><span class=\"gb-icon\"><svg aria-hidden=\"true\" role=\"img\" height=\"1em\" width=\"1em\" viewBox=\"0 0 576 512\" xmlns=\"http:\/\/www.w3.org\/2000\/svg\"><path fill=\"currentColor\" d=\"M259.3 17.8L194 150.2 47.9 171.5c-26.2 3.8-36.7 36.1-17.7 54.6l105.7 103-25 145.5c-4.5 26.3 23.2 46 46.4 33.7L288 439.6l130.7 68.7c23.2 12.2 50.9-7.4 46.4-33.7l-25-145.5 105.7-103c19-18.5 8.5-50.8-17.7-54.6L382 150.2 316.7 17.8c-11.7-23.6-45.6-23.9-57.4 0z\"><\/path><\/svg><\/span><\/div>\n\n<\/div><\/div>\n\n<div class=\"gb-grid-column gb-grid-column-fb4d09f4\"><div class=\"gb-container gb-container-fb4d09f4 box-shadow-2\">\n<div class=\"gb-container gb-container-fb7d0c71\">\n<div class=\"gb-container gb-container-bf4874a7\">\n<div class=\"wp-block-image photo-border is-style-rounded\">\n<figure class=\"aligncenter size-full\"><img loading=\"lazy\" decoding=\"async\" width=\"500\" height=\"500\" src=\"https:\/\/textingfactory.com\/wp-content\/uploads\/2024\/02\/Testimonial-3.jpeg\" alt=\"\" class=\"wp-image-1768\" srcset=\"https:\/\/textingfactory.com\/wp-content\/uploads\/2024\/02\/Testimonial-3.jpeg 500w, https:\/\/textingfactory.com\/wp-content\/uploads\/2024\/02\/Testimonial-3-300x300.jpeg 300w, https:\/\/textingfactory.com\/wp-content\/uploads\/2024\/02\/Testimonial-3-150x150.jpeg 150w, https:\/\/textingfactory.com\/wp-content\/uploads\/2024\/02\/Testimonial-3-120x120.jpeg 120w\" sizes=\"auto, (max-width: 500px) 100vw, 500px\" \/><\/figure>\n<\/div>\n<\/div>\n\n<div class=\"gb-container gb-container-d201968c\">\n\n<h3 class=\"gb-headline gb-headline-259bd0b7 gb-headline-text\">Brandon<\/h3>\n\n\n\n<p class=\"gb-headline gb-headline-9415d96d gb-headline-text\">26, Introvert<\/p>\n\n<\/div>\n<\/div>\n\n\n<p class=\"gb-headline gb-headline-a85fcc99 gb-headline-text\">Denne jobben er perfekt for meg. Mer arbeid betyr mer penger. Det er alltid mye \u00e5 gj\u00f8re, og jeg behandler mange meldinger per time, noe som \u00f8ker timel\u00f8nnen min. Ukentlige utbetalinger er p\u00e5litelige og punktlige. Alt i alt veldig forn\u00f8yd.<\/p>\n\n\n\n<div class=\"gb-headline gb-headline-407bc171\"><span class=\"gb-icon\"><svg aria-hidden=\"true\" role=\"img\" height=\"1em\" width=\"1em\" viewBox=\"0 0 576 512\" xmlns=\"http:\/\/www.w3.org\/2000\/svg\"><path fill=\"currentColor\" d=\"M259.3 17.8L194 150.2 47.9 171.5c-26.2 3.8-36.7 36.1-17.7 54.6l105.7 103-25 145.5c-4.5 26.3 23.2 46 46.4 33.7L288 439.6l130.7 68.7c23.2 12.2 50.9-7.4 46.4-33.7l-25-145.5 105.7-103c19-18.5 8.5-50.8-17.7-54.6L382 150.2 316.7 17.8c-11.7-23.6-45.6-23.9-57.4 0z\"><\/path><\/svg><\/span><\/div>\n\n\n\n<div class=\"gb-headline gb-headline-a00daaa0\"><span class=\"gb-icon\"><svg aria-hidden=\"true\" role=\"img\" height=\"1em\" width=\"1em\" viewBox=\"0 0 576 512\" xmlns=\"http:\/\/www.w3.org\/2000\/svg\"><path fill=\"currentColor\" d=\"M259.3 17.8L194 150.2 47.9 171.5c-26.2 3.8-36.7 36.1-17.7 54.6l105.7 103-25 145.5c-4.5 26.3 23.2 46 46.4 33.7L288 439.6l130.7 68.7c23.2 12.2 50.9-7.4 46.4-33.7l-25-145.5 105.7-103c19-18.5 8.5-50.8-17.7-54.6L382 150.2 316.7 17.8c-11.7-23.6-45.6-23.9-57.4 0z\"><\/path><\/svg><\/span><\/div>\n\n\n\n<div class=\"gb-headline gb-headline-627b9234\"><span class=\"gb-icon\"><svg aria-hidden=\"true\" role=\"img\" height=\"1em\" width=\"1em\" viewBox=\"0 0 576 512\" xmlns=\"http:\/\/www.w3.org\/2000\/svg\"><path fill=\"currentColor\" d=\"M259.3 17.8L194 150.2 47.9 171.5c-26.2 3.8-36.7 36.1-17.7 54.6l105.7 103-25 145.5c-4.5 26.3 23.2 46 46.4 33.7L288 439.6l130.7 68.7c23.2 12.2 50.9-7.4 46.4-33.7l-25-145.5 105.7-103c19-18.5 8.5-50.8-17.7-54.6L382 150.2 316.7 17.8c-11.7-23.6-45.6-23.9-57.4 0z\"><\/path><\/svg><\/span><\/div>\n\n\n\n<div class=\"gb-headline gb-headline-7d41145d\"><span class=\"gb-icon\"><svg aria-hidden=\"true\" role=\"img\" height=\"1em\" width=\"1em\" viewBox=\"0 0 576 512\" xmlns=\"http:\/\/www.w3.org\/2000\/svg\"><path fill=\"currentColor\" d=\"M259.3 17.8L194 150.2 47.9 171.5c-26.2 3.8-36.7 36.1-17.7 54.6l105.7 103-25 145.5c-4.5 26.3 23.2 46 46.4 33.7L288 439.6l130.7 68.7c23.2 12.2 50.9-7.4 46.4-33.7l-25-145.5 105.7-103c19-18.5 8.5-50.8-17.7-54.6L382 150.2 316.7 17.8c-11.7-23.6-45.6-23.9-57.4 0z\"><\/path><\/svg><\/span><\/div>\n\n\n\n<div class=\"gb-headline gb-headline-1cc259bd\"><span class=\"gb-icon\"><svg aria-hidden=\"true\" role=\"img\" height=\"1em\" width=\"1em\" viewBox=\"0 0 576 512\" xmlns=\"http:\/\/www.w3.org\/2000\/svg\"><path fill=\"currentColor\" d=\"M259.3 17.8L194 150.2 47.9 171.5c-26.2 3.8-36.7 36.1-17.7 54.6l105.7 103-25 145.5c-4.5 26.3 23.2 46 46.4 33.7L288 439.6l130.7 68.7c23.2 12.2 50.9-7.4 46.4-33.7l-25-145.5 105.7-103c19-18.5 8.5-50.8-17.7-54.6L382 150.2 316.7 17.8c-11.7-23.6-45.6-23.9-57.4 0z\"><\/path><\/svg><\/span><\/div>\n\n<\/div><\/div>\n<\/div>\n<\/section>","protected":false},"excerpt":{"rendered":"<p>Oppdag en verden av muligheter hos Texting Factory! Velkommen til Texting Factory, der din lidenskap for samtale skaper givende muligheter! V\u00e5r jobb er \u00e5 finne dyktige mennesker for spennende roller som chatoperat\u00f8rer og moderatorer. V\u00e5r misjon er enkel: \u00e5 tilby en arbeidsplass som er like dynamisk og mangfoldig som du er. Vi har spesialisert oss &#8230; <a title=\"Om oss\" class=\"read-more\" href=\"https:\/\/textingfactory.com\/no\/om-oss\/\" aria-label=\"Read more about Om oss\">Les mer \u2192<\/a><\/p>\n","protected":false},"author":3,"featured_media":1980,"parent":0,"menu_order":0,"comment_status":"closed","ping_status":"closed","template":"","meta":{"_pvb_checkbox_block_on_post":false,"footnotes":""},"class_list":{"0":"post-1979","1":"page","2":"type-page","3":"status-publish","4":"has-post-thumbnail","6":"infinite-scroll-item"},"_links":{"self":[{"href":"https:\/\/textingfactory.com\/no\/wp-json\/wp\/v2\/pages\/1979","targetHints":{"allow":["GET"]}}],"collection":[{"href":"https:\/\/textingfactory.com\/no\/wp-json\/wp\/v2\/pages"}],"about":[{"href":"https:\/\/textingfactory.com\/no\/wp-json\/wp\/v2\/types\/page"}],"author":[{"embeddable":true,"href":"https:\/\/textingfactory.com\/no\/wp-json\/wp\/v2\/users\/3"}],"replies":[{"embeddable":true,"href":"https:\/\/textingfactory.com\/no\/wp-json\/wp\/v2\/comments?post=1979"}],"version-history":[{"count":2,"href":"https:\/\/textingfactory.com\/no\/wp-json\/wp\/v2\/pages\/1979\/revisions"}],"predecessor-version":[{"id":1982,"href":"https:\/\/textingfactory.com\/no\/wp-json\/wp\/v2\/pages\/1979\/revisions\/1982"}],"wp:featuredmedia":[{"embeddable":true,"href":"https:\/\/textingfactory.com\/no\/wp-json\/wp\/v2\/media\/1980"}],"wp:attachment":[{"href":"https:\/\/textingfactory.com\/no\/wp-json\/wp\/v2\/media?parent=1979"}],"curies":[{"name":"wp","href":"https:\/\/api.w.org\/{rel}","templated":true}]}}