{"id":1976,"date":"2023-11-04T15:11:11","date_gmt":"2023-11-04T19:11:11","guid":{"rendered":"https:\/\/textingfactory.com\/?page_id=1976"},"modified":"2024-02-27T09:44:03","modified_gmt":"2024-02-27T14:44:03","slug":"personvernerklaering","status":"publish","type":"page","link":"https:\/\/textingfactory.com\/no\/personvernerklaering\/","title":{"rendered":"Personvernerkl\u00e6ring"},"content":{"rendered":"\n<ol class=\"wp-block-list\">\n<li>Introduksjon<\/li>\n<\/ol>\n\n\n\n<p>1.1 Denne nettsiden eies og administreres av EnterTalkPro Ltd (\u201cselskapet\u201d), med sitt registrerte kontor i 8. etasje, China Hong Kong Tower, 8-12 Hennessy Road, Wan Chai, Hong Kong, registrert i Hong Kong Commercial Register, med firmanummer 3264433.<\/p>\n\n\n\n<p>1.2 Beskyttelse av data og personvern er en av v\u00e5re toppprioriteringer, og vi tar dette ansvaret sv\u00e6rt alvorlig. Disse retningslinjene for personvern, sammen med retningslinjene for informasjonskapsler, gjelder n\u00e5r vi opptrer som behandlingsansvarlige eller behandlere av dataene og informasjonen du gir oss n\u00e5r du bruker nettstedet eller tjenestene v\u00e5re. Denne personvernerkl\u00e6ringen kan suppleres med tilleggselementer spesifisert helt eller delvis for spesifikke tjenester.<\/p>\n\n\n\n<p>1.3 Vi behandler dine personopplysninger i samsvar med lovene i din jurisdiksjon, og for enkeltpersoner og organisasjoner fra EU-medlemsstatene (heretter kalt \u201cEU\u201d) og det europeiske \u00f8konomiske samarbeidsomr\u00e5det handler vi i samsvar med EUs generelle databeskyttelsesforordning ( GDPR 2016\/679) (heretter kalt \u201cGDPR\u201d).<\/p>\n\n\n\n<p>1.4 Personopplysningene som er underlagt behandling, som nevnt i punkt 1.3 ovenfor, skal ha betydningen gitt til dem i artikkel 4(1) (Definisjoner) i GDPR. Personopplysninger er definert som \u201cenhver informasjon knyttet til en identifisert eller identifiserbar fysisk person (\u201cregistrert\u201d); en \u201cidentifiserbar fysisk person\u201d er en som kan identifiseres, direkte eller indirekte, spesielt ved referanse til en identifikator som f.eks. navn, et identifikasjonsnummer, posisjonsdata, en online identifikator eller en eller flere faktorer som er spesifikke for den fysiske personens fysiske, fysiologiske, genetiske, mentale, \u00f8konomiske, kulturelle eller sosiale identitet.\u201d<\/p>\n\n\n\n<p>1.5 Hvis du trenger \u00e5 f\u00e5 tilgang til en kopi av denne personvernerkl\u00e6ringen i et annet format eller hvis du har sp\u00f8rsm\u00e5l eller bekymringer, vennligst kontakt oss ved \u00e5 sende en e-post til&nbsp;management@entertalkpro.com, s\u00e5 hjelper vi deg gjerne.<\/p>\n\n\n\n<ol class=\"wp-block-list\" start=\"2\">\n<li>Datainnsamling og datakontroll\u00f8r<\/li>\n<\/ol>\n\n\n\n<p>2.1 Denne personvernerkl\u00e6ringen angir m\u00e5ten selskapet (heretter kalt \u201cdatakontroll\u00f8ren\u201d) vil h\u00e5ndtere dataene dine p\u00e5, inkludert all personlig informasjon knyttet til deg som samles inn fra din bruk av tjenestene v\u00e5re. Bruk av v\u00e5re tjenester inkluderer, men er ikke begrenset til, konsultasjoner, kj\u00f8p, foresp\u00f8rsler eller andre aktiviteter som krever deling av informasjon mellom deg og oss.<\/p>\n\n\n\n<p>2.2 N\u00e5r du bes\u00f8ker nettstedet v\u00e5rt eller bruker tjenestene v\u00e5re, kan vi samle inn ulike typer personopplysninger fra deg, som kan omfatte:<\/p>\n\n\n\n<p>a) Personlig identifiseringsdata: som navn, e-postadresse og andre kontaktdetaljer.<\/p>\n\n\n\n<p>b) Demografiske data: som alder, kj\u00f8nn og plassering.<\/p>\n\n\n\n<p>c) Tekniske data: slik som nettlesertype og -versjon, enhetsinformasjon og andre tekniske detaljer om ditt bes\u00f8k p\u00e5 nettstedet v\u00e5rt.<\/p>\n\n\n\n<p>d) Bruksdata: for eksempel informasjon om hvordan du bruker nettsiden og tjenestene v\u00e5re, inkludert sidene du bes\u00f8ker, tiden brukt p\u00e5 hver side og andre bruksm\u00f8nstre.<\/p>\n\n\n\n<p>e) Markedsf\u00f8rings- og kommunikasjonspreferanser: slik som dine preferanser for \u00e5 motta markedsf\u00f8ringsmateriell fra oss og dine kommunikasjonspreferanser.<\/p>\n\n\n\n<p>2.3 Vi samler inn dine personopplysninger p\u00e5 ulike m\u00e5ter, inkludert:<\/p>\n\n\n\n<p>a) Direkte fra deg: n\u00e5r du gir oss informasjon, for eksempel n\u00e5r du registrerer deg for en konto, fyller ut skjemaer eller kommuniserer med oss.<\/p>\n\n\n\n<p>b) Automatisk: N\u00e5r du bruker nettstedet v\u00e5rt, kan vi samle inn tekniske data og bruksdata gjennom bruk av informasjonskapsler og andre lignende teknologier. For mer informasjon om v\u00e5r bruk av informasjonskapsler, se v\u00e5re retningslinjer for informasjonskapsler.<\/p>\n\n\n\n<p>c) Fra tredjeparter: Vi kan motta personopplysninger om deg fra ulike tredjeparter, for eksempel sosiale medieplattformer, markedsf\u00f8ringspartnere eller tjenesteleverand\u00f8rer som hjelper oss med \u00e5 drive nettstedet og tjenestene v\u00e5re.<\/p>\n\n\n\n<ol class=\"wp-block-list\" start=\"3\">\n<li>Offentliggj\u00f8ring av dine data<\/li>\n<\/ol>\n\n\n\n<p>3.1 Vi kan dele dine personopplysninger med f\u00f8lgende kategorier av mottakere:<\/p>\n\n\n\n<p>a) Tilknyttede selskaper og datterselskaper: Vi kan dele dine personopplysninger med v\u00e5re tilknyttede selskaper og datterselskaper for interne administrative form\u00e5l, for \u00e5 tilby v\u00e5re tjenester og vedlikeholde og forbedre nettstedet v\u00e5rt.<\/p>\n\n\n\n<p>b) Tjenesteleverand\u00f8rer: Vi kan dele dine personopplysninger med tredjeparts tjenesteleverand\u00f8rer som hjelper oss med \u00e5 drive nettstedet v\u00e5rt, levere v\u00e5re tjenester og behandle finansielle transaksjoner, for eksempel vertsleverand\u00f8rer, betalingsbehandlere, markedsf\u00f8rings- og annonsepartnere og analyseleverand\u00f8rer .<\/p>\n\n\n\n<p>c) Juridiske og regulatoriske myndigheter: Vi kan avsl\u00f8re dine personopplysninger hvis det er p\u00e5lagt \u00e5 gj\u00f8re det ved lov, som svar p\u00e5 en gyldig juridisk foresp\u00f8rsel, eller etter behov for \u00e5 beskytte v\u00e5re rettigheter og interesser.<\/p>\n\n\n\n<p>d) Virksomhetsoverf\u00f8ringer: I tilfelle en virksomhetsoverf\u00f8ring, for eksempel en fusjon, oppkj\u00f8p eller salg av v\u00e5re eiendeler, kan dine personopplysninger overf\u00f8res til den nye eieren eller tredjeparten som en del av transaksjonen.<\/p>\n\n\n\n<p>3.2 Vi vil bare avsl\u00f8re dine personopplysninger i den grad det er n\u00f8dvendig for \u00e5 oppfylle form\u00e5lene beskrevet i denne personvernerkl\u00e6ringen. Vi sikrer at eventuelle tredjeparts tjenesteleverand\u00f8rer vi samarbeider med, er forpliktet til \u00e5 beskytte dine personopplysninger i samsvar med gjeldende databeskyttelseslover og v\u00e5re retningslinjer for personvern.<\/p>\n\n\n\n<p>3.3 V\u00e6r oppmerksom p\u00e5 at selv om vi gj\u00f8r v\u00e5rt beste gjennom passende programvare og prosedyrer for \u00e5 forhindre datainnbrudd, kan all informasjon du oppgir via nettstedet v\u00e5rt potensielt v\u00e6re tilgjengelig for andre internettbrukere p\u00e5 grunn av ondsinnede handlinger.<\/p>\n\n\n\n<p>3.4 Alle datadelingsforhold mellom oss og eventuelle tredjepartsleverand\u00f8rer er underlagt en datadelingsavtale med passende sikkerhetstiltak inkludert i v\u00e5rt kontraktsforhold med dem.<\/p>\n\n\n\n<ol class=\"wp-block-list\" start=\"4\">\n<li>Rettslig grunnlag for innsamling av personopplysninger<\/li>\n<\/ol>\n\n\n\n<p>4.1 Vi samler inn og behandler dine personopplysninger basert p\u00e5 ett eller flere av f\u00f8lgende juridiske grunnlag:<\/p>\n\n\n\n<p>a) Samtykke: I noen tilfeller kan vi be om ditt samtykke til \u00e5 behandle dine personopplysninger, for eksempel n\u00e5r du abonnerer p\u00e5 v\u00e5rt nyhetsbrev eller godtar bruken av informasjonskapsler. Du har rett til \u00e5 trekke tilbake samtykket ditt n\u00e5r som helst, men dette vil ikke p\u00e5virke lovligheten av behandlingen basert p\u00e5 samtykke f\u00f8r tilbaketrekkingen.<\/p>\n\n\n\n<p>b) Utf\u00f8relse av en kontrakt: Vi kan behandle dine personopplysninger n\u00e5r det er n\u00f8dvendig for \u00e5 oppfylle en kontrakt som du er part i eller for \u00e5 ta skritt p\u00e5 din foresp\u00f8rsel f\u00f8r inng\u00e5else av en kontrakt.<\/p>\n\n\n\n<p>c) Juridiske forpliktelser: Vi kan behandle dine personopplysninger for \u00e5 overholde v\u00e5re juridiske forpliktelser, for eksempel skatte- og regnskapsbestemmelser eller for \u00e5 svare p\u00e5 gyldige juridiske foresp\u00f8rsler fra myndigheter.<\/p>\n\n\n\n<p>d) Legitime interesser: Vi kan behandle dine personopplysninger n\u00e5r det er n\u00f8dvendig for v\u00e5re eller en tredjeparts legitime interesser, forutsatt at dine interesser og grunnleggende rettigheter ikke overstiger disse interessene. Eksempler p\u00e5 legitime interesser inkluderer \u00e5 opprettholde og forbedre nettstedet v\u00e5rt, tilby v\u00e5re tjenester og gjennomf\u00f8re markedsf\u00f8ringsaktiviteter.<\/p>\n\n\n\n<ol class=\"wp-block-list\" start=\"5\">\n<li>Typer personopplysninger som samles inn<\/li>\n<\/ol>\n\n\n\n<p>5.1 Vi samler inn ulike typer personopplysninger fra deg, avhengig av din interaksjon med nettstedet v\u00e5rt. Typen personopplysninger vi samler inn kan omfatte:<\/p>\n\n\n\n<p>a) Kontaktinformasjon: som navn, f\u00f8dselsdato og e-postadresse.<br>b) Bruksdata: for eksempel informasjon om din bruk av nettsiden og tjenestene v\u00e5re, inkludert bes\u00f8kte sider, tid brukt p\u00e5 sider og andre bruksm\u00f8nstre.<br>c) Tekniske data: slik som nettlesertype og versjon, operativsystem og andre tekniske detaljer om ditt bes\u00f8k p\u00e5 nettstedet v\u00e5rt.<\/p>\n\n\n\n<p>5.2 Vi kan ogs\u00e5 samle inn spesielle kategorier av personopplysninger (ogs\u00e5 kjent som sensitive personopplysninger), for eksempel informasjon om helsen din eller annen sensitiv informasjon, men bare med ditt uttrykkelige samtykke eller n\u00e5r det er p\u00e5krevd eller tillatt ved lov. Vi vil alltid informere deg om det spesifikke form\u00e5let og det juridiske grunnlaget for \u00e5 samle inn denne typen personopplysninger.<\/p>\n\n\n\n<ol class=\"wp-block-list\" start=\"6\">\n<li>Form\u00e5l med behandling og bruk av dine personopplysninger<\/li>\n<\/ol>\n\n\n\n<p>6.1 Vi behandler og bruker personopplysningene dine til ulike form\u00e5l, inkludert:<\/p>\n\n\n\n<p>a) For \u00e5 gi et passende niv\u00e5 av kundeservice, som inkluderer \u00e5 svare p\u00e5 dine henvendelser og adressere eventuelle bekymringer du m\u00e5tte ha;<\/p>\n\n\n\n<p>b) For \u00e5 sikre den generelle driften av v\u00e5re tjenester og nettsider, inkludert administrasjon, vedlikehold og forbedring av tjenestene v\u00e5re;<\/p>\n\n\n\n<p>c) For \u00e5 sikre og opprettholde kundeforholdet v\u00e5rt med deg, samt kommunisere med deg der det er hensiktsmessig;<\/p>\n\n\n\n<p>d) For \u00e5 holde seg informert om hvordan v\u00e5re kunder bruker tjenestene v\u00e5re og analysere denne informasjonen for \u00e5 forbedre tjenestene v\u00e5re;<\/p>\n\n\n\n<p>e) For \u00e5 vedlikeholde og forbedre v\u00e5re webtjenester gjennom bruk av analytiske verkt\u00f8y;<\/p>\n\n\n\n<p>f) For \u00e5 beholde og bruke informasjonen du gir oss i forbindelse med rettslige prosesser;<\/p>\n\n\n\n<p>g) For \u00e5 informere v\u00e5re kunder om fremtidige reklame- og markedsf\u00f8ringskampanjer, og sikre at kun relevant informasjon sendes til dem;<\/p>\n\n\n\n<p>h) For \u00e5 beskytte sikkerheten og integriteten til nettstedet v\u00e5rt, tjenestene og brukerdataene v\u00e5re;<\/p>\n\n\n\n<p>i) For \u00e5 behandle betalinger for v\u00e5re tjenester;<\/p>\n\n\n\n<p>j) For \u00e5 bekjempe svindel eller ulovlige aktiviteter rettet mot nettstedet v\u00e5rt.<\/p>\n\n\n\n<p>V\u00e6r oppmerksom p\u00e5 at vi kan behandle personopplysningene dine for mer enn ett form\u00e5l dersom det juridiske grunnlaget for behandlingen er forskjellig for hvert form\u00e5l.<\/p>\n\n\n\n<ol class=\"wp-block-list\" start=\"7\">\n<li>Bruk av personopplysninger<\/li>\n<\/ol>\n\n\n\n<p>7.1 Vi bruker dine personopplysninger til form\u00e5lene beskrevet i denne personvernerkl\u00e6ringen og i samsvar med det juridiske grunnlaget for behandling som angitt i seksjon 4.<\/p>\n\n\n\n<p>7.2 Vi vil bare bruke dine personopplysninger til form\u00e5lene vi samlet dem inn for, med mindre vi med rimelighet anser at vi trenger \u00e5 bruke dem av en annen grunn som er kompatibel med det opprinnelige form\u00e5let. Hvis vi trenger \u00e5 bruke dine personopplysninger til et ikke-relatert form\u00e5l, vil vi varsle deg og forklare det juridiske grunnlaget som tillater oss \u00e5 gj\u00f8re det.<\/p>\n\n\n\n<p>7.3 Vi kan samle eller anonymisere dine personopplysninger p\u00e5 en slik m\u00e5te at de ikke lenger kan knyttes til deg, i s\u00e5 fall regnes de ikke lenger som personopplysninger. Vi kan bruke disse aggregerte eller anonymiserte dataene til forskning, analyse eller andre form\u00e5l uten begrensninger.<\/p>\n\n\n\n<ol class=\"wp-block-list\" start=\"8\">\n<li>Databeskyttelsesrettigheter<\/li>\n<\/ol>\n\n\n\n<p>I henhold til GDPR har du visse rettigheter i forhold til dine personopplysninger. Ingenting i denne policyen p\u00e5virker disse rettighetene. De registrertes rettigheter i henhold til artikkel 13, nr. 2, i GDPR inkluderer f\u00f8lgende:<\/p>\n\n\n\n<p>\u25cf Retten til tilgang til dataene dine: du har rett til \u00e5 be om tilgang til en kopi av dataene vi har om deg;<br>\u25cf Retten til retting, som lar deg be om at vi retter eller sletter dataene dine;<br>\u25cf Retten til \u00e5 trekke tilbake samtykke, som inneb\u00e6rer \u00e5 trekke tilbake tidligere gitt samtykke, som ugyldiggj\u00f8r det juridiske grunnlaget for oss til \u00e5 behandle dataene dine;<br>\u25cf Retten til \u00e5 begrense bruken av dataene dine, inkludert retten til \u00e5 protestere mot behandlingen av dataene dine;<br>\u25cf Retten til sletting av dine data, ofte kjent som \u201cretten til \u00e5 bli glemt\u201d;<br>\u25cf Retten til \u00e5 sende inn en klage til den kompetente nasjonale myndigheten i forhold til behandlingen av dataene dine.<\/p>\n\n\n\n<p>De nevnte rettighetene er underlagt visse begrensninger og unntak, som finnes her: https:\/\/edpb.europa.eu\/our-work-tools\/general-guidance\/guidelines-recommendations-best-practices_en<\/p>\n\n\n\n<ol class=\"wp-block-list\" start=\"9\">\n<li>Ut\u00f8velse av dine rettigheter<\/li>\n<\/ol>\n\n\n\n<p>Hvis du \u00f8nsker \u00e5 ut\u00f8ve noen av rettighetene angitt i seksjon 8, vennligst send oss \u200b\u200bf\u00f8rst en e-post p\u00e5&nbsp;management@entertalkpro.com&nbsp;slik at vi kan veilede deg. For \u00e5 overholde gjeldende databeskyttelseslovgivning, m\u00e5 vi bekrefte identiteten din.<\/p>\n\n\n\n<ol class=\"wp-block-list\" start=\"10\">\n<li>Datalagring og oppbevaring<\/li>\n<\/ol>\n\n\n\n<p>10.1 Vi lagrer dine personopplysninger p\u00e5 sikre servere, og vi implementerer passende tekniske og organisatoriske tiltak for \u00e5 beskytte dine personopplysninger mot utilsiktet eller ulovlig tap, endring, avsl\u00f8ring eller tilgang.<\/p>\n\n\n\n<p>10.2 Vi beholder dine personopplysninger bare s\u00e5 lenge det er n\u00f8dvendig for \u00e5 oppfylle form\u00e5lene de ble samlet inn for, inkludert for \u00e5 tilfredsstille eventuelle juridiske, regnskapsmessige eller rapporteringskrav. Oppbevaringsperioden kan variere avhengig av type personopplysninger og de spesifikke omstendighetene de ble samlet inn under.<\/p>\n\n\n\n<p>10.3 N\u00e5r dine personopplysninger ikke lenger er n\u00f8dvendige for form\u00e5lene de ble samlet inn for, vil vi p\u00e5 en sikker m\u00e5te slette eller anonymisere dem. I noen tilfeller kan vi beholde aggregerte eller anonymiserte data for statistiske form\u00e5l, forutsatt at slike data ikke lenger kan brukes til \u00e5 identifisere deg.<\/p>\n\n\n\n<ol class=\"wp-block-list\" start=\"11\">\n<li>Sikkerhetstiltak for dine data<\/li>\n<\/ol>\n\n\n\n<p>11.1 Vi tar sikkerheten til dine personopplysninger p\u00e5 alvor og implementerer passende tekniske og organisatoriske tiltak for \u00e5 beskytte dem mot uautorisert tilgang, avsl\u00f8ring, endring eller \u00f8deleggelse. Disse tiltakene kan omfatte, men er ikke begrenset til:<\/p>\n\n\n\n<p>a. Sikre servere og brannmurer;<br>b. Datakryptering;<br>c. Begrenset tilgang til personopplysninger kun av autorisert personell;<br>d. Regelmessige sikkerhetsrevisjoner og s\u00e5rbarhetsvurderinger;<br>e. Oppl\u00e6ring av ansatte om databeskyttelse og personvern.<\/p>\n\n\n\n<p>11.2 Til tross for v\u00e5re anstrengelser for \u00e5 beskytte dine personlige data, kan vi ikke garantere den absolutte sikkerheten til dataene dine som overf\u00f8res over internett eller lagres p\u00e5 v\u00e5re servere. All overf\u00f8ring av personopplysninger skjer p\u00e5 egen risiko, og vi oppfordrer deg til \u00e5 ta passende skritt for \u00e5 beskytte dine personopplysninger n\u00e5r du bruker nettsiden eller tjenestene v\u00e5re.<\/p>\n\n\n\n<ol class=\"wp-block-list\" start=\"12\">\n<li>Tredjeparts nettsteder<\/li>\n<\/ol>\n\n\n\n<p>12.1 V\u00e5r nettside kan inneholde lenker til tredjeparts nettsteder eller tjenester som ikke eies eller kontrolleres av oss. Vi er ikke ansvarlige for innholdet, personvernreglene eller praksisen til tredjeparts nettsteder eller tjenester, og du b\u00f8r gjennomg\u00e5 personvernreglene til disse tredjepartene f\u00f8r du gir dem personopplysninger.<\/p>\n\n\n\n<p>12.2 Denne personvernerkl\u00e6ringen gjelder kun for nettsiden og tjenestene v\u00e5re, og vi kan ikke holdes ansvarlige for eventuelle personopplysninger du gir til eller samles inn av tredjeparter, selv om du f\u00e5r tilgang til disse tredjepartene via nettstedet v\u00e5rt. Vi oppfordrer deg til \u00e5 gjennomg\u00e5 personvernreglene til tredjeparts nettsteder eller tjenester du bes\u00f8ker for \u00e5 sikre at dine personopplysninger behandles med samme beskyttelsesniv\u00e5 som n\u00e5r du bruker nettstedet v\u00e5rt eller tjenestene v\u00e5re.<\/p>\n\n\n\n<ol class=\"wp-block-list\" start=\"13\">\n<li>Endringer i denne personvernerkl\u00e6ringen<\/li>\n<\/ol>\n\n\n\n<p>13.1 Vi kan oppdatere eller endre denne personvernerkl\u00e6ringen fra tid til annen for \u00e5 gjenspeile endringer i v\u00e5r databehandlingspraksis, tjenestene vi tilbyr eller gjeldende juridiske krav. N\u00e5r vi gj\u00f8r endringer i denne personvernerkl\u00e6ringen, vil vi varsle deg ved \u00e5 legge ut en oppdatert versjon p\u00e5 nettstedet v\u00e5rt, og vi kan ogs\u00e5 sende deg en e-post eller gi andre passende varsler. Den oppdaterte personvernerkl\u00e6ringen trer i kraft fra datoen den er lagt ut p\u00e5 nettsiden v\u00e5r.<\/p>\n\n\n\n<p>13.2 Vi oppfordrer deg til \u00e5 lese gjennom denne personvernerkl\u00e6ringen med jevne mellomrom for \u00e5 holde deg informert om v\u00e5r databeskyttelsespraksis og for \u00e5 sikre at du er klar over eventuelle endringer. Din fortsatte bruk av nettsiden eller tjenestene v\u00e5re etter ikrafttredelsesdatoen for den oppdaterte personvernerkl\u00e6ringen inneb\u00e6rer at du godtar endringene.<\/p>\n\n\n\n<ol class=\"wp-block-list\" start=\"14\">\n<li>Kontaktinformasjon<\/li>\n<\/ol>\n\n\n\n<p>14.1 Hvis du har sp\u00f8rsm\u00e5l, bekymringer eller kommentarer om denne personvernerkl\u00e6ringen, v\u00e5r databehandlingspraksis eller dine rettigheter med hensyn til dine personopplysninger, kan du gjerne kontakte oss ved \u00e5 bruke f\u00f8lgende detaljer:<\/p>\n\n\n\n<p>Firmanavn: EnterTalkPro Ltd<br>Adresse: 8. etasje, China Hong Kong Tower, 8-12 Hennessy Road, Wan Chai, Hong Kong<br>E-post:&nbsp;management@entertalkpro.com<\/p>\n\n\n\n<p>14.2 Vi er forpliktet til \u00e5 adressere dine bekymringer og l\u00f8se eventuelle problemer du m\u00e5tte ha ang\u00e5ende behandlingen av dine personopplysninger. Hvis du mener at vi ikke har behandlet dine bekymringer tilstrekkelig, har du rett til \u00e5 sende inn en klage til den aktuelle databeskyttelsesmyndigheten i din jurisdiksjon.<\/p>\n","protected":false},"excerpt":{"rendered":"<p>1.1 Denne nettsiden eies og administreres av EnterTalkPro Ltd (\u201cselskapet\u201d), med sitt registrerte kontor i 8. etasje, China Hong Kong Tower, 8-12 Hennessy Road, Wan Chai, Hong Kong, registrert i Hong Kong Commercial Register, med firmanummer 3264433. 1.2 Beskyttelse av data og personvern er en av v\u00e5re toppprioriteringer, og vi tar dette ansvaret sv\u00e6rt alvorlig. &#8230; <a title=\"Personvernerkl\u00e6ring\" class=\"read-more\" href=\"https:\/\/textingfactory.com\/no\/personvernerklaering\/\" aria-label=\"Read more about Personvernerkl\u00e6ring\">Les mer \u2192<\/a><\/p>\n","protected":false},"author":4,"featured_media":0,"parent":0,"menu_order":0,"comment_status":"closed","ping_status":"open","template":"","meta":{"_pvb_checkbox_block_on_post":false,"footnotes":""},"class_list":{"0":"post-1976","1":"page","2":"type-page","3":"status-publish","5":"infinite-scroll-item"},"_links":{"self":[{"href":"https:\/\/textingfactory.com\/no\/wp-json\/wp\/v2\/pages\/1976","targetHints":{"allow":["GET"]}}],"collection":[{"href":"https:\/\/textingfactory.com\/no\/wp-json\/wp\/v2\/pages"}],"about":[{"href":"https:\/\/textingfactory.com\/no\/wp-json\/wp\/v2\/types\/page"}],"author":[{"embeddable":true,"href":"https:\/\/textingfactory.com\/no\/wp-json\/wp\/v2\/users\/4"}],"replies":[{"embeddable":true,"href":"https:\/\/textingfactory.com\/no\/wp-json\/wp\/v2\/comments?post=1976"}],"version-history":[{"count":1,"href":"https:\/\/textingfactory.com\/no\/wp-json\/wp\/v2\/pages\/1976\/revisions"}],"predecessor-version":[{"id":1977,"href":"https:\/\/textingfactory.com\/no\/wp-json\/wp\/v2\/pages\/1976\/revisions\/1977"}],"wp:attachment":[{"href":"https:\/\/textingfactory.com\/no\/wp-json\/wp\/v2\/media?parent=1976"}],"curies":[{"name":"wp","href":"https:\/\/api.w.org\/{rel}","templated":true}]}}