{"id":2196,"date":"2023-11-04T15:11:11","date_gmt":"2023-11-04T19:11:11","guid":{"rendered":"https:\/\/textingfactory.com\/?page_id=2196"},"modified":"2024-03-15T08:50:52","modified_gmt":"2024-03-15T12:50:52","slug":"tietosuojakaytanto","status":"publish","type":"page","link":"https:\/\/textingfactory.com\/fi\/tietosuojakaytanto\/","title":{"rendered":"Tietosuojak\u00e4yt\u00e4nt\u00f6"},"content":{"rendered":"\n<h2 class=\"wp-block-heading\">1. Johdanto<\/h2>\n\n\n\n<p>1.1 T\u00e4m\u00e4n verkkosivun omistaa ja sit\u00e4 hallinnoi EnterTalkPro Ltd (\u201cyhti\u00f6\u201d) jonka rekister\u00f6ity toimipaikka sijaitsee China Hong Kong Towerin kahdeksannessa kerroksessa, osoitteessa 8-12 Hennessy Road, Wan Chai, Hongkong, yhti\u00f6 on rekister\u00f6ity Hongkongin kaupparekisteriin yhti\u00f6n numerolla 3264433.&nbsp;<\/p>\n\n\n\n<p>1.2 Tietojesi ja yksityisyytesi suojaaminen on yksi t\u00e4rkeimmist\u00e4 prioriteeteistamme, ja otamme t\u00e4m\u00e4n vastuun eritt\u00e4in vakavasti. T\u00e4t\u00e4 tietosuojak\u00e4yt\u00e4nt\u00f6\u00e4 sek\u00e4 ev\u00e4stek\u00e4yt\u00e4nt\u00f6\u00e4mme sovelletaan, kun toimimme sivustoa tai palveluitamme k\u00e4ytt\u00e4ess\u00e4si antamiesi tietojen rekisterinpit\u00e4jin\u00e4 tai tiedonk\u00e4sittelij\u00f6in\u00e4. T\u00e4t\u00e4 tietosuojak\u00e4yt\u00e4nt\u00f6\u00e4 voidaan t\u00e4ydent\u00e4\u00e4 lis\u00e4osilla, jotka on m\u00e4\u00e4ritelty kokonaan tai osittain tietyille palveluille.&nbsp;<\/p>\n\n\n\n<p>K\u00e4sittelemme henkil\u00f6tietojasi toimivalta alueesi lakien mukaisesti, ja Euroopan unionin (j\u00e4ljemp\u00e4n\u00e4 \u201cEU\u201d) j\u00e4senvaltioista ja Euroopan talousalueelta tulevien henkil\u00f6iden ja organisaatioiden osalta toimimme EU:n yleisen tietosuoja-asetuksen (GDPR) mukaisesti. 2016\/679) (j\u00e4ljemp\u00e4n\u00e4 \u201cGDPR\u201d).<\/p>\n\n\n\n<p>1.4 Kuten ylemp\u00e4n\u00e4 kohdassa 1.3 viitataan k\u00e4sitelt\u00e4vill\u00e4 henkil\u00f6tiedoilla on oltava GDPR:n artiklan 4(1) (M\u00e4\u00e4ritelm\u00e4t) mukainen merkitys. Henkil\u00f6tiedoilla tarkoitetaan \u201ckaikkia tietoja, jotka liittyv\u00e4t tunnistettuun tai tunnistettavissa olevaan luonnolliseen henkil\u00f6\u00f6n (\u201crekister\u00f6ity\u201d); \u201ctunnistettavissa oleva luonnollinen henkil\u00f6\u201d on henkil\u00f6, joka voidaan tunnistaa suoraan tai v\u00e4lillisesti, erityisesti viittaamalla tunnisteeseen, kuten nimi, tunnistenumero, sijaintitiedot, online-tunniste tai yksi tai useampi tekij\u00e4, joka liittyy kyseisen luonnollisen henkil\u00f6n fyysiseen, fysiologiseen, geneettiseen, henkiseen, taloudelliseen, kulttuuriseen tai sosiaaliseen identiteettiin.\u201d<\/p>\n\n\n\n<p>1.5 Jos tarvitset kopion t\u00e4st\u00e4 k\u00e4yt\u00e4nn\u00f6st\u00e4 muussa tiedostomuodossa tai jos sinulla on kysytt\u00e4v\u00e4\u00e4 tai huolenaiheita, ota meihin yhteytt\u00e4 l\u00e4hett\u00e4m\u00e4ll\u00e4 s\u00e4hk\u00f6postia osoitteeseen&nbsp;management@entertalkpro.com, niin autamme sinua mielell\u00e4mme.<\/p>\n\n\n\n<h2 class=\"wp-block-heading\">2. Tietojen ker\u00e4\u00e4minen ja Rekisterinpit\u00e4j\u00e4<\/h2>\n\n\n\n<p>2.1 T\u00e4m\u00e4 tietosuojak\u00e4yt\u00e4nt\u00f6 m\u00e4\u00e4rittelee tavan, jolla Yhti\u00f6 (j\u00e4ljemp\u00e4n\u00e4 \u201cRekisterinpit\u00e4j\u00e4\u201d) k\u00e4sittelee tietojasi, mukaan lukien kaikki sinuun liittyv\u00e4t henkil\u00f6tiedot, jotka on ker\u00e4tty k\u00e4ytt\u00e4ess\u00e4si palveluitamme. Palveluidemme k\u00e4ytt\u00f6 sis\u00e4lt\u00e4\u00e4, kuitenkaan rajoittumatta niihin, keskustelut, ostot, tiedustelut tai muut toiminnot, jotka edellytt\u00e4v\u00e4t tietojen jakamista sinun ja meid\u00e4n v\u00e4lill\u00e4.<\/p>\n\n\n\n<p>2.2 Kun vierailet verkkosivustollamme tai k\u00e4yt\u00e4t palveluitamme, voimme ker\u00e4t\u00e4 sinulta erilaisia \u200b\u200bhenkil\u00f6tietoja, joita voivat olla:<\/p>\n\n\n\n<p>a) Henkil\u00f6tiedot: kuten nimesi, s\u00e4hk\u00f6postiosoitteesi ja muut yhteystietosi.<\/p>\n\n\n\n<p>b) V\u00e4est\u00f6tiedot: kuten ik\u00e4, sukupuoli ja sijainti.<\/p>\n\n\n\n<p>c) Tekniset tiedot: kuten selaimesi tyyppi ja versio, laitetiedot ja muut tekniset tiedot vierailustasi verkkosivustollamme.<\/p>\n\n\n\n<p>d) K\u00e4ytt\u00f6tiedot: kuten tiedot siit\u00e4, miten k\u00e4yt\u00e4t verkkosivustoamme ja palveluitamme, mukaan lukien vierailemasi sivut, kullakin sivulla k\u00e4ytetty aika ja muut k\u00e4ytt\u00f6tavat.<\/p>\n\n\n\n<p>e) Markkinointi- ja viestint\u00e4 mieltymyksesi: kuten kuinka haluat saada meilt\u00e4 markkinointimateriaalia ja mill\u00e4 tavoin hoitaa viestinn\u00e4n.<\/p>\n\n\n\n<p>2.3 Ker\u00e4\u00e4mme henkil\u00f6tietojasi eri tavoilla, mukaan lukien:<\/p>\n\n\n\n<p>a) Suoraan sinulta: kun annat meille tietoja, esimerkiksi suorittaessasi rekister\u00f6itymisen meille, kun t\u00e4yt\u00e4t lomakkeita tai kommunikoit kanssamme.<\/p>\n\n\n\n<p>b) Automaattisesti: kun k\u00e4yt\u00e4t verkkosivustoamme, voimme ker\u00e4t\u00e4 teknisi\u00e4 ja k\u00e4ytt\u00f6tietoja ev\u00e4steiden ja muiden vastaavien tekniikoiden avulla. Lis\u00e4tietoja ev\u00e4steiden k\u00e4yt\u00f6st\u00e4mme l\u00f6yd\u00e4t ev\u00e4stek\u00e4yt\u00e4nn\u00f6st\u00e4mme.<\/p>\n\n\n\n<p>c) Kolmansilta osapuolilta: saatamme vastaanottaa henkil\u00f6tietojasi useilta kolmansilta osapuolilta, kuten sosiaalisen median alustoilta, markkinointikumppaneilta tai palveluntarjoajilta, jotka auttavat meit\u00e4 hallinnoimaan verkkosivustoamme ja palveluitamme.<\/p>\n\n\n\n<h2 class=\"wp-block-heading\">3. Tietojesi jakaminen<\/h2>\n\n\n\n<p>3.1 Voimme jakaa henkil\u00f6tietosi seuraavien vastaanottajaryhmien kanssa<\/p>\n\n\n\n<p>a) Tyt\u00e4ryhti\u00f6t ja osakkuusyhti\u00f6t: Voimme jakaa henkil\u00f6tietojasi tyt\u00e4ryhti\u00f6idemme ja osakkuusyhti\u00f6idemme kanssa sis\u00e4isiin hallinnollisiin tarkoituksiin, palveluidemme tarjoamiseen sek\u00e4 verkkosivustomme yll\u00e4pitoon ja parantamiseen.<\/p>\n\n\n\n<p>b) Palveluntarjoajat: Voimme jakaa henkil\u00f6tietosi kolmansien osapuolien palveluntarjoajien kanssa, jotka auttavat meit\u00e4 verkkosivustomme toiminnassa, palveluidemme tarjoamisessa ja rahoitustapahtumien k\u00e4sittelyss\u00e4, kuten hosting-palveluntarjoajille, maksujen k\u00e4sittelij\u00f6ille, markkinointi- ja mainoskumppaneille sek\u00e4 analytiikan toimittajille.<\/p>\n\n\n\n<p>c) Laki- ja s\u00e4\u00e4ntelyviranomaiset: Voimme luovuttaa henkil\u00f6tietojasi, jos laki niin vaatii, vastauksena p\u00e4tev\u00e4\u00e4n oikeudelliseen pyynt\u00f6\u00f6n tai kun se on tarpeen oikeuksiemme ja etujemme suojaamiseksi.<\/p>\n\n\n\n<p>d) Liiketoiminnan siirrot: Liiketoiminnan siirrossa, kuten omaisuutemme fuusioitumisessa, hankinnan tai myynnin yhteydess\u00e4, henkil\u00f6tietosi voidaan siirt\u00e4\u00e4 uudelle omistajalle tai kolmannelle osapuolelle osana kauppaa.<\/p>\n\n\n\n<p>3.2 Julkaisemme henkil\u00f6tietojasi vain siin\u00e4 m\u00e4\u00e4rin kuin on tarpeen t\u00e4ss\u00e4 tietosuojaselosteessa kuvattujen tarkoitusten toteuttamiseksi. Varmistamme, ett\u00e4 kaikki kolmannen osapuolen palveluntarjoajat, joiden kanssa ty\u00f6skentelemme, ovat sitoutuneet suojaamaan henkil\u00f6tietojasi sovellettavien tietosuojalakien ja tietosuojak\u00e4yt\u00e4nt\u00f6mme mukaisesti.<\/p>\n\n\n\n<p>3.3 Huomioithan, ett\u00e4 vaikka teemme parhaamme asianmukaisten ohjelmistojen ja menettelyjen avulla est\u00e4\u00e4ksemme tietoturvaloukkaukset, kaikki verkkosivustomme kautta antamasi tiedot voivat mahdollisesti olla muiden Internetin k\u00e4ytt\u00e4jien saatavilla haitallisten toimien vuoksi.<\/p>\n\n\n\n<p>3.4 Kaikki tiedonjako meid\u00e4n ja mahdollisten kolmansien osapuolien palveluntarjoajien v\u00e4lill\u00e4 ovat tiedonjakosopimuksen alaisia, sopimussuhteeseen v\u00e4lill\u00e4mme sis\u00e4ltyy asianmukaiset suojatoimet.<\/p>\n\n\n\n<h2 class=\"wp-block-heading\">4. Oikeusperusta henkil\u00f6tietojen ker\u00e4\u00e4miselle<\/h2>\n\n\n\n<p>4.1 Ker\u00e4\u00e4mme ja k\u00e4sittelemme henkil\u00f6tietojasi yhden tai useamman oikeudellisen perusteen nojalla seuraavista:<\/p>\n\n\n\n<p>a) Suostumus: Joissain tapauksissa saatamme pyyt\u00e4\u00e4 suostumustasi henkil\u00f6tietojesi k\u00e4sittelyyn, esimerkiksi kun tilaat uutiskirjeemme tai hyv\u00e4ksyt ev\u00e4steiden k\u00e4yt\u00f6n. Sinulla on oikeus peruuttaa suostumuksesi milloin tahansa, mutta t\u00e4m\u00e4 ei vaikuta suostumukseen perustuvan k\u00e4sittelyn laillisuuteen ennen sen peruuttamista.<\/p>\n\n\n\n<p>b) Sopimuksen t\u00e4ytt\u00e4minen: Voimme k\u00e4sitell\u00e4 henkil\u00f6tietojasi, kun se on tarpeen sellaisen sopimuksen toteuttamiseksi, jossa olet osapuolena, tai tarvittavien toimenpiteiden toteuttamiseksi pyynn\u00f6st\u00e4si ennen sopimuksen tekemist\u00e4.<\/p>\n\n\n\n<p>c) Lakis\u00e4\u00e4teiset velvoitteet: Voimme k\u00e4sitell\u00e4 henkil\u00f6tietojasi noudattaaksemme lakis\u00e4\u00e4teisi\u00e4 velvoitteitamme, kuten vero- ja kirjanpitom\u00e4\u00e4r\u00e4yksi\u00e4 tai vastataksemme viranomaisten laillisiin pyynt\u00f6ihin.<\/p>\n\n\n\n<p>d) d) Lailliset edut: Voimme k\u00e4sitell\u00e4 henkil\u00f6tietojasi, kun se on tarpeen meid\u00e4n tai kolmannen osapuolen laillisten etujen vuoksi, edellytt\u00e4en, ett\u00e4 sinun etusi ja perusoikeutesi eiv\u00e4t ohita n\u00e4it\u00e4 etuja. Esimerkkej\u00e4 oikeutetuista eduista ovat verkkosivustomme yll\u00e4pito ja parantaminen, palveluidemme tarjoaminen ja markkinointitoiminnan harjoittaminen.<\/p>\n\n\n\n<h2 class=\"wp-block-heading\">5. Ker\u00e4ttyjen henkil\u00f6tietojen tyypit<\/h2>\n\n\n\n<p>5.1 Ker\u00e4\u00e4mme sinulta erityyppisi\u00e4 henkil\u00f6tietoja sen mukaan, miten olet vuorovaikutuksessa verkkosivustomme kanssa. Ker\u00e4\u00e4mi\u00e4mme henkil\u00f6tietojen tyyppej\u00e4 saattavat olla:<\/p>\n\n\n\n<p>a) Yhteystiedot: kuten nimesi, syntym\u00e4aikasi ja s\u00e4hk\u00f6postiosoitteesi.<\/p>\n\n\n\n<p>b) K\u00e4ytt\u00f6tiedot: kuten tiedot verkkosivustomme ja palveluidemme k\u00e4yt\u00f6st\u00e4, mukaan lukien vieraillut sivut, sivuilla k\u00e4ytetty aika ja muut k\u00e4ytt\u00f6tavat.<\/p>\n\n\n\n<p>c) Tekniset tiedot: kuten selaimen tyyppi ja versio, k\u00e4ytt\u00f6j\u00e4rjestelm\u00e4 ja muut tekniset tiedot vierailustasi verkkosivustollamme.<\/p>\n\n\n\n<p>5.2 Saatamme my\u00f6s ker\u00e4t\u00e4 henkil\u00f6tietoja erityisluokkiin&nbsp; (tunnetaan my\u00f6s arkaluonteisina henkil\u00f6tiedoina), kuten tietoja terveydest\u00e4si tai muita arkaluonteisia tietoja, ker\u00e4\u00e4mme n\u00e4it\u00e4 tietoja vain sinun nimenomaisella suostumuksellasi tai kun laki vaatii tai sallii sen. Ilmoitamme sinulle aina t\u00e4m\u00e4ntyyppisten henkil\u00f6tietojen ker\u00e4\u00e4misen erityisest\u00e4 tarkoituksesta ja oikeudellisesta perustasta.<\/p>\n\n\n\n<h2 class=\"wp-block-heading\">6. Henkil\u00f6tietojesi k\u00e4sittelyn ja k\u00e4yt\u00f6n tarkoitus<\/h2>\n\n\n\n<p>6.1 K\u00e4sittelemme ja k\u00e4yt\u00e4mme henkil\u00f6tietojasi eri tarkoituksiin, mukaan lukien:<\/p>\n\n\n\n<p>a) Tarjotaksemme sinulle asianmukaista asiakaspalvelua, johon kuuluu tiedusteluihisi ja mahdollisiin huolenaiheisiisi vastaaminen;<\/p>\n\n\n\n<p>b) Varmistaaksemme palveluidemme ja verkkosivustomme yleisen toiminnan, mukaan lukien palveluidemme hallinta, yll\u00e4pito ja parantaminen;<\/p>\n\n\n\n<p>c) Varmistaaksemme ja yll\u00e4pit\u00e4\u00e4ksemme asiakassuhdetta kanssasi sek\u00e4 kommunikoidaksemme kanssasi tarvittaessa;<\/p>\n\n\n\n<p>d) Jotta pysymme ajan tasalla siit\u00e4, kuinka asiakkaamme k\u00e4ytt\u00e4v\u00e4t palveluitamme, ja analysoidaksemme n\u00e4it\u00e4 tietoja palveluidemme parantamiseksi;<\/p>\n\n\n\n<p>e) Yll\u00e4pit\u00e4\u00e4ksemme ja parantaaksemme verkkopalveluitamme k\u00e4ytt\u00e4m\u00e4ll\u00e4 analyyttisi\u00e4 ty\u00f6kaluja;<\/p>\n\n\n\n<p>f) Jotta voimme s\u00e4ilytt\u00e4\u00e4 ja k\u00e4ytt\u00e4\u00e4 meille antamiasi tietoja oikeustoimien yhteydess\u00e4;<\/p>\n\n\n\n<p>g) Tiedottaaksemme asiakkaita tulevista myynninedist\u00e4mis- ja markkinointikampanjoista varmistaen, ett\u00e4 heille l\u00e4hetet\u00e4\u00e4n vain asiaankuuluvaa tietoa;<\/p>\n\n\n\n<p>h) Suojellaksemme verkkosivustomme, palveluidemme ja k\u00e4ytt\u00e4j\u00e4tietojemme turvallisuutta ja eheytt\u00e4;<\/p>\n\n\n\n<p>i) Palvelujemme maksujen k\u00e4sittelyyn;<\/p>\n\n\n\n<p>j) Verkkosivustollemme kohdistetun petoksen tai laittoman toiminnan torjuntaan.<\/p>\n\n\n\n<p>Huomaa, ett\u00e4 voimme k\u00e4sitell\u00e4 henkil\u00f6tietojasi useampaan kuin yhteen tarkoitukseen, jos k\u00e4sittelyn laillinen peruste on erilainen kullekin tarkoitukselle.<\/p>\n\n\n\n<h2 class=\"wp-block-heading\">7. Henkil\u00f6tietojen k\u00e4ytt\u00f6<\/h2>\n\n\n\n<p>7.1 K\u00e4yt\u00e4mme henkil\u00f6tietojasi t\u00e4ss\u00e4 tietosuojaselosteessa kuvattuihin tarkoituksiin ja kohdassa 4 esitettyjen laillisten perusteiden mukaisesti.<\/p>\n\n\n\n<p>7.2 K\u00e4yt\u00e4mme henkil\u00f6tietojasi vain niihin tarkoituksiin, joita varten ne ker\u00e4simme, ellemme kohtuudella katso, ett\u00e4 meid\u00e4n on k\u00e4ytett\u00e4v\u00e4 niit\u00e4 muusta syyst\u00e4, joka on yhteensopiva alkuper\u00e4isen tarkoituksen kanssa. Jos meid\u00e4n on k\u00e4ytett\u00e4v\u00e4 henkil\u00f6tietojasi asiaan liittym\u00e4tt\u00f6m\u00e4\u00e4n tarkoitukseen, ilmoitamme t\u00e4st\u00e4 sinulle ja selit\u00e4mme oikeusperustan, jonka perusteella voimme tehd\u00e4 niin.<\/p>\n\n\n\n<p>7.3 Voimme yhdist\u00e4\u00e4 tai anonymisoida henkil\u00f6tietosi siten, ett\u00e4 niit\u00e4 ei voida en\u00e4\u00e4 yhdist\u00e4\u00e4 sinuun, jolloin niit\u00e4 ei en\u00e4\u00e4 pidet\u00e4 henkil\u00f6tietoina. Voimme k\u00e4ytt\u00e4\u00e4 n\u00e4it\u00e4 yhdistettyj\u00e4 tai anonymisoituja tietoja tutkimukseen, analysointiin tai muihin tarkoituksiin ilman rajoituksia.<\/p>\n\n\n\n<h2 class=\"wp-block-heading\">8. Tietosuojaoikeudet<\/h2>\n\n\n\n<p>GDPR:n mukaan sinulla on tiettyj\u00e4 oikeuksia henkil\u00f6tietoihisi liittyen. Mik\u00e4\u00e4n t\u00e4ss\u00e4 k\u00e4yt\u00e4nn\u00f6ss\u00e4 ei vaikuta n\u00e4ihin oikeuksiin. GDPR:n artiklan 13 kohdan 2 mukaisia \u200b\u200brekister\u00f6idyn oikeuksia ovat seuraavat:<\/p>\n\n\n\n<p>\u25cf Oikeus tutustua tietoihisi: sinulla on oikeus pyyt\u00e4\u00e4 kopiota sinusta hallussamme olevista tiedoista;<\/p>\n\n\n\n<p>\u25cf Oikeus oikaisuun, joka sallii sinun pyyt\u00e4\u00e4 meit\u00e4 korjaamaan tai poistamaan tietosi;<\/p>\n\n\n\n<p>\u25cf Oikeus peruuttaa suostumus, joka liittyy aiemmin my\u00f6nnetyn suostumuksen peruuttamiseen, mik\u00e4 mit\u00e4t\u00f6i meid\u00e4n oikeusperustan k\u00e4sitell\u00e4 tietojasi;<\/p>\n\n\n\n<p>\u25cf Oikeus rajoittaa tietojesi k\u00e4ytt\u00f6\u00e4, mukaan lukien oikeus vastustaa tietojesi k\u00e4sittely\u00e4;<\/p>\n\n\n\n<p>\u25cf Oikeus tietojesi poistamiseen, joka tunnetaan yleisesti nimell\u00e4 \u201coikeus tulla unohdetuksi\u201d;<\/p>\n\n\n\n<p>\u25cf Oikeus tehd\u00e4 valitus toimivaltaiselle kansalliselle viranomaiselle tietojesi k\u00e4sittelyst\u00e4.<\/p>\n\n\n\n<p>Mainittuihin oikeuksiin liittyy tiettyj\u00e4 rajoituksia ja poikkeuksia, jotka l\u00f6yd\u00e4t t\u00e4\u00e4lt\u00e4:<a href=\"https:\/\/edpb.europa.eu\/our-work-tools\/general-guidance\/guidelines-recommendations-best-practices_en\" target=\"_blank\" rel=\"noreferrer noopener\">https:\/\/edpb.europa.eu\/our-work-tools\/general-guidance\/guidelines-recommendations-best-practices_en<\/a>&nbsp;<\/p>\n\n\n\n<h2 class=\"wp-block-heading\">9. Oikeuksien k\u00e4ytt\u00e4minen<\/h2>\n\n\n\n<p>Jos haluat k\u00e4ytt\u00e4\u00e4 jotakin kohdassa 8 mainituista oikeuksista, l\u00e4het\u00e4 meille ensin s\u00e4hk\u00f6postia osoitteeseen&nbsp;management@entertalkpro.com, jotta voimme opastaa sinua. Voidaksemme noudattaa voimassa olevaa tietosuojalains\u00e4\u00e4d\u00e4nt\u00f6\u00e4, meid\u00e4n on vahvistettava henkil\u00f6llisyytesi.<\/p>\n\n\n\n<h2 class=\"wp-block-heading\">10. Tietojen tallennus ja s\u00e4ilytt\u00e4minen<\/h2>\n\n\n\n<p>10.1 Tallennamme henkil\u00f6tietosi suojatuille palvelimille ja toteutamme asianmukaisia \u200b\u200bteknisi\u00e4 ja organisaation sis\u00e4isi\u00e4 toimenpiteit\u00e4 henkil\u00f6tietojesi suojaamiseksi vahingossa tapahtuvalta tai laittomalta katoamiselta, muuttamiselta, paljastumiselta tai p\u00e4\u00e4sylt\u00e4.<\/p>\n\n\n\n<p>10.2 S\u00e4ilyt\u00e4mme henkil\u00f6tietojasi vain niin kauan kuin se on tarpeen niiden tarkoitusten toteuttamiseksi, joita varten ne ker\u00e4ttiin, mukaan lukien oikeudellisten, kirjanpito- tai raportointivaatimusten t\u00e4ytt\u00e4minen. S\u00e4ilytysaika voi vaihdella riippuen henkil\u00f6tietojen tyypist\u00e4 ja erityisist\u00e4 olosuhteista, joissa ne on ker\u00e4tty.<\/p>\n\n\n\n<p>10.3 Kun henkil\u00f6tietojasi ei en\u00e4\u00e4 tarvita niihin tarkoituksiin, joita varten ne ker\u00e4ttiin, poistamme ne turvallisesti tai anonymisoimme ne. Joissakin tapauksissa saatamme s\u00e4ilytt\u00e4\u00e4 koottuja tai anonymisoituja tietoja tilastotarkoituksiin edellytt\u00e4en, ett\u00e4 t\u00e4llaisia \u200b\u200btietoja ei voida en\u00e4\u00e4 k\u00e4ytt\u00e4\u00e4 sinun tunnistamiseen.<\/p>\n\n\n\n<h2 class=\"wp-block-heading\">11. Turvatoimenpiteet tietojasi varten<\/h2>\n\n\n\n<p>11.1 Suhtaudumme henkil\u00f6tietojesi turvaamiseen vakavasti ja toteutamme asianmukaisia \u200b\u200bteknisi\u00e4 ja organisaation sis\u00e4isi\u00e4 toimenpiteit\u00e4 suojataksemme niit\u00e4 luvattomalta p\u00e4\u00e4sylt\u00e4, paljastumiselta, muuttamiselta tai tuhoamiselta. N\u00e4it\u00e4 toimenpiteit\u00e4 voivat olla, kuitenkaan niihin rajoittumatta:<\/p>\n\n\n\n<p>a. Suojatut palvelimet ja palomuurit;<\/p>\n\n\n\n<p>b. Tiedonsalaus;<\/p>\n\n\n\n<p>c. Vain valtuutetun henkil\u00f6st\u00f6n rajoitettu p\u00e4\u00e4sy henkil\u00f6tietoihin;<\/p>\n\n\n\n<p>d. S\u00e4\u00e4nn\u00f6lliset tietoturvatarkastukset ja haavoittuvuusarvioinnit;<\/p>\n\n\n\n<p>e. Henkil\u00f6st\u00f6n koulutus tietosuojasta ja yksityisyyden suojasta.<\/p>\n\n\n\n<p>11.2 Huolimatta pyrkimyksist\u00e4mme suojella henkil\u00f6tietojasi, emme voi taata Internetin kautta l\u00e4hetettyjen tai palvelimillemme tallennettujen tietojesi t\u00e4ydellist\u00e4 turvallisuutta. Henkil\u00f6tietojen l\u00e4hett\u00e4minen tapahtuu omalla vastuullasi, ja kehotamme sinua ryhtym\u00e4\u00e4n asianmukaisiin toimenpiteisiin henkil\u00f6tietojesi suojaamiseksi k\u00e4ytt\u00e4ess\u00e4si verkkosivustoamme tai palveluitamme.<\/p>\n\n\n\n<h2 class=\"wp-block-heading\">12. Kolmannen osapuolen verkkosivustot<\/h2>\n\n\n\n<p>12.1 Verkkosivustomme voi sis\u00e4lt\u00e4\u00e4 linkkej\u00e4 kolmansien osapuolien verkkosivustoille tai palveluihin, joita emme omista tai hallitse. Emme ole vastuussa mink\u00e4\u00e4n kolmannen osapuolen verkkosivustojen tai palveluiden sis\u00e4ll\u00f6st\u00e4, tietosuojak\u00e4yt\u00e4nn\u00f6ist\u00e4 tai muista k\u00e4yt\u00e4nn\u00f6ist\u00e4, sinun tulee lukea n\u00e4iden kolmansien osapuolten tietosuojak\u00e4yt\u00e4nn\u00f6t ennen henkil\u00f6tietojen luovuttamista niille.<\/p>\n\n\n\n<p>12.2 T\u00e4m\u00e4 tietosuojak\u00e4yt\u00e4nt\u00f6 koskee vain verkkosivustoamme ja palveluitamme, emmek\u00e4 ole vastuussa mist\u00e4\u00e4n henkil\u00f6tiedoista, jotka annat kolmansille osapuolille tai joita kolmannet osapuolet ker\u00e4\u00e4v\u00e4t, vaikka k\u00e4ytt\u00e4isit n\u00e4it\u00e4 kolmansia osapuolia verkkosivustomme kautta. Suosittelemme sinua tutustumaan kaikkien vierailemiesi kolmansien osapuolien verkkosivustojen tai palvelujen tietosuojak\u00e4yt\u00e4nt\u00f6ihin varmistaaksesi, ett\u00e4 henkil\u00f6tietojasi k\u00e4sitell\u00e4\u00e4n samalla suojaustasolla kuin k\u00e4ytt\u00e4ess\u00e4si verkkosivustoamme tai palveluitamme.<\/p>\n\n\n\n<h2 class=\"wp-block-heading\">13. Muutokset t\u00e4h\u00e4n tietosuojak\u00e4yt\u00e4nt\u00f6\u00f6n<\/h2>\n\n\n\n<p>13.1 Voimme p\u00e4ivitt\u00e4\u00e4 tai muuttaa t\u00e4t\u00e4 tietosuojak\u00e4yt\u00e4nt\u00f6\u00e4 ajoittain vastaamaan tehtyj\u00e4 muutoksia tietojenk\u00e4sittelyk\u00e4yt\u00e4nt\u00f6ihimme, tarjoamiimme palveluihimme tai sovellettaviin laillisiin vaatimuksiin. Kun teemme muutoksia t\u00e4h\u00e4n tietosuojak\u00e4yt\u00e4nt\u00f6\u00f6n, ilmoitamme sinulle julkaisemalla p\u00e4ivitetyn version verkkosivustollamme, saatamme my\u00f6s l\u00e4hett\u00e4\u00e4 sinulle s\u00e4hk\u00f6postia tai muita asianmukaisia \u200b\u200bilmoituksia. P\u00e4ivitetty tietosuojak\u00e4yt\u00e4nt\u00f6 tulee voimaan siit\u00e4 p\u00e4iv\u00e4st\u00e4, jona se julkaistaan \u200b\u200bverkkosivuillamme.<\/p>\n\n\n\n<p>13.2 Kehotamme sinua tarkistamaan t\u00e4m\u00e4n tietosuojak\u00e4yt\u00e4nn\u00f6n s\u00e4\u00e4nn\u00f6llisesti pysy\u00e4ksesi ajan tasalla tietosuojak\u00e4yt\u00e4nn\u00f6ist\u00e4mme ja varmistaaksesi, ett\u00e4 olet tietoinen kaikista muutoksista. Jos jatkat verkkosivustomme tai palveluidemme k\u00e4ytt\u00f6\u00e4 p\u00e4ivitetyn tietosuojak\u00e4yt\u00e4nn\u00f6n voimaantulop\u00e4iv\u00e4n j\u00e4lkeen, hyv\u00e4ksyt muutokset.<\/p>\n\n\n\n<h2 class=\"wp-block-heading\">14. Yhteystiedot<\/h2>\n\n\n\n<p>14.1 Jos sinulla on kysytt\u00e4v\u00e4\u00e4, huolenaiheita tai kommentteja t\u00e4st\u00e4 tietosuojak\u00e4yt\u00e4nn\u00f6st\u00e4, tietojenk\u00e4sittelyk\u00e4yt\u00e4nn\u00f6ist\u00e4mme tai henkil\u00f6tietoihisi liittyvist\u00e4 oikeuksistasi, ota meihin yhteytt\u00e4 k\u00e4ytt\u00e4m\u00e4ll\u00e4 seuraavia yhteystietoja:<\/p>\n\n\n\n<p>Yhti\u00f6n nimi: EnterTalkPro Ltd<\/p>\n\n\n\n<p>Osoite: 8th Floor, China Hong Kong Tower, 8-12 Hennessy Road, Wan Chai, Hong Kong<\/p>\n\n\n\n<p>S\u00e4hk\u00f6posti:&nbsp;<a href=\"mailto:management@entertalkpro.com\">management@entertalkpro.com<\/a><\/p>\n\n\n\n<p>14.2 Olemme sitoutuneet k\u00e4sittelem\u00e4\u00e4n ja ratkaisemaan henkil\u00f6tietojesi k\u00e4sittelyyn liittyv\u00e4t huolenaiheet ja ongelmat. Jos uskot, ett\u00e4 emme ole k\u00e4sitelleet huolenaiheitasi riitt\u00e4v\u00e4ll\u00e4 tasolla, sinulla on oikeus tehd\u00e4 valitus laink\u00e4ytt\u00f6alueesi tietosuojaviranomaiselle.<\/p>\n","protected":false},"excerpt":{"rendered":"<p>1. Johdanto 1.1 T\u00e4m\u00e4n verkkosivun omistaa ja sit\u00e4 hallinnoi EnterTalkPro Ltd (\u201cyhti\u00f6\u201d) jonka rekister\u00f6ity toimipaikka sijaitsee China Hong Kong Towerin kahdeksannessa kerroksessa, osoitteessa 8-12 Hennessy Road, Wan Chai, Hongkong, yhti\u00f6 on rekister\u00f6ity Hongkongin kaupparekisteriin yhti\u00f6n numerolla 3264433.&nbsp; 1.2 Tietojesi ja yksityisyytesi suojaaminen on yksi t\u00e4rkeimmist\u00e4 prioriteeteistamme, ja otamme t\u00e4m\u00e4n vastuun eritt\u00e4in vakavasti. T\u00e4t\u00e4 tietosuojak\u00e4yt\u00e4nt\u00f6\u00e4 sek\u00e4 &#8230; <a title=\"Tietosuojak\u00e4yt\u00e4nt\u00f6\" class=\"read-more\" href=\"https:\/\/textingfactory.com\/fi\/tietosuojakaytanto\/\" aria-label=\"Lue lis\u00e4\u00e4 aiheesta Tietosuojak\u00e4yt\u00e4nt\u00f6\">Lue lis\u00e4\u00e4 \u2192<\/a><\/p>\n","protected":false},"author":4,"featured_media":0,"parent":0,"menu_order":0,"comment_status":"closed","ping_status":"open","template":"","meta":{"_pvb_checkbox_block_on_post":false,"footnotes":""},"class_list":{"0":"post-2196","1":"page","2":"type-page","3":"status-publish","5":"infinite-scroll-item"},"_links":{"self":[{"href":"https:\/\/textingfactory.com\/fi\/wp-json\/wp\/v2\/pages\/2196","targetHints":{"allow":["GET"]}}],"collection":[{"href":"https:\/\/textingfactory.com\/fi\/wp-json\/wp\/v2\/pages"}],"about":[{"href":"https:\/\/textingfactory.com\/fi\/wp-json\/wp\/v2\/types\/page"}],"author":[{"embeddable":true,"href":"https:\/\/textingfactory.com\/fi\/wp-json\/wp\/v2\/users\/4"}],"replies":[{"embeddable":true,"href":"https:\/\/textingfactory.com\/fi\/wp-json\/wp\/v2\/comments?post=2196"}],"version-history":[{"count":2,"href":"https:\/\/textingfactory.com\/fi\/wp-json\/wp\/v2\/pages\/2196\/revisions"}],"predecessor-version":[{"id":2198,"href":"https:\/\/textingfactory.com\/fi\/wp-json\/wp\/v2\/pages\/2196\/revisions\/2198"}],"wp:attachment":[{"href":"https:\/\/textingfactory.com\/fi\/wp-json\/wp\/v2\/media?parent=2196"}],"curies":[{"name":"wp","href":"https:\/\/api.w.org\/{rel}","templated":true}]}}