{"id":2190,"date":"2021-11-18T21:49:33","date_gmt":"2021-11-19T02:49:33","guid":{"rendered":"https:\/\/textingfactory.com\/?page_id=2190"},"modified":"2024-03-15T10:31:39","modified_gmt":"2024-03-15T14:31:39","slug":"faq","status":"publish","type":"page","link":"https:\/\/textingfactory.com\/fi\/faq\/","title":{"rendered":"FAQ"},"content":{"rendered":"<section class=\"gb-container gb-container-e50fa2a2\">\n\n<p class=\"gb-headline gb-headline-56fd3281 gb-headline-text\">VASTAUKSET KAIKKIIN KYSYMYKSIIN<\/p>\n\n\n\n<h2 class=\"gb-headline gb-headline-546ccb39 gb-headline-text\">Usein <mark class=\"gb-highlight\">Kysytyt<\/mark> Kysymykset<\/h2>\n\n<\/section>\n\n<section class=\"gb-container gb-container-756dddac faq\">\n<div class=\"gb-container gb-container-acf4b13b\">\n<div class=\"gb-container gb-container-c90f3ea0\">\n<div id=\"rank-math-faq\" class=\"rank-math-block\">\n<div class=\"rank-math-list \">\n<div id=\"faq-question-1688548267071\" class=\"rank-math-list-item\">\n<h6 class=\"rank-math-question \">Mit\u00e4 tarvitsen aloittaakseni?<\/h6>\n<div class=\"rank-math-answer \">\n\n<p>Tarvitset internetyhteyden ja tietokoneen, jonka j\u00e4lkeen saat meilt\u00e4 koulutusta. Sen j\u00e4lkeen olet hyv\u00e4ksytty chat-operaattori, joka voi ty\u00f6skennell\u00e4 matkapuhelimella, tabletilla tai tietokoneella. Valinta on sinun.<\/p>\n\n<\/div>\n<\/div>\n<div id=\"faq-question-1688548369887\" class=\"rank-math-list-item\">\n<h6 class=\"rank-math-question \">Millainen ty\u00f6suhde minulla on, ja saanko mit\u00e4\u00e4n sopimusta?<\/h6>\n<div class=\"rank-math-answer \">\n\n<p>Sinut palkataan freelancerina, ja sinun on allekirjoitettava freelance-sopimuksemme (NDA).<\/p>\n\n<\/div>\n<\/div>\n<div id=\"faq-question-1688548382440\" class=\"rank-math-list-item\">\n<h6 class=\"rank-math-question \">Sitoudunko tiettyyn ty\u00f6aikaan ty\u00f6skennelless\u00e4ni kanssanne?<\/h6>\n<div class=\"rank-math-answer \">\n\n<p>Ei. Freelancerina voit lopettaa ty\u00f6n milloin haluat.<\/p>\n\n<\/div>\n<\/div>\n<div id=\"faq-question-1688548390273\" class=\"rank-math-list-item\">\n<h6 class=\"rank-math-question \">Pit\u00e4\u00e4k\u00f6 minun maksaa palkkioita ennen kuin minut palkataan?<\/h6>\n<div class=\"rank-math-answer \">\n\n<p>Ei, ei miss\u00e4\u00e4n nimess\u00e4. Emme koskaan veloita mit\u00e4\u00e4n ennakkomaksuja liittymisest\u00e4 tiimiimme.<\/p>\n\n<\/div>\n<\/div>\n<div id=\"faq-question-1688548429659\" class=\"rank-math-list-item\">\n<h6 class=\"rank-math-question \">Kuinka nopeasti voin aloittaa ty\u00f6t?<\/h6>\n<div class=\"rank-math-answer \">\n\n<p>Koko prosessi rekister\u00f6itymisest\u00e4 ty\u00f6skentelyyn tapahtuu yleens\u00e4 3 p\u00e4iv\u00e4n kuluessa.<\/p>\n\n<\/div>\n<\/div>\n<div id=\"faq-question-1688548438875\" class=\"rank-math-list-item\">\n<h6 class=\"rank-math-question \">Onko sukupuolellani v\u00e4li\u00e4?<\/h6>\n<div class=\"rank-math-answer \">\n\n<p>Sukupuolella ei ole mit\u00e4\u00e4n v\u00e4li\u00e4, ja toivotamme kaikki tervetulleiksi. T\u00e4rkeint\u00e4 on, ett\u00e4 olet yli 18-vuotias ja valmis ty\u00f6skentelem\u00e4\u00e4n ja pit\u00e4m\u00e4\u00e4n hauskaa.<\/p>\n\n<\/div>\n<\/div>\n<\/div>\n<\/div>\n<\/div>\n\n<div class=\"gb-container gb-container-a05c08fa\">\n<div id=\"rank-math-faq\" class=\"rank-math-block\">\n<div class=\"rank-math-list \">\n<div id=\"faq-question-1688548458046\" class=\"rank-math-list-item\">\n<h6 class=\"rank-math-question \">Voinko pysy\u00e4 nimett\u00f6m\u00e4n\u00e4 ty\u00f6skennelless\u00e4ni teille?<\/h6>\n<div class=\"rank-math-answer \">\n\n<p>Kyll\u00e4, aina! Kirjaudut sis\u00e4\u00e4n alustallemme yksil\u00f6llisell\u00e4 k\u00e4ytt\u00e4j\u00e4tunnuksella ja salasanalla, ja vastaat viesteihin alustallamme anonyymisti ja turvallisesti. Todellista henkil\u00f6llisyytt\u00e4si ja henkil\u00f6kohtaisia tietojasi ei koskaan paljasteta kenellek\u00e4\u00e4n, ja olet taatusti anonyymi ty\u00f6skennelless\u00e4si meille.<\/p>\n\n<\/div>\n<\/div>\n<div id=\"faq-question-1688548482061\" class=\"rank-math-list-item\">\n<h6 class=\"rank-math-question \">Voiko minut tunnistaa alustalla, jolla ty\u00f6skentelen?<\/h6>\n<div class=\"rank-math-answer \">\n\n<p>Ei, sinun on t\u00e4ysin taattu olevan anonyymi, kun ty\u00f6skentelet meille. K\u00e4yt\u00e4t chatissa vain tekstiviestej\u00e4.<\/p>\n\n<\/div>\n<\/div>\n<div id=\"faq-question-1688548511295\" class=\"rank-math-list-item\">\n<h6 class=\"rank-math-question \">Miksi teid\u00e4n on tarkistettava henkil\u00f6llisyystodistukseni?<\/h6>\n<div class=\"rank-math-answer \">\n\n<p>Meid\u00e4n on vahvistettava henkil\u00f6llisyytesi, varmistettava, ett\u00e4 olet yli 18-vuotias, ja varmistettava, ett\u00e4 maksamme oikealle henkil\u00f6lle.<\/p>\n\n<\/div>\n<\/div>\n<div id=\"faq-question-1688548526213\" class=\"rank-math-list-item\">\n<h6 class=\"rank-math-question \">Kuka tarkistaa henkil\u00f6llisyystodistukseni?<\/h6>\n<div class=\"rank-math-answer \">\n\n<p>Henkil\u00f6llisyyden todentamiseksi olemme tehneet yhteisty\u00f6t\u00e4 Evalidin kanssa. He arvioivat henkil\u00f6llisyytesi ja ilmoittavat meille, onko kaikki kunnossa.<\/p>\n\n<\/div>\n<\/div>\n<div id=\"faq-question-1688548528315\" class=\"rank-math-list-item\">\n<h6 class=\"rank-math-question \">Milloin ja miten saan maksun?<\/h6>\n<div class=\"rank-math-answer \">\n\n<p>Saat palkkaa viikoittain, ja voit siis chat-operaattorina ansaita rahaa viikosta toiseen. Meill\u00e4 on yksi lupaus &#8211; maksamme aina ajallaan!<\/p>\n\n<\/div>\n<\/div>\n<div id=\"faq-question-1688548529358\" class=\"rank-math-list-item\">\n<h6 class=\"rank-math-question \">Kuinka paljon voin odottaa ansaitsevani?<\/h6>\n<div class=\"rank-math-answer \">\n\n<p>Kuinka paljon rahaa ansaitset, riippuu siit\u00e4, kuinka paljon ty\u00f6t\u00e4 teet. Saat palkkaa l\u00e4hett\u00e4m\u00e4st\u00e4si viestist\u00e4. Jotkut chat-operaattorit tienaavat eritt\u00e4in hyv\u00e4\u00e4 palkkaa, kun taas toiset vain nauttivat ylim\u00e4\u00e4r\u00e4isest\u00e4 k\u00e4ytt\u00f6rahasta.<\/p>\n\n<\/div>\n<\/div>\n<div id=\"faq-question-1688548530162\" class=\"rank-math-list-item\">\n<h6 class=\"rank-math-question \">Voinko ansaita tavallisen elannon tekem\u00e4ll\u00e4 t\u00e4t\u00e4 ty\u00f6t\u00e4?<\/h6>\n<div class=\"rank-math-answer \">\n\n<p>Kyll\u00e4, on ihmisi\u00e4, jotka tekev\u00e4t t\u00e4t\u00e4 kokop\u00e4iv\u00e4ty\u00f6t\u00e4, joten se on ehdottomasti mahdollista. Suurin osa chat-operaattoreistamme tekee t\u00e4t\u00e4 ty\u00f6t\u00e4 osa-aikaisesti toisen ty\u00f6n ohella.<\/p>\n\n<\/div>\n<\/div>\n<\/div>\n<\/div>\n<\/div>\n<\/div>\n<\/section>","protected":false},"excerpt":{"rendered":"","protected":false},"author":4,"featured_media":0,"parent":0,"menu_order":0,"comment_status":"closed","ping_status":"closed","template":"","meta":{"_pvb_checkbox_block_on_post":false,"footnotes":""},"class_list":{"0":"post-2190","1":"page","2":"type-page","3":"status-publish","5":"infinite-scroll-item"},"_links":{"self":[{"href":"https:\/\/textingfactory.com\/fi\/wp-json\/wp\/v2\/pages\/2190","targetHints":{"allow":["GET"]}}],"collection":[{"href":"https:\/\/textingfactory.com\/fi\/wp-json\/wp\/v2\/pages"}],"about":[{"href":"https:\/\/textingfactory.com\/fi\/wp-json\/wp\/v2\/types\/page"}],"author":[{"embeddable":true,"href":"https:\/\/textingfactory.com\/fi\/wp-json\/wp\/v2\/users\/4"}],"replies":[{"embeddable":true,"href":"https:\/\/textingfactory.com\/fi\/wp-json\/wp\/v2\/comments?post=2190"}],"version-history":[{"count":2,"href":"https:\/\/textingfactory.com\/fi\/wp-json\/wp\/v2\/pages\/2190\/revisions"}],"predecessor-version":[{"id":2224,"href":"https:\/\/textingfactory.com\/fi\/wp-json\/wp\/v2\/pages\/2190\/revisions\/2224"}],"wp:attachment":[{"href":"https:\/\/textingfactory.com\/fi\/wp-json\/wp\/v2\/media?parent=2190"}],"curies":[{"name":"wp","href":"https:\/\/api.w.org\/{rel}","templated":true}]}}