{"id":1964,"date":"2023-11-04T15:11:11","date_gmt":"2023-11-04T19:11:11","guid":{"rendered":"https:\/\/textingfactory.com\/?page_id=1964"},"modified":"2024-02-27T07:57:36","modified_gmt":"2024-02-27T12:57:36","slug":"datenschutz","status":"publish","type":"page","link":"https:\/\/textingfactory.com\/de\/datenschutz\/","title":{"rendered":"Datenschutz"},"content":{"rendered":"\n<h2 class=\"wp-block-heading\">1. Einf\u00fchrung<\/h2>\n\n\n\n<p><strong>1.1&nbsp;<\/strong>Diese Website geh\u00f6rt EnterTalkPro Ltd (\u201cdas Unternehmen\u201d) und wird von diesem verwaltet. Der Firmensitz befindet sich in der 8. Etage des China Hong Kong Tower, 8-12 Hennessy Road, Wan Chai, Hongkong. Das Unternehmen ist im Handelsregister von Hongkong eingetragen unter der Firmennummer 3264433.<\/p>\n\n\n\n<p><strong>1.2<\/strong>&nbsp;Der Schutz Ihrer Daten und Ihrer Privatsph\u00e4re hat f\u00fcr uns oberste Priorit\u00e4t, und wir nehmen diese Verantwortung sehr ernst. Diese Datenschutzerkl\u00e4rung, zusammen mit unserer Cookie-Richtlinie, gilt, wenn wir als Datenverantwortliche oder Datenverarbeiter die von Ihnen bereitgestellten Daten und Informationen bei der Nutzung unserer Website oder unserer Dienstleistungen verarbeiten. Diese Datenschutzerkl\u00e4rung kann durch zus\u00e4tzliche Elemente erg\u00e4nzt werden, die speziell f\u00fcr bestimmte Dienste vollst\u00e4ndig oder teilweise festgelegt sind.<\/p>\n\n\n\n<p><strong>1.3<\/strong>&nbsp;Wir verarbeiten Ihre personenbezogenen Daten in \u00dcbereinstimmung mit den Gesetzen Ihrer Rechtsordnung, und f\u00fcr Einzelpersonen und Organisationen aus Mitgliedstaaten der Europ\u00e4ischen Union (im Folgenden \u201cEU\u201d) und dem Europ\u00e4ischen Wirtschaftsraum handeln wir in \u00dcbereinstimmung mit der EU-Datenschutz-Grundverordnung (DSGVO 2016\/679) (im Folgenden \u201cDSGVO\u201d).<\/p>\n\n\n\n<p><strong>1.4<\/strong>&nbsp;Die personenbezogenen Daten, die gem\u00e4\u00df Klausel 1.3 oben verarbeitet werden, haben die Bedeutung, wie sie in Artikel 4 Absatz 1 (Definitionen) der DSGVO definiert sind. Personenbezogene Daten werden definiert als \u201calle Informationen, die sich auf eine identifizierte oder identifizierbare nat\u00fcrliche Person (\u2018betroffene Person\u2019) beziehen; als identifizierbar wird eine nat\u00fcrliche Person angesehen, die direkt oder indirekt, insbesondere durch Zuordnung zu einer Kennung wie einem Namen, zu einer Kennnummer, zu Standortdaten, zu einer Online-Kennung oder zu einem oder mehreren besonderen Merkmalen identifiziert werden kann, die Ausdruck der physischen, physiologischen, genetischen, psychischen, wirtschaftlichen, kulturellen oder sozialen Identit\u00e4t dieser nat\u00fcrlichen Person sind.\u201d<\/p>\n\n\n\n<p><strong>1.5<\/strong>&nbsp;Wenn Sie eine Kopie dieser Richtlinie in einem anderen Format ben\u00f6tigen oder Fragen oder Bedenken haben, kontaktieren Sie uns bitte per E-Mail an&nbsp;<a href=\"mailto:management@entertalkpro.com\">management@entertalkpro.com<\/a>, und wir helfen Ihnen gerne weiter.<\/p>\n\n\n\n<h2 class=\"wp-block-heading\">2. Datenerhebung und Datenverantwortlicher<\/h2>\n\n\n\n<p><strong>2.1<\/strong>&nbsp;Diese Datenschutzerkl\u00e4rung legt die Art und Weise fest, wie das Unternehmen (im Folgenden \u201cDatenverantwortlicher\u201d genannt) Ihre Daten behandeln wird, einschlie\u00dflich aller personenbezogenen Informationen, die im Rahmen der Nutzung unserer Dienstleistungen von Ihnen erhoben werden. Die Nutzung unserer Dienstleistungen umfasst unter anderem Beratungen, Eink\u00e4ufe, Anfragen oder andere Aktivit\u00e4ten, bei denen der Austausch von Informationen zwischen Ihnen und uns erforderlich ist.<\/p>\n\n\n\n<p><strong>2.2<\/strong>&nbsp;Wenn Sie unsere Website besuchen oder unsere Dienstleistungen nutzen, k\u00f6nnen wir verschiedene Arten von personenbezogenen Daten von Ihnen erfassen, die:<\/p>\n\n\n\n<ol class=\"wp-block-list\">\n<li>Pers\u00f6nliche Identifikationsdaten: wie Ihr Name, E-Mail-Adresse und andere Kontaktdaten.<\/li>\n\n\n\n<li>Demografische Daten: wie Alter, Geschlecht und Standort.<\/li>\n\n\n\n<li>Technische Daten: wie Ihr Browsertyp und -version, Ger\u00e4teinformationen und andere technische Details \u00fcber Ihren Besuch auf unserer Website.<\/li>\n\n\n\n<li>Nutzungsdaten: wie Informationen dar\u00fcber, wie Sie unsere Website und Dienste nutzen, einschlie\u00dflich der von Ihnen besuchten Seiten, der auf jeder Seite verbrachten Zeit und anderer Nutzungsmuster.<\/li>\n\n\n\n<li>Marketing- und Kommunikationspr\u00e4ferenzen: wie Ihre Pr\u00e4ferenzen f\u00fcr den Erhalt von Marketingmaterialien von uns und Ihre Kommunikationspr\u00e4ferenzen.<\/li>\n<\/ol>\n\n\n\n<p><strong>2.3<\/strong>&nbsp;Wir erfassen Ihre personenbezogenen Daten auf verschiedene Weise, einschlie\u00dflich:<\/p>\n\n\n\n<ol class=\"wp-block-list\">\n<li>Direkt von Ihnen: wenn Sie uns Informationen zur Verf\u00fcgung stellen, z. B. wenn Sie sich f\u00fcr ein Konto registrieren, Formulare ausf\u00fcllen oder mit uns kommunizieren.<\/li>\n\n\n\n<li>Automatisch: W\u00e4hrend Sie unsere Website nutzen, k\u00f6nnen wir technische und Nutzungsinformationen durch den Einsatz von Cookies und anderen \u00e4hnlichen Technologien erfassen. Weitere Informationen zu unserem Einsatz von Cookies finden Sie in unserer Cookie-Richtlinie.<\/li>\n\n\n\n<li>Von Dritten: Wir k\u00f6nnen personenbezogene Daten \u00fcber Sie von verschiedenen Dritten erhalten, wie zum Beispiel von sozialen Medienplattformen, Marketingpartnern oder Dienstleistern, die uns bei der Betreibung unserer Website und Dienste unterst\u00fctzen.<\/li>\n<\/ol>\n\n\n\n<h2 class=\"wp-block-heading\">3. Weitergabe Ihrer Daten<\/h2>\n\n\n\n<p><strong>3.1&nbsp;<\/strong>Wir k\u00f6nnen Ihre personenbezogenen Daten mit folgenden Empf\u00e4ngerkategorien teilen:<\/p>\n\n\n\n<ol class=\"wp-block-list\">\n<li>Tochtergesellschaften und verbundene Unternehmen: Wir k\u00f6nnen Ihre personenbezogenen Daten mit unseren Tochtergesellschaften und verbundenen Unternehmen f\u00fcr interne Verwaltungszwecke, Bereitstellung unserer Dienste sowie zur Aufrechterhaltung und Verbesserung unserer Website teilen.<\/li>\n\n\n\n<li>Dienstleister: Wir k\u00f6nnen Ihre personenbezogenen Daten mit Drittanbietern teilen, die uns bei der Betreibung unserer Website, Bereitstellung unserer Dienste und Abwicklung von Finanztransaktionen unterst\u00fctzen, wie z. B. Hosting-Anbieter, Zahlungsabwickler, Marketing- und Werbepartner sowie Analysedienstleister.<\/li>\n\n\n\n<li>Rechtliche und beh\u00f6rdliche Stellen: Wir k\u00f6nnen Ihre personenbezogenen Daten offenlegen, wenn dies gesetzlich vorgeschrieben ist, in Reaktion auf eine g\u00fcltige rechtliche Anforderung oder wenn es notwendig ist, unsere Rechte und Interessen zu sch\u00fctzen.<\/li>\n\n\n\n<li>Gesch\u00e4fts\u00fcbertragungen: Im Falle einer Gesch\u00e4fts\u00fcbertragung wie Fusionen, \u00dcbernahmen oder Verkauf unserer Verm\u00f6genswerte k\u00f6nnen Ihre personenbezogenen Daten im Rahmen der Transaktion an den neuen Eigent\u00fcmer oder Dritte \u00fcbertragen werden.<\/li>\n<\/ol>\n\n\n\n<p><strong>3.2<\/strong>&nbsp;Wir werden Ihre personenbezogenen Daten nur insoweit offenlegen, wie es zur Erf\u00fcllung der in dieser Datenschutzerkl\u00e4rung beschriebenen Zwecke erforderlich ist. Wir stellen sicher, dass alle Drittanbieter, mit denen wir zusammenarbeiten, sich zur Einhaltung des geltenden Datenschutzrechts und unserer Datenschutzerkl\u00e4rung verpflichten.<\/p>\n\n\n\n<p><strong>3.3&nbsp;<\/strong>Bitte beachten Sie, dass, obwohl wir angemessene Software und Verfahren zur Verhinderung von Datenverletzungen einsetzen, die von Ihnen \u00fcber unsere Website bereitgestellten Informationen aufgrund b\u00f6sartiger Handlungen potenziell von anderen Internetnutzern eingesehen werden k\u00f6nnten.<\/p>\n\n\n\n<p><strong>3.4<\/strong>&nbsp;Alle Datenfreigabebeziehungen zwischen uns und Drittanbietern unterliegen einer Datenfreigabevereinbarung, in der angemessene Sicherheitsma\u00dfnahmen in unsere vertragliche Beziehung mit ihnen aufgenommen sind.<\/p>\n\n\n\n<h2 class=\"wp-block-heading\">4. Rechtsgrundlage f\u00fcr die Erhebung personenbezogener Daten<\/h2>\n\n\n\n<p><strong>4.1<\/strong>&nbsp;Wir erheben und verarbeiten Ihre personenbezogenen Daten auf Grundlage einer oder mehrerer der folgenden Rechtsgrundlagen:<\/p>\n\n\n\n<ol class=\"wp-block-list\">\n<li>Einwilligung: In einigen F\u00e4llen k\u00f6nnen wir um Ihre Einwilligung zur Verarbeitung Ihrer personenbezogenen Daten bitten, z. B. wenn Sie sich f\u00fcr unseren Newsletter anmelden oder der Verwendung von Cookies zustimmen. Sie haben das Recht, Ihre Einwilligung jederzeit zu widerrufen, ohne dass die Rechtm\u00e4\u00dfigkeit der Verarbeitung vor dem Widerruf beeintr\u00e4chtigt wird.<\/li>\n\n\n\n<li>Vertragserf\u00fcllung: Wir k\u00f6nnen Ihre personenbezogenen Daten verarbeiten, wenn dies zur Erf\u00fcllung eines Vertrags erforderlich ist, an dem Sie beteiligt sind, oder um vor Vertragsschluss auf Ihre Anfrage hin t\u00e4tig zu werden.<\/li>\n\n\n\n<li>Gesetzliche Verpflichtungen: Wir k\u00f6nnen Ihre personenbezogenen Daten verarbeiten, um unseren gesetzlichen Verpflichtungen nachzukommen, z. B. Steuer- und Buchhaltungsvorschriften oder um auf g\u00fcltige rechtliche Anfragen von Beh\u00f6rden zu reagieren.<\/li>\n\n\n\n<li>Berechtigte Interessen: Wir k\u00f6nnen Ihre personenbezogenen Daten verarbeiten, wenn dies zur Wahrung unserer oder der berechtigten Interessen Dritter erforderlich ist, sofern Ihre Interessen und Grundrechte diese Interessen nicht \u00fcberwiegen. Beispiele f\u00fcr berechtigte Interessen sind die Aufrechterhaltung und Verbesserung unserer Website, die Bereitstellung unserer Dienste und die Durchf\u00fchrung von Marketingaktivit\u00e4ten.<\/li>\n<\/ol>\n\n\n\n<h2 class=\"wp-block-heading\">5. Arten von erhobenen personenbezogenen Daten<\/h2>\n\n\n\n<p><strong>5.1<\/strong>&nbsp;Wir erfassen verschiedene Arten von personenbezogenen Daten von Ihnen, abh\u00e4ngig von Ihrer Interaktion mit unserer Website. Die Arten von personenbezogenen Daten, die wir erfassen, k\u00f6nnen Folgendes umfassen:<\/p>\n\n\n\n<ol class=\"wp-block-list\">\n<li>Kontaktdaten: wie Ihr Name, Geburtsdatum und E-Mail-Adresse.<\/li>\n\n\n\n<li>Nutzungsdaten: wie Informationen \u00fcber Ihre Nutzung unserer Website und Dienste, einschlie\u00dflich besuchter Seiten, verbrachter Zeit auf den Seiten und anderen Nutzungsmustern.<\/li>\n\n\n\n<li>Technische Daten: wie Browsertyp und -version, Betriebssystem und andere technische Details \u00fcber Ihren Besuch auf unserer Website.<\/li>\n<\/ol>\n\n\n\n<p><strong>5.2<\/strong>&nbsp;Wir k\u00f6nnen auch besondere Kategorien von personenbezogenen Daten (auch als sensible personenbezogene Daten bezeichnet), wie Informationen \u00fcber Ihre Gesundheit oder andere sensible Informationen, erfassen, jedoch nur mit Ihrer ausdr\u00fccklichen Einwilligung oder wenn dies gesetzlich vorgeschrieben oder erlaubt ist. Wir werden Sie immer \u00fcber den spezifischen Zweck und die rechtliche Grundlage f\u00fcr die Erhebung dieser Art von personenbezogenen Daten informieren.<\/p>\n\n\n\n<h2 class=\"wp-block-heading\">6. Zweck der Verarbeitung und Nutzung Ihrer personenbezogenen Daten<\/h2>\n\n\n\n<p><strong>6.1&nbsp;<\/strong>Wir verarbeiten und nutzen Ihre personenbezogenen Daten f\u00fcr verschiedene Zwecke, einschlie\u00dflich:<\/p>\n\n\n\n<ol class=\"wp-block-list\">\n<li>Bereitstellung eines angemessenen Kundenservice, einschlie\u00dflich Beantwortung Ihrer Anfragen und Bearbeitung von Anliegen, die Sie haben k\u00f6nnten.<\/li>\n\n\n\n<li>Gew\u00e4hrleistung des reibungslosen Betriebs unserer Dienste und Website, einschlie\u00dflich des Managements, der Wartung und Verbesserung unserer Dienste.<\/li>\n\n\n\n<li>Sicherstellung und Aufrechterhaltung unserer Kundenbeziehung mit Ihnen sowie Kommunikation mit Ihnen, soweit angemessen.<\/li>\n\n\n\n<li>Erfassung von Informationen dar\u00fcber, wie unsere Kunden unsere Dienste nutzen, um diese Informationen zu analysieren und unsere Dienste zu verbessern.<\/li>\n\n\n\n<li>Aufrechterhaltung und Verbesserung unserer Webdienste mithilfe von Analysetools.<\/li>\n\n\n\n<li>Speicherung und Nutzung der von Ihnen bereitgestellten Informationen im Zusammenhang mit rechtlichen Verfahren.<\/li>\n\n\n\n<li>Informieren unserer Kunden \u00fcber zuk\u00fcnftige Werbe- und Marketingkampagnen und sicherstellen, dass nur relevante Informationen an sie gesendet werden.<\/li>\n\n\n\n<li>Schutz der Sicherheit und Integrit\u00e4t unserer Website, Dienste und Benutzerdaten.<\/li>\n\n\n\n<li>Verarbeitung von Zahlungen f\u00fcr unsere Dienste.<\/li>\n\n\n\n<li>Zur Bek\u00e4mpfung von Betrug oder illegalen Aktivit\u00e4ten, die gegen unsere Website gerichtet sind.<\/li>\n<\/ol>\n\n\n\n<p>Bitte beachten Sie, dass wir Ihre personenbezogenen Daten f\u00fcr mehr als einen Zweck verarbeiten k\u00f6nnen, wenn die rechtliche Grundlage f\u00fcr die Verarbeitung f\u00fcr jeden Zweck unterschiedlich ist.<\/p>\n\n\n\n<h2 class=\"wp-block-heading\">7. Verwendung personenbezogener Daten<\/h2>\n\n\n\n<p><strong>7.1&nbsp;<\/strong>Wir verwenden Ihre personenbezogenen Daten f\u00fcr die in dieser Datenschutzerkl\u00e4rung beschriebenen Zwecke und gem\u00e4\u00df der in Abschnitt 4 festgelegten rechtlichen Grundlage f\u00fcr die Verarbeitung.<\/p>\n\n\n\n<p><strong>7.2&nbsp;<\/strong>Wir werden Ihre personenbezogenen Daten nur f\u00fcr die Zwecke verwenden, f\u00fcr die wir sie erhoben haben, es sei denn, wir halten es f\u00fcr vern\u00fcnftig, dass wir sie f\u00fcr einen anderen Zweck verwenden m\u00fcssen, der mit dem urspr\u00fcnglichen Zweck vereinbar ist. Wenn wir Ihre personenbezogenen Daten f\u00fcr einen nicht verwandten Zweck verwenden m\u00fcssen, werden wir Sie benachrichtigen und die rechtliche Grundlage erl\u00e4utern, die es uns erm\u00f6glicht, dies zu tun.<\/p>\n\n\n\n<p><strong>7.3<\/strong>&nbsp;Wir k\u00f6nnen Ihre personenbezogenen Daten aggregieren oder anonymisieren, sodass sie nicht mehr mit Ihnen in Verbindung gebracht werden k\u00f6nnen. In diesem Fall gelten sie nicht mehr als personenbezogene Daten. Wir k\u00f6nnen diese aggregierten oder anonymisierten Daten f\u00fcr Forschung, Analyse oder andere Zwecke ohne Einschr\u00e4nkung verwenden.<\/p>\n\n\n\n<h2 class=\"wp-block-heading\">8. Datenschutzrechte<\/h2>\n\n\n\n<p>Gem\u00e4\u00df der Datenschutz-Grundverordnung (DSGVO) haben Sie bestimmte Rechte in Bezug auf Ihre personenbezogenen Daten. Diese Rechte werden von dieser Richtlinie nicht beeintr\u00e4chtigt. Die Rechte der betroffenen Person gem\u00e4\u00df Artikel 13 Absatz 2 der DSGVO umfassen Folgendes:<\/p>\n\n\n\n<ul class=\"wp-block-list\">\n<li>Das Recht auf Zugang zu Ihren Daten: Sie haben das Recht, Zugang zu einer Kopie der von uns \u00fcber Sie gespeicherten Daten zu verlangen.<\/li>\n\n\n\n<li>Das Recht auf Berichtigung, mit dem Sie verlangen k\u00f6nnen, dass wir Ihre Daten korrigieren oder l\u00f6schen.<\/li>\n\n\n\n<li>Das Recht, Ihre Einwilligung zu widerrufen, was die Aufhebung zuvor erteilter Einwilligungen und die Aufhebung der rechtlichen Grundlage f\u00fcr die Verarbeitung Ihrer Daten beinhaltet.<\/li>\n\n\n\n<li>Das Recht, die Verwendung Ihrer Daten einzuschr\u00e4nken, einschlie\u00dflich des Rechts, der Verarbeitung Ihrer Daten zu widersprechen.<\/li>\n\n\n\n<li>Das Recht auf L\u00f6schung Ihrer Daten, allgemein als \u201cRecht auf Vergessenwerden\u201d bekannt.<\/li>\n\n\n\n<li>Das Recht, bei der zust\u00e4ndigen nationalen Aufsichtsbeh\u00f6rde eine Beschwerde bez\u00fcglich der Verarbeitung Ihrer Daten einzureichen.<\/li>\n<\/ul>\n\n\n\n<p>Die genannten Rechte unterliegen bestimmten Einschr\u00e4nkungen und Ausnahmen, die hier eingesehen werden k\u00f6nnen: (https:\/\/edpb.europa.eu\/our-work-tools\/general-guidance\/guidelines-recommendations-best-practices_en)<\/p>\n\n\n\n<h2 class=\"wp-block-heading\">9. Aus\u00fcbung Ihrer Rechte<\/h2>\n\n\n\n<p>Wenn Sie eines der in Abschnitt 8 genannten Rechte aus\u00fcben m\u00f6chten, senden Sie uns bitte zun\u00e4chst eine E-Mail an&nbsp;<a href=\"mailto:management@entertalkpro.com\">management@entertalkpro.com<\/a>, damit wir Sie dabei unterst\u00fctzen k\u00f6nnen. Um den aktuellen Datenschutzbestimmungen gerecht zu werden, m\u00fcssen wir Ihre Identit\u00e4t \u00fcberpr\u00fcfen.<\/p>\n\n\n\n<h2 class=\"wp-block-heading\">10. Datenspeicherung und -aufbewahrung<\/h2>\n\n\n\n<p><strong>10.1<\/strong>&nbsp;Wir speichern Ihre personenbezogenen Daten auf sicheren Servern und setzen geeignete technische und organisatorische Ma\u00dfnahmen ein, um Ihre personenbezogenen Daten vor unbeabsichtigtem oder rechtswidrigem Verlust, Ver\u00e4nderung, Offenlegung oder Zugriff zu sch\u00fctzen.<\/p>\n\n\n\n<p><strong>10.2<\/strong>&nbsp;Wir speichern Ihre personenbezogenen Daten nur so lange, wie es zur Erf\u00fcllung der Zwecke, f\u00fcr die sie erhoben wurden, erforderlich ist, einschlie\u00dflich der Erf\u00fcllung etwaiger rechtlicher, buchhalterischer oder Berichtspflichten. Die Aufbewahrungsfrist kann je nach Art der personenbezogenen Daten und den spezifischen Umst\u00e4nden, in denen sie erhoben wurden, variieren.<\/p>\n\n\n\n<p><strong>10.3<\/strong>&nbsp;Wenn Ihre personenbezogenen Daten f\u00fcr die Zwecke, f\u00fcr die sie erhoben wurden, nicht mehr erforderlich sind, werden wir sie sicher l\u00f6schen oder anonymisieren. In einigen F\u00e4llen k\u00f6nnen wir aggregierte oder anonymisierte Daten zu statistischen Zwecken aufbewahren, sofern diese Daten nicht mehr zur Identifizierung Ihrer Person verwendet werden k\u00f6nnen.<\/p>\n\n\n\n<h2 class=\"wp-block-heading\">11. Sicherheitsma\u00dfnahmen f\u00fcr Ihre Daten<\/h2>\n\n\n\n<p><strong>11.1<\/strong>&nbsp;Wir nehmen den Schutz Ihrer personenbezogenen Daten ernst und setzen geeignete technische und organisatorische Ma\u00dfnahmen ein, um sie vor unbefugtem Zugriff, Offenlegung, Ver\u00e4nderung oder Zerst\u00f6rung zu sch\u00fctzen. Diese Ma\u00dfnahmen k\u00f6nnen unter anderem Folgendes umfassen:<\/p>\n\n\n\n<ol class=\"wp-block-list\">\n<li>Sichere Server und Firewalls;<\/li>\n\n\n\n<li>Datenverschl\u00fcsselung;<\/li>\n\n\n\n<li>Eingeschr\u00e4nkter Zugriff auf personenbezogene Daten nur durch autorisiertes Personal;<\/li>\n\n\n\n<li>Regelm\u00e4\u00dfige Sicherheitspr\u00fcfungen und Schwachstellenbewertungen;<\/li>\n\n\n\n<li>Schulungen der Mitarbeiter zum Datenschutz und zur Privatsph\u00e4re.<\/li>\n<\/ol>\n\n\n\n<p><strong>11.2<\/strong>&nbsp;Trotz unserer Bem\u00fchungen, Ihre personenbezogenen Daten zu sch\u00fctzen, k\u00f6nnen wir die absolute Sicherheit Ihrer \u00fcber das Internet \u00fcbertragenen Daten oder auf unseren Servern gespeicherten Daten nicht garantieren. Jede \u00dcbertragung personenbezogener Daten erfolgt auf Ihr eigenes Risiko, und wir empfehlen Ihnen, geeignete Ma\u00dfnahmen zum Schutz Ihrer personenbezogenen Daten zu ergreifen, wenn Sie unsere Website oder Dienste nutzen.<\/p>\n\n\n\n<h2 class=\"wp-block-heading\">12. Websites von Dritten<\/h2>\n\n\n\n<p><strong>12.1&nbsp;<\/strong>Unsere Website kann Links zu Websites oder Diensten von Drittanbietern enthalten, die nicht von uns betrieben oder kontrolliert werden. Wir sind nicht verantwortlich f\u00fcr den Inhalt, die Datenschutzrichtlinien oder die Praktiken von Dritten.<\/p>\n\n\n\n<p><strong>12.2<\/strong>&nbsp;Diese Datenschutzrichtlinie gilt nur f\u00fcr unsere Website und Dienste, und wir k\u00f6nnen nicht f\u00fcr personenbezogene Daten verantwortlich gemacht werden, die Sie an Dritte weitergeben oder die von Dritten erfasst werden, selbst wenn Sie \u00fcber unsere Website auf diese Dritten zugreifen. Wir empfehlen Ihnen, die Datenschutzrichtlinien aller Drittanbieter-Websites oder -Dienste, die Sie besuchen, zu \u00fcberpr\u00fcfen, um sicherzustellen, dass Ihre personenbezogenen Daten mit demselben Schutzniveau behandelt werden wie bei der Nutzung unserer Website oder Dienste.<\/p>\n\n\n\n<h2 class=\"wp-block-heading\">13. \u00c4nderungen dieser Datenschutzrichtlinie<\/h2>\n\n\n\n<p><strong>13.1<\/strong>&nbsp;Wir k\u00f6nnen diese Datenschutzrichtlinie von Zeit zu Zeit aktualisieren oder \u00e4ndern, um \u00c4nderungen in unseren Datenverarbeitungspraktiken, den von uns angebotenen Diensten oder geltenden rechtlichen Anforderungen widerzuspiegeln. Wenn wir \u00c4nderungen an dieser Datenschutzrichtlinie vornehmen, werden wir Sie durch Ver\u00f6ffentlichung einer aktualisierten Version auf unserer Website benachrichtigen, und wir k\u00f6nnen Ihnen auch eine E-Mail senden oder andere geeignete Benachrichtigungen bereitstellen. Die aktualisierte Datenschutzrichtlinie wird ab dem Datum ihrer Ver\u00f6ffentlichung auf unserer Website wirksam sein.<\/p>\n\n\n\n<p><strong>13.2<\/strong>&nbsp;Wir empfehlen Ihnen, diese Datenschutzrichtlinie regelm\u00e4\u00dfig zu \u00fcberpr\u00fcfen, um \u00fcber unsere Datenschutzpraktiken auf dem Laufenden zu bleiben und sicherzustellen, dass Sie \u00fcber etwaige \u00c4nderungen informiert sind. Ihre fortgesetzte Nutzung unserer Website oder Dienste nach dem wirksamen Datum der aktualisierten Datenschutzrichtlinie stellt Ihre Zustimmung zu den \u00c4nderungen dar.<\/p>\n\n\n\n<h2 class=\"wp-block-heading\">14. Kontaktinformationen<\/h2>\n\n\n\n<p><strong>14.1<\/strong>&nbsp;Wenn Sie Fragen, Bedenken oder Kommentare zu dieser Datenschutzrichtlinie, unseren Datenverarbeitungspraktiken oder Ihren Rechten in Bezug auf Ihre personenbezogenen Daten haben, k\u00f6nnen Sie uns gerne \u00fcber die folgenden Kontaktdaten erreichen:<\/p>\n\n\n\n<ul class=\"wp-block-list\">\n<li>Firmenname: EnterTalkPro Ltd<\/li>\n\n\n\n<li>Adresse: 8. Stock, China Hong Kong Tower, 8-12 Hennessy Road, Wan Chai, Hongkong<\/li>\n\n\n\n<li>E-Mail:&nbsp;<a href=\"mailto:management@entertalkpro.com\">management@entertalkpro.com<\/a><\/li>\n<\/ul>\n\n\n\n<p><strong>14.2<\/strong>&nbsp;Wir sind bestrebt, Ihre Anliegen anzusprechen und eventuelle Probleme im Zusammenhang mit der Verarbeitung Ihrer personenbezogenen Daten zu l\u00f6sen. Wenn Sie der Ansicht sind, dass wir Ihre Bedenken nicht angemessen behandelt haben, haben Sie das Recht, eine Beschwerde bei der zust\u00e4ndigen Datenschutzbeh\u00f6rde in Ihrem Zust\u00e4ndigkeitsbereich einzureichen.<\/p>\n","protected":false},"excerpt":{"rendered":"<p>1. Einf\u00fchrung 1.1&nbsp;Diese Website geh\u00f6rt EnterTalkPro Ltd (\u201cdas Unternehmen\u201d) und wird von diesem verwaltet. Der Firmensitz befindet sich in der 8. Etage des China Hong Kong Tower, 8-12 Hennessy Road, Wan Chai, Hongkong. Das Unternehmen ist im Handelsregister von Hongkong eingetragen unter der Firmennummer 3264433. 1.2&nbsp;Der Schutz Ihrer Daten und Ihrer Privatsph\u00e4re hat f\u00fcr uns &#8230; <a title=\"Datenschutz\" class=\"read-more\" href=\"https:\/\/textingfactory.com\/de\/datenschutz\/\" aria-label=\"Mehr Informationen \u00fcber Datenschutz\">Weiterlesen \u2192<\/a><\/p>\n","protected":false},"author":4,"featured_media":0,"parent":0,"menu_order":0,"comment_status":"closed","ping_status":"open","template":"","meta":{"_pvb_checkbox_block_on_post":false,"footnotes":""},"class_list":{"0":"post-1964","1":"page","2":"type-page","3":"status-publish","5":"infinite-scroll-item"},"_links":{"self":[{"href":"https:\/\/textingfactory.com\/de\/wp-json\/wp\/v2\/pages\/1964","targetHints":{"allow":["GET"]}}],"collection":[{"href":"https:\/\/textingfactory.com\/de\/wp-json\/wp\/v2\/pages"}],"about":[{"href":"https:\/\/textingfactory.com\/de\/wp-json\/wp\/v2\/types\/page"}],"author":[{"embeddable":true,"href":"https:\/\/textingfactory.com\/de\/wp-json\/wp\/v2\/users\/4"}],"replies":[{"embeddable":true,"href":"https:\/\/textingfactory.com\/de\/wp-json\/wp\/v2\/comments?post=1964"}],"version-history":[{"count":2,"href":"https:\/\/textingfactory.com\/de\/wp-json\/wp\/v2\/pages\/1964\/revisions"}],"predecessor-version":[{"id":1966,"href":"https:\/\/textingfactory.com\/de\/wp-json\/wp\/v2\/pages\/1964\/revisions\/1966"}],"wp:attachment":[{"href":"https:\/\/textingfactory.com\/de\/wp-json\/wp\/v2\/media?parent=1964"}],"curies":[{"name":"wp","href":"https:\/\/api.w.org\/{rel}","templated":true}]}}