{"id":1952,"date":"2021-11-18T21:49:33","date_gmt":"2021-11-19T02:49:33","guid":{"rendered":"https:\/\/textingfactory.com\/?page_id=1952"},"modified":"2024-03-01T05:36:54","modified_gmt":"2024-03-01T10:36:54","slug":"faq","status":"publish","type":"page","link":"https:\/\/textingfactory.com\/de\/faq\/","title":{"rendered":"FAQ"},"content":{"rendered":"<section class=\"gb-container gb-container-e50fa2a2\">\n\n<p class=\"gb-headline gb-headline-56fd3281 gb-headline-text\">Antworten auf all Deine Fragen<\/p>\n\n\n\n<h2 class=\"gb-headline gb-headline-546ccb39 gb-headline-text\">H\u00e4ufig <mark class=\"gb-highlight\">gestellte<\/mark> Fragen<\/h2>\n\n<\/section>\n\n<section class=\"gb-container gb-container-756dddac faq\">\n<div class=\"gb-container gb-container-acf4b13b\">\n<div class=\"gb-container gb-container-c90f3ea0\">\n<div id=\"rank-math-faq\" class=\"rank-math-block\">\n<div class=\"rank-math-list \">\n<div id=\"faq-question-1688548267071\" class=\"rank-math-list-item\">\n<h6 class=\"rank-math-question \">Was brauche ich, um loszulegen?<\/h6>\n<div class=\"rank-math-answer \">\n\n<p>Du ben\u00f6tigst eine Internetverbindung und einen PC oder Laptop\u00a0 &#8211; dann wirst du geschult. Anschlie\u00dfend bist du ein zugelassener Chat-Moderator und kannst von deinem Handy, Tablet oder PC und Laptop aus arbeiten. Die Entscheidung liegt bei dir.<\/p>\n\n<\/div>\n<\/div>\n<div id=\"faq-question-1688548369887\" class=\"rank-math-list-item\">\n<h6 class=\"rank-math-question \">Welche Art von Besch\u00e4ftigung werde ich haben und bekomme ich einen Vertrag?<\/h6>\n<div class=\"rank-math-answer \">\n\n<p>Du wirst als Freiberufler eingestellt und musst unseren Freiberuflervertrag (AGB) unterschreiben.<\/p>\n\n<\/div>\n<\/div>\n<div id=\"faq-question-1688548382440\" class=\"rank-math-list-item\">\n<h6 class=\"rank-math-question \">Verpflichte ich mich zu einer bestimmten Arbeitsdauer bei der Zusammenarbeit mit euch?<\/h6>\n<div class=\"rank-math-answer \">\n\n<p>Nein. Als Freiberufler kannst du die Arbeit beenden, wann immer du willst.<\/p>\n\n<\/div>\n<\/div>\n<div id=\"faq-question-1688548390273\" class=\"rank-math-list-item\">\n<h6 class=\"rank-math-question \">Muss ich irgendwelche Geb\u00fchren zahlen, bevor ich eingestellt werde?<\/h6>\n<div class=\"rank-math-answer \">\n\n<p>Auf gar keinen Fall. Wir werden niemals irgendeine Art von Geb\u00fchren oder Kosten verlangen.<\/p>\n\n<\/div>\n<\/div>\n<div id=\"faq-question-1688548429659\" class=\"rank-math-list-item\">\n<h6 class=\"rank-math-question \">Wie schnell kann ich anfangen zu arbeiten?<\/h6>\n<div class=\"rank-math-answer \">\n\n<p>Der gesamte Prozess von der Anmeldung bis zum Arbeitsstart ist in der Regel innerhalb von 3 Tagen abgeschlossen.<\/p>\n\n<\/div>\n<\/div>\n<div id=\"faq-question-1688548438875\" class=\"rank-math-list-item\">\n<h6 class=\"rank-math-question \">Spielt es eine Rolle, welches Geschlecht ich habe?<\/h6>\n<div class=\"rank-math-answer \">\n\n<p>Das Geschlecht spielt \u00fcberhaupt keine Rolle und wir hei\u00dfen jeden willkommen. Wichtig ist, dass du \u00fcber 18 Jahre alt und bereit bist, zu arbeiten und Spa\u00df zu haben.<\/p>\n\n<\/div>\n<\/div>\n<\/div>\n<\/div>\n<\/div>\n\n<div class=\"gb-container gb-container-a05c08fa\">\n<div id=\"rank-math-faq\" class=\"rank-math-block\">\n<div class=\"rank-math-list \">\n<div id=\"faq-question-1688548458046\" class=\"rank-math-list-item\">\n<h6 class=\"rank-math-question \">Kann ich anonym bleiben, w\u00e4hrend ich f\u00fcr euch arbeite?<\/h6>\n<div class=\"rank-math-answer \">\n\n<p>Ja, immer! Du meldest dich mit einem einmaligen Benutzernamen und Passwort bei unserer Plattform an und antwortest anonym und sicher auf Nachrichten auf unserer Plattform. Deine wahre Identit\u00e4t und deine pers\u00f6nlichen Daten werden niemals an Dritte weitergegeben und du bleibst garantiert anonym, wenn du f\u00fcr uns arbeitest.<\/p>\n\n<\/div>\n<\/div>\n<div id=\"faq-question-1688548482061\" class=\"rank-math-list-item\">\n<h6 class=\"rank-math-question \">Kann ich auf der Plattform, auf der ich arbeite, erkannt werden?<\/h6>\n<div class=\"rank-math-answer \">\n\n<p>Nein, wenn du f\u00fcr uns arbeitest, ist deine Anonymit\u00e4t absolut gew\u00e4hrleistet. Du betreibst den Chat nur mit Textnachrichten.<\/p>\n\n<\/div>\n<\/div>\n<div id=\"faq-question-1688548511295\" class=\"rank-math-list-item\">\n<h6 class=\"rank-math-question \">Warum m\u00fcsst ihr meine Identit\u00e4t \u00fcberpr\u00fcfen?<\/h6>\n<div class=\"rank-math-answer \">\n\n<p>Wir m\u00fcssen deine Identit\u00e4t best\u00e4tigen, um sicherzustellen, dass du \u00fcber 18 Jahre alt bist und wir die richtige Person bezahlen.<\/p>\n\n<\/div>\n<\/div>\n<div id=\"faq-question-1688548526213\" class=\"rank-math-list-item\">\n<h6 class=\"rank-math-question \">Wer pr\u00fcft meine Identit\u00e4t?<\/h6>\n<div class=\"rank-math-answer \">\n\n<p>F\u00fcr die \u00dcberpr\u00fcfung von Identit\u00e4ten haben wir eine Partnerschaft mit Evalid geschlossen. Evalid wird deinen Ausweis pr\u00fcfen und uns mitteilen, ob alles in Ordnung ist.<\/p>\n\n<\/div>\n<\/div>\n<div id=\"faq-question-1688548528315\" class=\"rank-math-list-item\">\n<h6 class=\"rank-math-question \">Wann und wie werde ich bezahlt?<\/h6>\n<div class=\"rank-math-answer \">\n\n<p>Wir zahlen die Geh\u00e4lter w\u00f6chentlich aus, \u00fcber einen Online-Zahlungsanbieter (z. B. Bitsafe usw.) oder Bank\u00fcberweisung. Du kannst somit als Chat-Moderator von Woche zu Woche Geld verdienen. Wir haben ein Versprechen &#8211; wir zahlen immer p\u00fcnktlich! <\/p>\n\n<\/div>\n<\/div>\n<div id=\"faq-question-1688548529358\" class=\"rank-math-list-item\">\n<h6 class=\"rank-math-question \">Wie viel kann ich erwarten zu verdienen?<\/h6>\n<div class=\"rank-math-answer \">\n\n<p>Wie viel Geld du verdienst, h\u00e4ngt davon ab, wie viel Arbeit du investierst. Du wirst pro Nachricht, die du versendest, bezahlt. Einige Chatmoderatoren verdienen ein sehr gutes Gehalt, w\u00e4hrend andere einfach nur etwas zus\u00e4tzliches Taschengeld genie\u00dfen.<\/p>\n\n<\/div>\n<\/div>\n<div id=\"faq-question-1688548530162\" class=\"rank-math-list-item\">\n<h6 class=\"rank-math-question \">Kann ich von dieser Arbeit normal leben?<\/h6>\n<div class=\"rank-math-answer \">\n\n<p>Ja, es gibt Leute, die diesen Job hauptberuflich aus\u00fcben, es ist also durchaus m\u00f6glich. Die meisten unserer Moderatoren entscheiden sich, diese T\u00e4tigkeit als Teilzeitjob auszuf\u00fchren, neben einem anderen Job.<\/p>\n\n<\/div>\n<\/div>\n<\/div>\n<\/div>\n<\/div>\n<\/div>\n<\/section>","protected":false},"excerpt":{"rendered":"","protected":false},"author":4,"featured_media":0,"parent":0,"menu_order":0,"comment_status":"closed","ping_status":"closed","template":"","meta":{"_pvb_checkbox_block_on_post":false,"footnotes":""},"class_list":{"0":"post-1952","1":"page","2":"type-page","3":"status-publish","5":"infinite-scroll-item"},"_links":{"self":[{"href":"https:\/\/textingfactory.com\/de\/wp-json\/wp\/v2\/pages\/1952","targetHints":{"allow":["GET"]}}],"collection":[{"href":"https:\/\/textingfactory.com\/de\/wp-json\/wp\/v2\/pages"}],"about":[{"href":"https:\/\/textingfactory.com\/de\/wp-json\/wp\/v2\/types\/page"}],"author":[{"embeddable":true,"href":"https:\/\/textingfactory.com\/de\/wp-json\/wp\/v2\/users\/4"}],"replies":[{"embeddable":true,"href":"https:\/\/textingfactory.com\/de\/wp-json\/wp\/v2\/comments?post=1952"}],"version-history":[{"count":2,"href":"https:\/\/textingfactory.com\/de\/wp-json\/wp\/v2\/pages\/1952\/revisions"}],"predecessor-version":[{"id":2097,"href":"https:\/\/textingfactory.com\/de\/wp-json\/wp\/v2\/pages\/1952\/revisions\/2097"}],"wp:attachment":[{"href":"https:\/\/textingfactory.com\/de\/wp-json\/wp\/v2\/media?parent=1952"}],"curies":[{"name":"wp","href":"https:\/\/api.w.org\/{rel}","templated":true}]}}